{"id":417,"date":"2025-10-30T11:52:48","date_gmt":"2025-10-30T11:52:48","guid":{"rendered":"https:\/\/anewway.eu\/?page_id=417"},"modified":"2025-10-30T11:55:58","modified_gmt":"2025-10-30T11:55:58","slug":"usb-c2","status":"publish","type":"page","link":"https:\/\/anewway.eu\/sv\/usb-c2","title":{"rendered":"USB-C till USB-C-kabel f\u00f6r nyckelband"},"content":{"rendered":"<div class=\"wp-block-group alignfull has-accent-5-background-color has-background has-global-padding is-layout-constrained wp-container-core-group-is-layout-d89aad35 wp-block-group-is-layout-constrained\" style=\"margin-top:0;margin-bottom:0;padding-top:var(--wp--preset--spacing--50);padding-right:var(--wp--preset--spacing--50);padding-bottom:var(--wp--preset--spacing--50);padding-left:var(--wp--preset--spacing--50)\">\n<div class=\"wp-block-columns alignwide is-layout-flex wp-container-core-columns-is-layout-1da03c2a wp-block-columns-is-layout-flex\">\n<div class=\"wp-block-column is-vertically-aligned-center is-layout-flow wp-block-column-is-layout-flow\" style=\"flex-basis:60%\">\n<figure class=\"wp-block-gallery has-nested-images columns-default is-cropped wp-block-gallery-1 is-layout-flex wp-block-gallery-is-layout-flex\">\n<figure class=\"wp-block-image size-large is-resized\"><img loading=\"lazy\" decoding=\"async\" width=\"1024\" height=\"1024\" data-id=\"411\" src=\"http:\/\/anewway.eu\/wp-content\/uploads\/2025\/10\/ON-CB-P120-1-1024x1024.png\" alt=\"\" class=\"wp-image-411\" style=\"width:244px;height:auto\" srcset=\"https:\/\/anewway.eu\/wp-content\/uploads\/2025\/10\/ON-CB-P120-1-1024x1024.png 1024w, https:\/\/anewway.eu\/wp-content\/uploads\/2025\/10\/ON-CB-P120-1-300x300.png 300w, https:\/\/anewway.eu\/wp-content\/uploads\/2025\/10\/ON-CB-P120-1-150x150.png 150w, https:\/\/anewway.eu\/wp-content\/uploads\/2025\/10\/ON-CB-P120-1-768x768.png 768w, https:\/\/anewway.eu\/wp-content\/uploads\/2025\/10\/ON-CB-P120-1-12x12.png 12w, https:\/\/anewway.eu\/wp-content\/uploads\/2025\/10\/ON-CB-P120-1.png 1500w\" sizes=\"auto, (max-width: 1024px) 100vw, 1024px\" \/><\/figure>\n\n\n\n<figure class=\"wp-block-image size-large is-resized\"><img loading=\"lazy\" decoding=\"async\" width=\"1024\" height=\"1024\" data-id=\"412\" src=\"http:\/\/anewway.eu\/wp-content\/uploads\/2025\/10\/ON-CB-P030-1-1024x1024.png\" alt=\"\" class=\"wp-image-412\" style=\"width:244px;height:auto\" srcset=\"https:\/\/anewway.eu\/wp-content\/uploads\/2025\/10\/ON-CB-P030-1-1024x1024.png 1024w, https:\/\/anewway.eu\/wp-content\/uploads\/2025\/10\/ON-CB-P030-1-300x300.png 300w, https:\/\/anewway.eu\/wp-content\/uploads\/2025\/10\/ON-CB-P030-1-150x150.png 150w, https:\/\/anewway.eu\/wp-content\/uploads\/2025\/10\/ON-CB-P030-1-768x768.png 768w, https:\/\/anewway.eu\/wp-content\/uploads\/2025\/10\/ON-CB-P030-1-12x12.png 12w, https:\/\/anewway.eu\/wp-content\/uploads\/2025\/10\/ON-CB-P030-1.png 1500w\" sizes=\"auto, (max-width: 1024px) 100vw, 1024px\" \/><\/figure>\n<\/figure>\n\n\n\n<figure class=\"wp-block-gallery has-nested-images columns-default is-cropped wp-block-gallery-2 is-layout-flex wp-block-gallery-is-layout-flex\">\n<figure class=\"wp-block-image size-large is-resized\"><img loading=\"lazy\" decoding=\"async\" width=\"1024\" height=\"1024\" data-id=\"413\" src=\"http:\/\/anewway.eu\/wp-content\/uploads\/2025\/10\/ON-CB-B120-1-1024x1024.png\" alt=\"\" class=\"wp-image-413\" style=\"width:244px;height:auto\" srcset=\"https:\/\/anewway.eu\/wp-content\/uploads\/2025\/10\/ON-CB-B120-1-1024x1024.png 1024w, https:\/\/anewway.eu\/wp-content\/uploads\/2025\/10\/ON-CB-B120-1-300x300.png 300w, https:\/\/anewway.eu\/wp-content\/uploads\/2025\/10\/ON-CB-B120-1-150x150.png 150w, https:\/\/anewway.eu\/wp-content\/uploads\/2025\/10\/ON-CB-B120-1-768x768.png 768w, https:\/\/anewway.eu\/wp-content\/uploads\/2025\/10\/ON-CB-B120-1-12x12.png 12w, https:\/\/anewway.eu\/wp-content\/uploads\/2025\/10\/ON-CB-B120-1.png 1500w\" sizes=\"auto, (max-width: 1024px) 100vw, 1024px\" \/><\/figure>\n\n\n\n<figure class=\"wp-block-image size-large is-resized\"><img loading=\"lazy\" decoding=\"async\" width=\"1024\" height=\"1024\" data-id=\"414\" src=\"http:\/\/anewway.eu\/wp-content\/uploads\/2025\/10\/ON-CB-B030-1-1024x1024.png\" alt=\"\" class=\"wp-image-414\" style=\"width:244px;height:auto\" srcset=\"https:\/\/anewway.eu\/wp-content\/uploads\/2025\/10\/ON-CB-B030-1-1024x1024.png 1024w, https:\/\/anewway.eu\/wp-content\/uploads\/2025\/10\/ON-CB-B030-1-300x300.png 300w, https:\/\/anewway.eu\/wp-content\/uploads\/2025\/10\/ON-CB-B030-1-150x150.png 150w, https:\/\/anewway.eu\/wp-content\/uploads\/2025\/10\/ON-CB-B030-1-768x768.png 768w, https:\/\/anewway.eu\/wp-content\/uploads\/2025\/10\/ON-CB-B030-1-12x12.png 12w, https:\/\/anewway.eu\/wp-content\/uploads\/2025\/10\/ON-CB-B030-1.png 1500w\" sizes=\"auto, (max-width: 1024px) 100vw, 1024px\" \/><\/figure>\n<\/figure>\n<\/div>\n\n\n\n<div class=\"wp-block-column is-layout-flow wp-block-column-is-layout-flow\" style=\"flex-basis:40%\">\n<h2 class=\"wp-block-heading\"><\/h2>\n\n\n\n<ul class=\"wp-block-list\">\n<li>2-IN-1: TELEFONREM OCH FUNKTIONELL USB-C-KABEL: Ett innovativt tillbeh\u00f6r som kombinerar en snygg rem med en funktionell USB-C till USB-C-kabel.<\/li>\n\n\n\n<li>SNABBLADDNING UPP TILL 60 W (PD): Den h\u00e4r kabeln \u00e4r kompatibel med Power Delivery-teknik och ger snabb och effektiv laddning p\u00e5 upp till 60 watt - perfekt f\u00f6r smartphones, surfplattor, b\u00e4rbara datorer, konsoler m.m.<\/li>\n\n\n\n<li>TILLF\u00d6Rlitlig DATA\u00d6VERF\u00d6RING - UPP TILL 480 MBPS: Synkronisera dina filer, foton, musik och videor med en stabil \u00f6verf\u00f6ringshastighet p\u00e5 upp till 480 Mbps.<\/li>\n\n\n\n<li>TV\u00c5 PRAKTISKA L\u00c4NGDER (30 CM OCH 120 CM): Modellen p\u00e5 30 cm \u00e4r perfekt som ett kort nyckelband eller f\u00f6r diskret anv\u00e4ndning p\u00e5 handleden. Kabeln p\u00e5 120 cm ger st\u00f6rre anv\u00e4ndningsfrihet: runt halsen, p\u00e5 skrivbordet eller p\u00e5 resande fot.<\/li>\n\n\n\n<li>STARK OCH FLEXIBEL SILIKONFL\u00c4TAD KABEL: Med en k\u00e4rna av silikonskum och ett robust fl\u00e4tat tyg\u00f6verdrag \u00e4r denna kabel utformad f\u00f6r att motst\u00e5 vridning och dagligt slitage, samtidigt som den \u00e4r mjuk och behaglig att ta p\u00e5.<\/li>\n\n\n\n<li>STARK OCH S\u00c4KER KARABINH\u00c5LLARE I METALL: F\u00e4st den enkelt p\u00e5 din telefon, v\u00e4ska, nyckelring eller badge tack vare den h\u00f6gkvalitativa karbinhaken i metall, som \u00e4r b\u00e5de praktisk och elegant.<\/li>\n<\/ul>\n\n\n\n<div style=\"height:22px\" aria-hidden=\"true\" class=\"wp-block-spacer\"><\/div>\n\n\n\n<div class=\"wp-block-buttons is-content-justification-center is-layout-flex wp-container-core-buttons-is-layout-a89b3969 wp-block-buttons-is-layout-flex\">\n<div class=\"wp-block-button\"><a class=\"wp-block-button__link wp-element-button\" href=\"https:\/\/amzn.to\/47vB1fB\">K\u00d6P<\/a><\/div>\n\n\n\n<div class=\"wp-block-button\"><a class=\"wp-block-button__link wp-element-button\" href=\"https:\/\/anewway.eu\/sv\/telechargements\/\">ST\u00d6D<\/a><\/div>\n<\/div>\n<\/div>\n<\/div>\n<\/div>\n\n\n\n<p><\/p>","protected":false},"excerpt":{"rendered":"","protected":false},"author":1,"featured_media":0,"parent":0,"menu_order":0,"comment_status":"closed","ping_status":"closed","template":"","meta":{"_themeisle_gutenberg_block_has_review":false,"footnotes":""},"class_list":["post-417","page","type-page","status-publish","hentry"],"_links":{"self":[{"href":"https:\/\/anewway.eu\/sv\/wp-json\/wp\/v2\/pages\/417","targetHints":{"allow":["GET"]}}],"collection":[{"href":"https:\/\/anewway.eu\/sv\/wp-json\/wp\/v2\/pages"}],"about":[{"href":"https:\/\/anewway.eu\/sv\/wp-json\/wp\/v2\/types\/page"}],"author":[{"embeddable":true,"href":"https:\/\/anewway.eu\/sv\/wp-json\/wp\/v2\/users\/1"}],"replies":[{"embeddable":true,"href":"https:\/\/anewway.eu\/sv\/wp-json\/wp\/v2\/comments?post=417"}],"version-history":[{"count":4,"href":"https:\/\/anewway.eu\/sv\/wp-json\/wp\/v2\/pages\/417\/revisions"}],"predecessor-version":[{"id":422,"href":"https:\/\/anewway.eu\/sv\/wp-json\/wp\/v2\/pages\/417\/revisions\/422"}],"wp:attachment":[{"href":"https:\/\/anewway.eu\/sv\/wp-json\/wp\/v2\/media?parent=417"}],"curies":[{"name":"wp","href":"https:\/\/api.w.org\/{rel}","templated":true}]}}