{"id":399,"date":"2025-08-13T13:01:19","date_gmt":"2025-08-13T13:01:19","guid":{"rendered":"https:\/\/anewway.eu\/?page_id=399"},"modified":"2025-08-13T13:01:19","modified_gmt":"2025-08-13T13:01:19","slug":"nk251","status":"publish","type":"page","link":"https:\/\/anewway.eu\/sv\/nk251","title":{"rendered":"NK251"},"content":{"rendered":"<div class=\"wp-block-group alignfull has-accent-5-background-color has-background has-global-padding is-layout-constrained wp-container-core-group-is-layout-d89aad35 wp-block-group-is-layout-constrained\" style=\"margin-top:0;margin-bottom:0;padding-top:var(--wp--preset--spacing--50);padding-right:var(--wp--preset--spacing--50);padding-bottom:var(--wp--preset--spacing--50);padding-left:var(--wp--preset--spacing--50)\">\n<div class=\"wp-block-columns alignwide is-layout-flex wp-container-core-columns-is-layout-1da03c2a wp-block-columns-is-layout-flex\">\n<div class=\"wp-block-column is-vertically-aligned-center is-layout-flow wp-block-column-is-layout-flow\" style=\"flex-basis:60%\">\n<figure class=\"wp-block-image aligncenter size-large is-resized\"><img loading=\"lazy\" decoding=\"async\" width=\"1024\" height=\"1024\" src=\"https:\/\/anewway.eu\/wp-content\/uploads\/2025\/08\/ON-KB-2501FR_1500_V1-1-1024x1024.png\" alt=\"\" class=\"wp-image-400\" style=\"width:516px;height:auto\" srcset=\"https:\/\/anewway.eu\/wp-content\/uploads\/2025\/08\/ON-KB-2501FR_1500_V1-1-1024x1024.png 1024w, https:\/\/anewway.eu\/wp-content\/uploads\/2025\/08\/ON-KB-2501FR_1500_V1-1-300x300.png 300w, https:\/\/anewway.eu\/wp-content\/uploads\/2025\/08\/ON-KB-2501FR_1500_V1-1-150x150.png 150w, https:\/\/anewway.eu\/wp-content\/uploads\/2025\/08\/ON-KB-2501FR_1500_V1-1-768x768.png 768w, https:\/\/anewway.eu\/wp-content\/uploads\/2025\/08\/ON-KB-2501FR_1500_V1-1-12x12.png 12w, https:\/\/anewway.eu\/wp-content\/uploads\/2025\/08\/ON-KB-2501FR_1500_V1-1.png 1500w\" sizes=\"auto, (max-width: 1024px) 100vw, 1024px\" \/><\/figure>\n<\/div>\n\n\n\n<div class=\"wp-block-column is-layout-flow wp-block-column-is-layout-flow\" style=\"flex-basis:40%\">\n<h2 class=\"wp-block-heading\"><strong>Finns i versionerna AZERTY (franska), QWERTZ (tyska) och QWERTY (spanska och italienska).<\/strong><\/h2>\n\n\n\n<ul class=\"wp-block-list\">\n<li>M\u00e5ngsidig, trefaldig anslutning: anslut tangentbordet enligt dina \u00f6nskem\u00e5l tack vare de tre tillg\u00e4ngliga l\u00e4gena: tr\u00e5dl\u00f6s 2,4 GHz WiFi (dongle ing\u00e5r), Bluetooth f\u00f6r mobil anv\u00e4ndning eller kabelanslutning f\u00f6r maximal stabilitet. Fullt kompatibelt med Windows, Mac, Android och iOS.<\/li>\n\n\n\n<li>KOMPLETT OCH PRAKTISK DIGITAL DISPLAY: Den integrerade digitala displayen ger dig snabb information om viktiga parametrar: typ av aktiv anslutning, plattform som anv\u00e4nds, batteriniv\u00e5, status f\u00f6r NumLock-tangenten, bakgrundsbelysningens ljusstyrka och ljudvolymen. Num-knapp, bakgrundsbelysningens ljusstyrka och ljudvolym.<\/li>\n\n\n\n<li>INTUITIVA MULTIFUNKTIONSHJUL: Tack vare det sidomonterade hjulet kan du enkelt bl\u00e4ddra igenom informationen p\u00e5 den digitala displayen, justera ljusstyrkan p\u00e5 RGB-bakgrundsbelysningen och justera volymen utan att avbryta din aktivitet.<\/li>\n\n\n\n<li>MODERN RGB-BAKGRUNDSBELYSNING MED 8 EFFEKTER: S\u00e4tt f\u00e4rg p\u00e5 din arbetsplats med snygg RGB-belysning. V\u00e4lj bland 8 integrerade ljuseffekter f\u00f6r att skapa en behaglig visuell atmosf\u00e4r som passar dina \u00f6nskem\u00e5l.<\/li>\n\n\n\n<li>L\u00c5NGVARIGT LADDBART BATTERI: Njut av upp till 50 timmars batteritid tack vare ett inbyggt laddningsbart batteri. Perfekt f\u00f6r intensiv anv\u00e4ndning utan att beh\u00f6va oroa sig f\u00f6r laddning.<\/li>\n\n\n\n<li>KEYPAD-KOMFORT OCH ELEGANT DESIGN: 100 tysta membrantangenter f\u00f6r smidig och behaglig skrivning. Den moderna designen sm\u00e4lter perfekt in i alla kontors- och hemmilj\u00f6er.<\/li>\n<\/ul>\n\n\n\n<div style=\"height:22px\" aria-hidden=\"true\" class=\"wp-block-spacer\"><\/div>\n\n\n\n<div class=\"wp-block-buttons is-content-justification-center is-layout-flex wp-container-core-buttons-is-layout-a89b3969 wp-block-buttons-is-layout-flex\">\n<div class=\"wp-block-button\"><a class=\"wp-block-button__link wp-element-button\" href=\"https:\/\/amzn.to\/45tpEnt\">K\u00d6P<\/a><\/div>\n\n\n\n<div class=\"wp-block-button\"><a class=\"wp-block-button__link wp-element-button\" href=\"https:\/\/anewway.eu\/sv\/telechargements\/\">ST\u00d6D<\/a><\/div>\n<\/div>\n<\/div>\n<\/div>\n<\/div>\n\n\n\n<p><\/p>","protected":false},"excerpt":{"rendered":"<p>Finns i versionerna AZERTY (franska), QWERTZ (tyska) och QWERTY (spanska och italienska).<\/p>","protected":false},"author":1,"featured_media":0,"parent":0,"menu_order":0,"comment_status":"closed","ping_status":"closed","template":"","meta":{"_themeisle_gutenberg_block_has_review":false,"footnotes":""},"class_list":["post-399","page","type-page","status-publish","hentry"],"_links":{"self":[{"href":"https:\/\/anewway.eu\/sv\/wp-json\/wp\/v2\/pages\/399","targetHints":{"allow":["GET"]}}],"collection":[{"href":"https:\/\/anewway.eu\/sv\/wp-json\/wp\/v2\/pages"}],"about":[{"href":"https:\/\/anewway.eu\/sv\/wp-json\/wp\/v2\/types\/page"}],"author":[{"embeddable":true,"href":"https:\/\/anewway.eu\/sv\/wp-json\/wp\/v2\/users\/1"}],"replies":[{"embeddable":true,"href":"https:\/\/anewway.eu\/sv\/wp-json\/wp\/v2\/comments?post=399"}],"version-history":[{"count":1,"href":"https:\/\/anewway.eu\/sv\/wp-json\/wp\/v2\/pages\/399\/revisions"}],"predecessor-version":[{"id":404,"href":"https:\/\/anewway.eu\/sv\/wp-json\/wp\/v2\/pages\/399\/revisions\/404"}],"wp:attachment":[{"href":"https:\/\/anewway.eu\/sv\/wp-json\/wp\/v2\/media?parent=399"}],"curies":[{"name":"wp","href":"https:\/\/api.w.org\/{rel}","templated":true}]}}