{"id":383,"date":"2025-08-12T10:23:13","date_gmt":"2025-08-12T10:23:13","guid":{"rendered":"https:\/\/anewway.eu\/?page_id=383"},"modified":"2025-08-12T10:30:34","modified_gmt":"2025-08-12T10:30:34","slug":"npb10k","status":"publish","type":"page","link":"https:\/\/anewway.eu\/sv\/npb10k","title":{"rendered":"NPB10K"},"content":{"rendered":"<div class=\"wp-block-group alignfull has-accent-5-background-color has-background has-global-padding is-layout-constrained wp-container-core-group-is-layout-d89aad35 wp-block-group-is-layout-constrained\" style=\"margin-top:0;margin-bottom:0;padding-top:var(--wp--preset--spacing--50);padding-right:var(--wp--preset--spacing--50);padding-bottom:var(--wp--preset--spacing--50);padding-left:var(--wp--preset--spacing--50)\">\n<div class=\"wp-block-columns alignwide is-layout-flex wp-container-core-columns-is-layout-1da03c2a wp-block-columns-is-layout-flex\">\n<div class=\"wp-block-column is-vertically-aligned-center is-layout-flow wp-block-column-is-layout-flow\" style=\"flex-basis:60%\">\n<div class=\"wp-block-group is-content-justification-center is-nowrap is-layout-flex wp-container-core-group-is-layout-23441af8 wp-block-group-is-layout-flex\">\n<figure class=\"wp-block-image size-large is-resized\"><img loading=\"lazy\" decoding=\"async\" width=\"1024\" height=\"1024\" src=\"https:\/\/anewway.eu\/wp-content\/uploads\/2025\/08\/ON-PB-10KWT-1B-1024x1024.png\" alt=\"\" class=\"wp-image-391\" style=\"width:617px;height:auto\" srcset=\"https:\/\/anewway.eu\/wp-content\/uploads\/2025\/08\/ON-PB-10KWT-1B-1024x1024.png 1024w, https:\/\/anewway.eu\/wp-content\/uploads\/2025\/08\/ON-PB-10KWT-1B-300x300.png 300w, https:\/\/anewway.eu\/wp-content\/uploads\/2025\/08\/ON-PB-10KWT-1B-150x150.png 150w, https:\/\/anewway.eu\/wp-content\/uploads\/2025\/08\/ON-PB-10KWT-1B-768x768.png 768w, https:\/\/anewway.eu\/wp-content\/uploads\/2025\/08\/ON-PB-10KWT-1B-12x12.png 12w, https:\/\/anewway.eu\/wp-content\/uploads\/2025\/08\/ON-PB-10KWT-1B.png 1500w\" sizes=\"auto, (max-width: 1024px) 100vw, 1024px\" \/><\/figure>\n<\/div>\n<\/div>\n\n\n\n<div class=\"wp-block-column is-layout-flow wp-block-column-is-layout-flow\" style=\"flex-basis:40%\">\n<h2 class=\"wp-block-heading\"><\/h2>\n\n\n\n<ul class=\"wp-block-list\">\n<li>KRAFT OCH HASTIGHET: Med en kapacitet p\u00e5 10.000 mAh erbjuder denna Power Bank snabbladdning p\u00e5 upp till 22,5 W p\u00e5 USB-C (60 % p\u00e5 mindre \u00e4n 40 minuter) och 15 W p\u00e5 magnetisk tr\u00e5dl\u00f6s laddning, perfekt f\u00f6r smartphones, klockor, h\u00f6rlurar och surfplattor. En 20 W USB-C-utg\u00e5ng finns ocks\u00e5 f\u00f6r snabbladdning av sj\u00e4lva Power Bank-enheten.<\/li>\n\n\n\n<li>MULTI-PURPOSE CHARGING: Dra nytta av magnetisk tr\u00e5dl\u00f6s laddning och integrerade kablar: USB-C-kabel och anslutningskabel f\u00f6r iOS-enheter, perfekt f\u00f6r laddning av alla dina enheter utan behov av extra kablar.<\/li>\n\n\n\n<li>KOMPAKT OCH L\u00c4TT ATT B\u00c4RA: Den ultraportabla designen g\u00f6r att du kan ta med den var som helst i fickan eller v\u00e4skan, vilket g\u00f6r den idealisk f\u00f6r resor, kontoret och vardagsbruk.<\/li>\n\n\n\n<li>INTELLIGENT LED-DISPLAY: Den inbyggda LED-displayen visar exakt den \u00e5terst\u00e5ende batteriniv\u00e5n, s\u00e5 att du vet n\u00e4r du ska ladda din Power Bank.<\/li>\n\n\n\n<li>MAXIMAL S\u00c4KERHET: Med avancerat skydd mot \u00f6versp\u00e4nning, kortslutning och \u00f6verhettning garanterar den s\u00e4ker och tillf\u00f6rlitlig laddning f\u00f6r alla dina enheter.<\/li>\n\n\n\n<li>UNIVERSELL KOMPATIBILITET: Kompatibel med iPhone, Samsung, AirPods, iPad, anslutna klockor med mera, f\u00f6r snabb och effektiv laddning var du \u00e4n \u00e4r.<\/li>\n<\/ul>\n\n\n\n<div style=\"height:22px\" aria-hidden=\"true\" class=\"wp-block-spacer\"><\/div>\n\n\n\n<div class=\"wp-block-buttons is-content-justification-center is-layout-flex wp-container-core-buttons-is-layout-a89b3969 wp-block-buttons-is-layout-flex\">\n<div class=\"wp-block-button\"><a class=\"wp-block-button__link wp-element-button\" href=\"https:\/\/amzn.to\/4138mMS\">K\u00d6P<\/a><\/div>\n\n\n\n<div class=\"wp-block-button\"><a class=\"wp-block-button__link wp-element-button\" href=\"https:\/\/anewway.eu\/sv\/telechargements\/\">ST\u00d6D<\/a><\/div>\n<\/div>\n<\/div>\n<\/div>\n<\/div>","protected":false},"excerpt":{"rendered":"","protected":false},"author":1,"featured_media":0,"parent":0,"menu_order":0,"comment_status":"closed","ping_status":"closed","template":"","meta":{"_themeisle_gutenberg_block_has_review":false,"footnotes":""},"class_list":["post-383","page","type-page","status-publish","hentry"],"_links":{"self":[{"href":"https:\/\/anewway.eu\/sv\/wp-json\/wp\/v2\/pages\/383","targetHints":{"allow":["GET"]}}],"collection":[{"href":"https:\/\/anewway.eu\/sv\/wp-json\/wp\/v2\/pages"}],"about":[{"href":"https:\/\/anewway.eu\/sv\/wp-json\/wp\/v2\/types\/page"}],"author":[{"embeddable":true,"href":"https:\/\/anewway.eu\/sv\/wp-json\/wp\/v2\/users\/1"}],"replies":[{"embeddable":true,"href":"https:\/\/anewway.eu\/sv\/wp-json\/wp\/v2\/comments?post=383"}],"version-history":[{"count":2,"href":"https:\/\/anewway.eu\/sv\/wp-json\/wp\/v2\/pages\/383\/revisions"}],"predecessor-version":[{"id":392,"href":"https:\/\/anewway.eu\/sv\/wp-json\/wp\/v2\/pages\/383\/revisions\/392"}],"wp:attachment":[{"href":"https:\/\/anewway.eu\/sv\/wp-json\/wp\/v2\/media?parent=383"}],"curies":[{"name":"wp","href":"https:\/\/api.w.org\/{rel}","templated":true}]}}