{"id":315,"date":"2025-07-02T15:12:16","date_gmt":"2025-07-02T15:12:16","guid":{"rendered":"https:\/\/anewway.eu\/?page_id=315"},"modified":"2025-08-12T10:25:46","modified_gmt":"2025-08-12T10:25:46","slug":"nm255","status":"publish","type":"page","link":"https:\/\/anewway.eu\/sv\/nm255","title":{"rendered":"NM255"},"content":{"rendered":"<div class=\"wp-block-group alignfull has-accent-5-background-color has-background has-global-padding is-layout-constrained wp-container-core-group-is-layout-d89aad35 wp-block-group-is-layout-constrained\" style=\"margin-top:0;margin-bottom:0;padding-top:var(--wp--preset--spacing--50);padding-right:var(--wp--preset--spacing--50);padding-bottom:var(--wp--preset--spacing--50);padding-left:var(--wp--preset--spacing--50)\">\n<div class=\"wp-block-columns alignwide is-layout-flex wp-container-core-columns-is-layout-1da03c2a wp-block-columns-is-layout-flex\">\n<div class=\"wp-block-column is-vertically-aligned-center is-layout-flow wp-block-column-is-layout-flow\" style=\"flex-basis:60%\">\n<figure class=\"wp-block-image aligncenter size-large is-resized\"><img loading=\"lazy\" decoding=\"async\" width=\"1024\" height=\"1024\" src=\"http:\/\/anewway.eu\/wp-content\/uploads\/2025\/07\/test-1024x1024.png\" alt=\"\" class=\"wp-image-310\" style=\"width:421px;height:auto\" srcset=\"https:\/\/anewway.eu\/wp-content\/uploads\/2025\/07\/test-1024x1024.png 1024w, https:\/\/anewway.eu\/wp-content\/uploads\/2025\/07\/test-300x300.png 300w, https:\/\/anewway.eu\/wp-content\/uploads\/2025\/07\/test-150x150.png 150w, https:\/\/anewway.eu\/wp-content\/uploads\/2025\/07\/test-768x768.png 768w, https:\/\/anewway.eu\/wp-content\/uploads\/2025\/07\/test-12x12.png 12w, https:\/\/anewway.eu\/wp-content\/uploads\/2025\/07\/test.png 1080w\" sizes=\"auto, (max-width: 1024px) 100vw, 1024px\" \/><\/figure>\n\n\n\n<figure class=\"wp-block-image aligncenter size-large is-resized\"><img loading=\"lazy\" decoding=\"async\" width=\"1024\" height=\"1024\" src=\"http:\/\/anewway.eu\/wp-content\/uploads\/2025\/07\/test-1-1024x1024.png\" alt=\"\" class=\"wp-image-311\" style=\"width:285px;height:auto\" srcset=\"https:\/\/anewway.eu\/wp-content\/uploads\/2025\/07\/test-1-1024x1024.png 1024w, https:\/\/anewway.eu\/wp-content\/uploads\/2025\/07\/test-1-300x300.png 300w, https:\/\/anewway.eu\/wp-content\/uploads\/2025\/07\/test-1-150x150.png 150w, https:\/\/anewway.eu\/wp-content\/uploads\/2025\/07\/test-1-768x768.png 768w, https:\/\/anewway.eu\/wp-content\/uploads\/2025\/07\/test-1-12x12.png 12w, https:\/\/anewway.eu\/wp-content\/uploads\/2025\/07\/test-1.png 1080w\" sizes=\"auto, (max-width: 1024px) 100vw, 1024px\" \/><\/figure>\n<\/div>\n\n\n\n<div class=\"wp-block-column is-layout-flow wp-block-column-is-layout-flow\" style=\"flex-basis:40%\">\n<h2 class=\"wp-block-heading\"><\/h2>\n\n\n\n<ul class=\"wp-block-list\">\n<li>Noggrann \u00f6vervakning och justerbar k\u00e4nslighet - F\u00e5 smidig kontroll tack vare en uppdateringsfrekvens p\u00e5 250 Hz och 4 valbara DPI-niv\u00e5er: 800, 1600, 2400 och 4000, f\u00f6r att passa alla dina kontorsuppgifter.<\/li>\n\n\n\n<li>6 FUNKTIONELLA KNAPPAR F\u00d6R ALLVARLIG ANV\u00c4NDNING - Den h\u00e4r musen har 6 v\u00e4lplacerade knappar f\u00f6r bekv\u00e4m och intuitiv navigering. Perfekt f\u00f6r daglig anv\u00e4ndning p\u00e5 kontoret.<\/li>\n\n\n\n<li>STABIL 2,4 GHZ TR\u00c5DL\u00d6S ANSLUTNING - Anslut den medf\u00f6ljande USB-mottagaren f\u00f6r en omedelbar, tillf\u00f6rlitlig och latensfri anslutning, perfekt f\u00f6r en kabelfri arbetsmilj\u00f6.<\/li>\n\n\n\n<li>BATTERIDRIFT F\u00d6R L\u00c5NGVARIG SJ\u00c4LVST\u00c4NDIGHET - Musen drivs av ett vanligt AA-batteri (medf\u00f6ljer ej) och ger l\u00e5ngvarig anv\u00e4ndning utan behov av laddning.<\/li>\n\n\n\n<li>ELEGANT DESIGN OCH UNIVERSELL KOMPATIBILITET - Finns i svart och vitt f\u00f6r att matcha ditt arbetsutrymme. Kompatibel med Windows, b\u00e4rbara datorer, Mac och Linux.<\/li>\n<\/ul>\n\n\n\n<div style=\"height:22px\" aria-hidden=\"true\" class=\"wp-block-spacer\"><\/div>\n\n\n\n<div class=\"wp-block-buttons is-content-justification-center is-layout-flex wp-container-core-buttons-is-layout-a89b3969 wp-block-buttons-is-layout-flex\">\n<div class=\"wp-block-button\"><a class=\"wp-block-button__link wp-element-button\" href=\"https:\/\/amzn.to\/45cnGI9\">K\u00d6P<\/a><\/div>\n\n\n\n<div class=\"wp-block-button\"><a class=\"wp-block-button__link wp-element-button\" href=\"https:\/\/anewway.eu\/sv\/telechargements\/\">ST\u00d6D<\/a><\/div>\n<\/div>\n<\/div>\n<\/div>\n<\/div>","protected":false},"excerpt":{"rendered":"","protected":false},"author":1,"featured_media":0,"parent":0,"menu_order":0,"comment_status":"closed","ping_status":"closed","template":"","meta":{"_themeisle_gutenberg_block_has_review":false,"footnotes":""},"class_list":["post-315","page","type-page","status-publish","hentry"],"_links":{"self":[{"href":"https:\/\/anewway.eu\/sv\/wp-json\/wp\/v2\/pages\/315","targetHints":{"allow":["GET"]}}],"collection":[{"href":"https:\/\/anewway.eu\/sv\/wp-json\/wp\/v2\/pages"}],"about":[{"href":"https:\/\/anewway.eu\/sv\/wp-json\/wp\/v2\/types\/page"}],"author":[{"embeddable":true,"href":"https:\/\/anewway.eu\/sv\/wp-json\/wp\/v2\/users\/1"}],"replies":[{"embeddable":true,"href":"https:\/\/anewway.eu\/sv\/wp-json\/wp\/v2\/comments?post=315"}],"version-history":[{"count":3,"href":"https:\/\/anewway.eu\/sv\/wp-json\/wp\/v2\/pages\/315\/revisions"}],"predecessor-version":[{"id":435,"href":"https:\/\/anewway.eu\/sv\/wp-json\/wp\/v2\/pages\/315\/revisions\/435"}],"wp:attachment":[{"href":"https:\/\/anewway.eu\/sv\/wp-json\/wp\/v2\/media?parent=315"}],"curies":[{"name":"wp","href":"https:\/\/api.w.org\/{rel}","templated":true}]}}