{"id":281,"date":"2025-03-31T09:31:03","date_gmt":"2025-03-31T09:31:03","guid":{"rendered":"https:\/\/anewway.eu\/?page_id=281"},"modified":"2025-03-31T09:31:03","modified_gmt":"2025-03-31T09:31:03","slug":"a3","status":"publish","type":"page","link":"https:\/\/anewway.eu\/sv\/a3","title":{"rendered":"A3"},"content":{"rendered":"<div class=\"wp-block-group alignfull has-accent-5-background-color has-background has-global-padding is-layout-constrained wp-container-core-group-is-layout-d89aad35 wp-block-group-is-layout-constrained\" style=\"margin-top:0;margin-bottom:0;padding-top:var(--wp--preset--spacing--50);padding-right:var(--wp--preset--spacing--50);padding-bottom:var(--wp--preset--spacing--50);padding-left:var(--wp--preset--spacing--50)\">\n<div class=\"wp-block-columns alignwide is-layout-flex wp-container-core-columns-is-layout-1da03c2a wp-block-columns-is-layout-flex\">\n<div class=\"wp-block-column is-vertically-aligned-center is-layout-flow wp-block-column-is-layout-flow\" style=\"flex-basis:60%\">\n<figure class=\"wp-block-image aligncenter size-large is-resized\"><img loading=\"lazy\" decoding=\"async\" width=\"1024\" height=\"1024\" src=\"http:\/\/anewway.eu\/wp-content\/uploads\/2024\/10\/ON-MO-A3-FACE-1024x1024.png\" alt=\"\" class=\"wp-image-95\" style=\"width:436px;height:auto\" srcset=\"https:\/\/anewway.eu\/wp-content\/uploads\/2024\/10\/ON-MO-A3-FACE-1024x1024.png 1024w, https:\/\/anewway.eu\/wp-content\/uploads\/2024\/10\/ON-MO-A3-FACE-300x300.png 300w, https:\/\/anewway.eu\/wp-content\/uploads\/2024\/10\/ON-MO-A3-FACE-150x150.png 150w, https:\/\/anewway.eu\/wp-content\/uploads\/2024\/10\/ON-MO-A3-FACE-768x768.png 768w, https:\/\/anewway.eu\/wp-content\/uploads\/2024\/10\/ON-MO-A3-FACE.png 1500w\" sizes=\"auto, (max-width: 1024px) 100vw, 1024px\" \/><\/figure>\n<\/div>\n\n\n\n<div class=\"wp-block-column is-layout-flow wp-block-column-is-layout-flow\" style=\"flex-basis:40%\">\n<h2 class=\"wp-block-heading\"><\/h2>\n\n\n\n<ul class=\"wp-block-list\">\n<li>NATURLIG H\u00c5LLNING: Musen \u00e4r utformad f\u00f6r ett ergonomiskt grepp, vilket minskar muskuloskeletala st\u00f6rningar (MSD) och uppmuntrar till en mer naturlig h\u00e5llning. Den minskar tr\u00f6tthet och f\u00f6rebygger sm\u00e4rta som karpaltunnelsyndrom eller epikondylit. Den \u00e4r utformad f\u00f6r h\u00f6gerh\u00e4nta anv\u00e4ndare och begr\u00e4nsar muskelsp\u00e4nningar f\u00f6r optimal komfort.<\/li>\n\n\n\n<li>UNIK VERTIKAL DESIGN: Den ergonomiska formen g\u00f6r att den ligger perfekt i handen och minskar muskelsp\u00e4nningar i armen. Tumst\u00f6det i texturerat gummi \u00f6kar komforten, medan den justerbara vikten fr\u00e5n 115 g till 145 g, tack vare ett l\u00f6stagbart fack med motvikt, ger en personligt anpassad upplevelse.<\/li>\n\n\n\n<li>PRAKTISKA KONTROLLER: Njut av extremt tysta klick f\u00f6r en lugn arbetsmilj\u00f6. Sidoknapparna g\u00f6r det enkelt att surfa p\u00e5 webben, medan scrollhjulet med mittklick ger snabb och smidig scrollning.<\/li>\n\n\n\n<li>JUSTERBAR Noggrannhet: Den h\u00f6gpresterande optiska sensorn erbjuder justerbar uppl\u00f6sning upp till 3200 DPI. Anv\u00e4nd den dedikerade DPI-knappen f\u00f6r att justera k\u00e4nsligheten mellan 800, 1200, 2400 och 3200 DPI f\u00f6r precision och komfort som \u00e4r skr\u00e4ddarsydd efter dina behov.<\/li>\n\n\n\n<li>KOMPATIBILITET &amp; INSTALLATION: Den h\u00e4r musen \u00e4r kompatibel med Windows, Linux och Mac (iMac, MacBook etc.) och \u00e4r helt plug and play. Ingen drivrutin kr\u00e4vs: koppla bara in den 1,50 m l\u00e5nga USB-kabeln och b\u00f6rja anv\u00e4nda den direkt.<\/li>\n<\/ul>\n\n\n\n<div style=\"height:22px\" aria-hidden=\"true\" class=\"wp-block-spacer\"><\/div>\n\n\n\n<div class=\"wp-block-buttons is-content-justification-center is-layout-flex wp-container-core-buttons-is-layout-a89b3969 wp-block-buttons-is-layout-flex\">\n<div class=\"wp-block-button\"><a class=\"wp-block-button__link wp-element-button\" href=\"https:\/\/amzn.to\/3IUv7w2\">K\u00d6P<\/a><\/div>\n\n\n\n<div class=\"wp-block-button\"><a class=\"wp-block-button__link wp-element-button\" href=\"https:\/\/anewway.eu\/sv\/telechargements\/\">ST\u00d6D<\/a><\/div>\n<\/div>\n<\/div>\n<\/div>\n<\/div>\n\n\n\n<p><\/p>","protected":false},"excerpt":{"rendered":"","protected":false},"author":1,"featured_media":0,"parent":0,"menu_order":0,"comment_status":"closed","ping_status":"closed","template":"","meta":{"_themeisle_gutenberg_block_has_review":false,"footnotes":""},"class_list":["post-281","page","type-page","status-publish","hentry"],"_links":{"self":[{"href":"https:\/\/anewway.eu\/sv\/wp-json\/wp\/v2\/pages\/281","targetHints":{"allow":["GET"]}}],"collection":[{"href":"https:\/\/anewway.eu\/sv\/wp-json\/wp\/v2\/pages"}],"about":[{"href":"https:\/\/anewway.eu\/sv\/wp-json\/wp\/v2\/types\/page"}],"author":[{"embeddable":true,"href":"https:\/\/anewway.eu\/sv\/wp-json\/wp\/v2\/users\/1"}],"replies":[{"embeddable":true,"href":"https:\/\/anewway.eu\/sv\/wp-json\/wp\/v2\/comments?post=281"}],"version-history":[{"count":1,"href":"https:\/\/anewway.eu\/sv\/wp-json\/wp\/v2\/pages\/281\/revisions"}],"predecessor-version":[{"id":283,"href":"https:\/\/anewway.eu\/sv\/wp-json\/wp\/v2\/pages\/281\/revisions\/283"}],"wp:attachment":[{"href":"https:\/\/anewway.eu\/sv\/wp-json\/wp\/v2\/media?parent=281"}],"curies":[{"name":"wp","href":"https:\/\/api.w.org\/{rel}","templated":true}]}}