{"id":269,"date":"2025-03-31T09:19:41","date_gmt":"2025-03-31T09:19:41","guid":{"rendered":"https:\/\/anewway.eu\/?page_id=269"},"modified":"2025-03-31T09:19:41","modified_gmt":"2025-03-31T09:19:41","slug":"a8","status":"publish","type":"page","link":"https:\/\/anewway.eu\/sv\/a8","title":{"rendered":"A8"},"content":{"rendered":"<div class=\"wp-block-group alignfull has-accent-5-background-color has-background has-global-padding is-layout-constrained wp-container-core-group-is-layout-d89aad35 wp-block-group-is-layout-constrained\" style=\"margin-top:0;margin-bottom:0;padding-top:var(--wp--preset--spacing--50);padding-right:var(--wp--preset--spacing--50);padding-bottom:var(--wp--preset--spacing--50);padding-left:var(--wp--preset--spacing--50)\">\n<div class=\"wp-block-columns alignwide is-layout-flex wp-container-core-columns-is-layout-1da03c2a wp-block-columns-is-layout-flex\">\n<div class=\"wp-block-column is-vertically-aligned-center is-layout-flow wp-block-column-is-layout-flow\" style=\"flex-basis:60%\">\n<div class=\"wp-block-group is-nowrap is-layout-flex wp-container-core-group-is-layout-6c531013 wp-block-group-is-layout-flex\">\n<figure class=\"wp-block-image size-large is-resized\"><img loading=\"lazy\" decoding=\"async\" width=\"1024\" height=\"1024\" src=\"http:\/\/anewway.eu\/wp-content\/uploads\/2024\/04\/ON-MO-A8BK_V1-1024x1024.png\" alt=\"\" class=\"wp-image-50\" style=\"width:361px;height:auto\" srcset=\"https:\/\/anewway.eu\/wp-content\/uploads\/2024\/04\/ON-MO-A8BK_V1-1024x1024.png 1024w, https:\/\/anewway.eu\/wp-content\/uploads\/2024\/04\/ON-MO-A8BK_V1-300x300.png 300w, https:\/\/anewway.eu\/wp-content\/uploads\/2024\/04\/ON-MO-A8BK_V1-150x150.png 150w, https:\/\/anewway.eu\/wp-content\/uploads\/2024\/04\/ON-MO-A8BK_V1-768x768.png 768w, https:\/\/anewway.eu\/wp-content\/uploads\/2024\/04\/ON-MO-A8BK_V1-12x12.png 12w, https:\/\/anewway.eu\/wp-content\/uploads\/2024\/04\/ON-MO-A8BK_V1.png 1500w\" sizes=\"auto, (max-width: 1024px) 100vw, 1024px\" \/><\/figure>\n\n\n\n<figure class=\"wp-block-image size-large is-resized\"><img loading=\"lazy\" decoding=\"async\" width=\"1024\" height=\"1024\" src=\"http:\/\/anewway.eu\/wp-content\/uploads\/2024\/04\/ON-MO-A8WT_V1-1024x1024.png\" alt=\"\" class=\"wp-image-55\" style=\"width:310px;height:auto\" srcset=\"https:\/\/anewway.eu\/wp-content\/uploads\/2024\/04\/ON-MO-A8WT_V1-1024x1024.png 1024w, https:\/\/anewway.eu\/wp-content\/uploads\/2024\/04\/ON-MO-A8WT_V1-300x300.png 300w, https:\/\/anewway.eu\/wp-content\/uploads\/2024\/04\/ON-MO-A8WT_V1-150x150.png 150w, https:\/\/anewway.eu\/wp-content\/uploads\/2024\/04\/ON-MO-A8WT_V1-768x768.png 768w, https:\/\/anewway.eu\/wp-content\/uploads\/2024\/04\/ON-MO-A8WT_V1-12x12.png 12w, https:\/\/anewway.eu\/wp-content\/uploads\/2024\/04\/ON-MO-A8WT_V1.png 1500w\" sizes=\"auto, (max-width: 1024px) 100vw, 1024px\" \/><\/figure>\n<\/div>\n<\/div>\n\n\n\n<div class=\"wp-block-column is-layout-flow wp-block-column-is-layout-flow\" style=\"flex-basis:40%\">\n<h2 class=\"wp-block-heading\"><\/h2>\n\n\n\n<ul class=\"wp-block-list\">\n<li>DUBBLA ANSLUTNINGSALTERNATIV: V\u00e4lj mellan en tr\u00e5dl\u00f6s anslutning eller anv\u00e4nd den medf\u00f6ljande 2,4 GHz WiFi-mottagaren. Den tr\u00e5dl\u00f6sa musen erbjuder maximal m\u00e5ngsidighet f\u00f6r att passa dina anslutnings\u00f6nskem\u00e5l, vilket garanterar en p\u00e5litlig tr\u00e5dl\u00f6s upplevelse utan kompromisser.<\/li>\n\n\n\n<li>UNIVERSELL KOMPATIBILITET: Den h\u00e4r musen erbjuder total m\u00e5ngsidighet med s\u00f6ml\u00f6s kompatibilitet med Windows, Mac och Linux. Oavsett vilken plattform du anv\u00e4nder f\u00e5r du en konsekvent och effektiv anv\u00e4ndarupplevelse.<\/li>\n\n\n\n<li>FRI R\u00d6RLIGHET UTAN BEGR\u00c4NSNINGAR: Njut av total r\u00f6rlighet med den h\u00e4r tr\u00e5dl\u00f6sa kontorsmusen. Frig\u00f6r dig fr\u00e5n kablar och r\u00f6r dig enkelt \u00f6ver en gener\u00f6s radie utan att kompromissa med prestandan.<\/li>\n\n\n\n<li>F\u00d6RDJUPAD PRECISION MED AVANCERAD SENSOR: Den optiska sensorn med h\u00f6g precision garanterar optimal respons. Justera uppl\u00f6sningen p\u00e5 1200\/2400\/3200 DPI efter dina behov med den dedikerade DPI-knappen f\u00f6r en smidig och exakt arbetsupplevelse.<\/li>\n\n\n\n<li>L\u00c5NG LIVSL\u00c4NGD OCH BEKV\u00c4MLIG LADDNING: Den tr\u00e5dl\u00f6sa musen garanterar exceptionell batteritid, vilket ger dig timmar av oavbruten anv\u00e4ndning. Ladda snabbt upp musen via den medf\u00f6ljande USB-C-kabeln f\u00f6r effektiv \u00e5terh\u00e4mtning och l\u00e4ngre sinnesro.<\/li>\n\n\n\n<li>PRECISA OCH TYSTA KLICK: Utforska en tr\u00e5dl\u00f6s mus som ger exakta, responsiva och tysta klick. Exceptionell kvalitet utan komplicerad programmering, perfekt f\u00f6r intuitiv anv\u00e4ndning i vardagen.<\/li>\n\n\n\n<li>ERGONOMISK DESIGN F\u00d6R OPTIMAL KOMFORT: Med sin ergonomiska design anpassar sig den h\u00e4r musen naturligt till din hand och minskar tr\u00f6ttheten under l\u00e5nga arbetspass. Unna dig exceptionell komfort hela dagen l\u00e5ng.<\/li>\n<\/ul>\n\n\n\n<div style=\"height:22px\" aria-hidden=\"true\" class=\"wp-block-spacer\"><\/div>\n\n\n\n<div class=\"wp-block-buttons is-content-justification-center is-layout-flex wp-container-core-buttons-is-layout-a89b3969 wp-block-buttons-is-layout-flex\">\n<div class=\"wp-block-button\"><a class=\"wp-block-button__link wp-element-button\" href=\"https:\/\/amzn.to\/45tUsWo\">K\u00d6P<\/a><\/div>\n\n\n\n<div class=\"wp-block-button\"><a class=\"wp-block-button__link wp-element-button\" href=\"https:\/\/anewway.eu\/sv\/telechargements\/\">ST\u00d6D<\/a><\/div>\n<\/div>\n<\/div>\n<\/div>\n<\/div>\n\n\n\n<p><\/p>","protected":false},"excerpt":{"rendered":"","protected":false},"author":1,"featured_media":0,"parent":0,"menu_order":0,"comment_status":"closed","ping_status":"closed","template":"","meta":{"_themeisle_gutenberg_block_has_review":false,"footnotes":""},"class_list":["post-269","page","type-page","status-publish","hentry"],"_links":{"self":[{"href":"https:\/\/anewway.eu\/sv\/wp-json\/wp\/v2\/pages\/269","targetHints":{"allow":["GET"]}}],"collection":[{"href":"https:\/\/anewway.eu\/sv\/wp-json\/wp\/v2\/pages"}],"about":[{"href":"https:\/\/anewway.eu\/sv\/wp-json\/wp\/v2\/types\/page"}],"author":[{"embeddable":true,"href":"https:\/\/anewway.eu\/sv\/wp-json\/wp\/v2\/users\/1"}],"replies":[{"embeddable":true,"href":"https:\/\/anewway.eu\/sv\/wp-json\/wp\/v2\/comments?post=269"}],"version-history":[{"count":2,"href":"https:\/\/anewway.eu\/sv\/wp-json\/wp\/v2\/pages\/269\/revisions"}],"predecessor-version":[{"id":273,"href":"https:\/\/anewway.eu\/sv\/wp-json\/wp\/v2\/pages\/269\/revisions\/273"}],"wp:attachment":[{"href":"https:\/\/anewway.eu\/sv\/wp-json\/wp\/v2\/media?parent=269"}],"curies":[{"name":"wp","href":"https:\/\/api.w.org\/{rel}","templated":true}]}}