{"id":265,"date":"2025-03-31T09:09:59","date_gmt":"2025-03-31T09:09:59","guid":{"rendered":"https:\/\/anewway.eu\/?page_id=265"},"modified":"2025-07-31T09:07:09","modified_gmt":"2025-07-31T09:07:09","slug":"a7","status":"publish","type":"page","link":"https:\/\/anewway.eu\/sv\/a7","title":{"rendered":"A7"},"content":{"rendered":"<div class=\"wp-block-group alignfull has-accent-5-background-color has-background has-global-padding is-layout-constrained wp-container-core-group-is-layout-d89aad35 wp-block-group-is-layout-constrained\" style=\"margin-top:0;margin-bottom:0;padding-top:var(--wp--preset--spacing--50);padding-right:var(--wp--preset--spacing--50);padding-bottom:var(--wp--preset--spacing--50);padding-left:var(--wp--preset--spacing--50)\">\n<div class=\"wp-block-columns alignwide is-layout-flex wp-container-core-columns-is-layout-1da03c2a wp-block-columns-is-layout-flex\">\n<div class=\"wp-block-column is-vertically-aligned-center is-layout-flow wp-block-column-is-layout-flow\" style=\"flex-basis:60%\">\n<div class=\"wp-block-group is-nowrap is-layout-flex wp-container-core-group-is-layout-6c531013 wp-block-group-is-layout-flex\">\n<figure class=\"wp-block-image size-large is-resized\"><img loading=\"lazy\" decoding=\"async\" width=\"1024\" height=\"1024\" src=\"http:\/\/anewway.eu\/wp-content\/uploads\/2024\/04\/ON-MO-A7BK_V1-1024x1024.png\" alt=\"\" class=\"wp-image-49\" style=\"width:361px;height:auto\" srcset=\"https:\/\/anewway.eu\/wp-content\/uploads\/2024\/04\/ON-MO-A7BK_V1-1024x1024.png 1024w, https:\/\/anewway.eu\/wp-content\/uploads\/2024\/04\/ON-MO-A7BK_V1-300x300.png 300w, https:\/\/anewway.eu\/wp-content\/uploads\/2024\/04\/ON-MO-A7BK_V1-150x150.png 150w, https:\/\/anewway.eu\/wp-content\/uploads\/2024\/04\/ON-MO-A7BK_V1-768x768.png 768w, https:\/\/anewway.eu\/wp-content\/uploads\/2024\/04\/ON-MO-A7BK_V1-12x12.png 12w, https:\/\/anewway.eu\/wp-content\/uploads\/2024\/04\/ON-MO-A7BK_V1.png 1500w\" sizes=\"auto, (max-width: 1024px) 100vw, 1024px\" \/><\/figure>\n\n\n\n<figure class=\"wp-block-image size-large is-resized\"><img loading=\"lazy\" decoding=\"async\" width=\"1024\" height=\"1024\" src=\"http:\/\/anewway.eu\/wp-content\/uploads\/2024\/04\/ON-MO-A7WT_V1-1024x1024.png\" alt=\"\" class=\"wp-image-53\" style=\"width:310px;height:auto\" srcset=\"https:\/\/anewway.eu\/wp-content\/uploads\/2024\/04\/ON-MO-A7WT_V1-1024x1024.png 1024w, https:\/\/anewway.eu\/wp-content\/uploads\/2024\/04\/ON-MO-A7WT_V1-300x300.png 300w, https:\/\/anewway.eu\/wp-content\/uploads\/2024\/04\/ON-MO-A7WT_V1-150x150.png 150w, https:\/\/anewway.eu\/wp-content\/uploads\/2024\/04\/ON-MO-A7WT_V1-768x768.png 768w, https:\/\/anewway.eu\/wp-content\/uploads\/2024\/04\/ON-MO-A7WT_V1-12x12.png 12w, https:\/\/anewway.eu\/wp-content\/uploads\/2024\/04\/ON-MO-A7WT_V1.png 1500w\" sizes=\"auto, (max-width: 1024px) 100vw, 1024px\" \/><\/figure>\n<\/div>\n<\/div>\n\n\n\n<div class=\"wp-block-column is-layout-flow wp-block-column-is-layout-flow\" style=\"flex-basis:40%\">\n<h2 class=\"wp-block-heading\"><\/h2>\n\n\n\n<ul class=\"wp-block-list\">\n<li>INSTALLATION: Anslut helt enkelt den tr\u00e5dbundna USB-musen, ingen installation av drivrutiner eller programvara kr\u00e4vs. Redo att anv\u00e4ndas p\u00e5 ett \u00f6gonblick!<\/li>\n\n\n\n<li>UNIVERSELL KOMPATIBILITET: Den h\u00e4r musen erbjuder total m\u00e5ngsidighet med s\u00f6ml\u00f6s kompatibilitet med Windows, Mac och Linux. Oavsett vilken plattform du anv\u00e4nder f\u00e5r du en konsekvent och effektiv anv\u00e4ndarupplevelse.<\/li>\n\n\n\n<li>F\u00d6RDJUPAD PRECISION MED AVANCERAD SENSOR: Den optiska sensorn med h\u00f6g precision garanterar optimal respons. Justera uppl\u00f6sningen p\u00e5 1200\/1800\/2400\/3600 DPI efter dina behov med den dedikerade DPI-knappen f\u00f6r en smidig och exakt arbetsupplevelse.<\/li>\n\n\n\n<li>ERGONOMISK DESIGN F\u00d6R OPTIMAL KOMFORT: Med sin ergonomiska design anpassar sig den h\u00e4r musen naturligt till din hand och minskar tr\u00f6ttheten under l\u00e5nga arbetspass. Unna dig exceptionell komfort hela dagen l\u00e5ng.<\/li>\n\n\n\n<li>Diskret bakgrundsbelysning: Njut av charmen med den h\u00e4r musens diskreta vita bakgrundsbelysning, som ger en elegant touch till din arbetsplats utan att kompromissa med nykterheten.<\/li>\n\n\n\n<li>PRECISA OCH TYSTA KLICK: Utforska en tr\u00e5dl\u00f6s mus som ger exakta, responsiva och tysta klick. Exceptionell kvalitet utan komplicerad programmering, perfekt f\u00f6r intuitiv anv\u00e4ndning i vardagen.<\/li>\n\n\n\n<li>2 \u00c5RS GARANTI INKLUDERAD: Njut av total sinnesfrid med v\u00e5r mus, som st\u00f6ds av en tv\u00e5\u00e5rig garanti fr\u00e5n ink\u00f6psdatumet. K\u00f6p med tillf\u00f6rsikt, eftersom din tillfredsst\u00e4llelse \u00e4r v\u00e5r prioritet.<\/li>\n\n\n\n<li>TV\u00c5 ELEGANTA F\u00c4RGER: Finns i vitt eller svart, v\u00e4lj den mus som passar din stil.<\/li>\n<\/ul>\n\n\n\n<div style=\"height:22px\" aria-hidden=\"true\" class=\"wp-block-spacer\"><\/div>\n\n\n\n<div class=\"wp-block-buttons is-content-justification-center is-layout-flex wp-container-core-buttons-is-layout-a89b3969 wp-block-buttons-is-layout-flex\">\n<div class=\"wp-block-button\"><a class=\"wp-block-button__link wp-element-button\" href=\"https:\/\/amzn.to\/4o9j8uF\">K\u00d6P<\/a><\/div>\n\n\n\n<div class=\"wp-block-button\"><a class=\"wp-block-button__link wp-element-button\" href=\"https:\/\/amzn.to\/3XELCAX\">ST\u00d6D<\/a><\/div>\n<\/div>\n<\/div>\n<\/div>\n<\/div>\n\n\n\n<p><\/p>","protected":false},"excerpt":{"rendered":"","protected":false},"author":1,"featured_media":0,"parent":0,"menu_order":0,"comment_status":"closed","ping_status":"closed","template":"","meta":{"_themeisle_gutenberg_block_has_review":false,"footnotes":""},"class_list":["post-265","page","type-page","status-publish","hentry"],"_links":{"self":[{"href":"https:\/\/anewway.eu\/sv\/wp-json\/wp\/v2\/pages\/265","targetHints":{"allow":["GET"]}}],"collection":[{"href":"https:\/\/anewway.eu\/sv\/wp-json\/wp\/v2\/pages"}],"about":[{"href":"https:\/\/anewway.eu\/sv\/wp-json\/wp\/v2\/types\/page"}],"author":[{"embeddable":true,"href":"https:\/\/anewway.eu\/sv\/wp-json\/wp\/v2\/users\/1"}],"replies":[{"embeddable":true,"href":"https:\/\/anewway.eu\/sv\/wp-json\/wp\/v2\/comments?post=265"}],"version-history":[{"count":3,"href":"https:\/\/anewway.eu\/sv\/wp-json\/wp\/v2\/pages\/265\/revisions"}],"predecessor-version":[{"id":326,"href":"https:\/\/anewway.eu\/sv\/wp-json\/wp\/v2\/pages\/265\/revisions\/326"}],"wp:attachment":[{"href":"https:\/\/anewway.eu\/sv\/wp-json\/wp\/v2\/media?parent=265"}],"curies":[{"name":"wp","href":"https:\/\/api.w.org\/{rel}","templated":true}]}}