{"id":417,"date":"2025-10-30T11:52:48","date_gmt":"2025-10-30T11:52:48","guid":{"rendered":"https:\/\/anewway.eu\/?page_id=417"},"modified":"2025-10-30T11:55:58","modified_gmt":"2025-10-30T11:55:58","slug":"usb-c2","status":"publish","type":"page","link":"https:\/\/anewway.eu\/pl\/usb-c2","title":{"rendered":"Kabel USB-C do USB-C ze smycz\u0105"},"content":{"rendered":"<div class=\"wp-block-group alignfull has-accent-5-background-color has-background has-global-padding is-layout-constrained wp-container-core-group-is-layout-d89aad35 wp-block-group-is-layout-constrained\" style=\"margin-top:0;margin-bottom:0;padding-top:var(--wp--preset--spacing--50);padding-right:var(--wp--preset--spacing--50);padding-bottom:var(--wp--preset--spacing--50);padding-left:var(--wp--preset--spacing--50)\">\n<div class=\"wp-block-columns alignwide is-layout-flex wp-container-core-columns-is-layout-1da03c2a wp-block-columns-is-layout-flex\">\n<div class=\"wp-block-column is-vertically-aligned-center is-layout-flow wp-block-column-is-layout-flow\" style=\"flex-basis:60%\">\n<figure class=\"wp-block-gallery has-nested-images columns-default is-cropped wp-block-gallery-1 is-layout-flex wp-block-gallery-is-layout-flex\">\n<figure class=\"wp-block-image size-large is-resized\"><img loading=\"lazy\" decoding=\"async\" width=\"1024\" height=\"1024\" data-id=\"411\" src=\"http:\/\/anewway.eu\/wp-content\/uploads\/2025\/10\/ON-CB-P120-1-1024x1024.png\" alt=\"\" class=\"wp-image-411\" style=\"width:244px;height:auto\" srcset=\"https:\/\/anewway.eu\/wp-content\/uploads\/2025\/10\/ON-CB-P120-1-1024x1024.png 1024w, https:\/\/anewway.eu\/wp-content\/uploads\/2025\/10\/ON-CB-P120-1-300x300.png 300w, https:\/\/anewway.eu\/wp-content\/uploads\/2025\/10\/ON-CB-P120-1-150x150.png 150w, https:\/\/anewway.eu\/wp-content\/uploads\/2025\/10\/ON-CB-P120-1-768x768.png 768w, https:\/\/anewway.eu\/wp-content\/uploads\/2025\/10\/ON-CB-P120-1-12x12.png 12w, https:\/\/anewway.eu\/wp-content\/uploads\/2025\/10\/ON-CB-P120-1.png 1500w\" sizes=\"auto, (max-width: 1024px) 100vw, 1024px\" \/><\/figure>\n\n\n\n<figure class=\"wp-block-image size-large is-resized\"><img loading=\"lazy\" decoding=\"async\" width=\"1024\" height=\"1024\" data-id=\"412\" src=\"http:\/\/anewway.eu\/wp-content\/uploads\/2025\/10\/ON-CB-P030-1-1024x1024.png\" alt=\"\" class=\"wp-image-412\" style=\"width:244px;height:auto\" srcset=\"https:\/\/anewway.eu\/wp-content\/uploads\/2025\/10\/ON-CB-P030-1-1024x1024.png 1024w, https:\/\/anewway.eu\/wp-content\/uploads\/2025\/10\/ON-CB-P030-1-300x300.png 300w, https:\/\/anewway.eu\/wp-content\/uploads\/2025\/10\/ON-CB-P030-1-150x150.png 150w, https:\/\/anewway.eu\/wp-content\/uploads\/2025\/10\/ON-CB-P030-1-768x768.png 768w, https:\/\/anewway.eu\/wp-content\/uploads\/2025\/10\/ON-CB-P030-1-12x12.png 12w, https:\/\/anewway.eu\/wp-content\/uploads\/2025\/10\/ON-CB-P030-1.png 1500w\" sizes=\"auto, (max-width: 1024px) 100vw, 1024px\" \/><\/figure>\n<\/figure>\n\n\n\n<figure class=\"wp-block-gallery has-nested-images columns-default is-cropped wp-block-gallery-2 is-layout-flex wp-block-gallery-is-layout-flex\">\n<figure class=\"wp-block-image size-large is-resized\"><img loading=\"lazy\" decoding=\"async\" width=\"1024\" height=\"1024\" data-id=\"413\" src=\"http:\/\/anewway.eu\/wp-content\/uploads\/2025\/10\/ON-CB-B120-1-1024x1024.png\" alt=\"\" class=\"wp-image-413\" style=\"width:244px;height:auto\" srcset=\"https:\/\/anewway.eu\/wp-content\/uploads\/2025\/10\/ON-CB-B120-1-1024x1024.png 1024w, https:\/\/anewway.eu\/wp-content\/uploads\/2025\/10\/ON-CB-B120-1-300x300.png 300w, https:\/\/anewway.eu\/wp-content\/uploads\/2025\/10\/ON-CB-B120-1-150x150.png 150w, https:\/\/anewway.eu\/wp-content\/uploads\/2025\/10\/ON-CB-B120-1-768x768.png 768w, https:\/\/anewway.eu\/wp-content\/uploads\/2025\/10\/ON-CB-B120-1-12x12.png 12w, https:\/\/anewway.eu\/wp-content\/uploads\/2025\/10\/ON-CB-B120-1.png 1500w\" sizes=\"auto, (max-width: 1024px) 100vw, 1024px\" \/><\/figure>\n\n\n\n<figure class=\"wp-block-image size-large is-resized\"><img loading=\"lazy\" decoding=\"async\" width=\"1024\" height=\"1024\" data-id=\"414\" src=\"http:\/\/anewway.eu\/wp-content\/uploads\/2025\/10\/ON-CB-B030-1-1024x1024.png\" alt=\"\" class=\"wp-image-414\" style=\"width:244px;height:auto\" srcset=\"https:\/\/anewway.eu\/wp-content\/uploads\/2025\/10\/ON-CB-B030-1-1024x1024.png 1024w, https:\/\/anewway.eu\/wp-content\/uploads\/2025\/10\/ON-CB-B030-1-300x300.png 300w, https:\/\/anewway.eu\/wp-content\/uploads\/2025\/10\/ON-CB-B030-1-150x150.png 150w, https:\/\/anewway.eu\/wp-content\/uploads\/2025\/10\/ON-CB-B030-1-768x768.png 768w, https:\/\/anewway.eu\/wp-content\/uploads\/2025\/10\/ON-CB-B030-1-12x12.png 12w, https:\/\/anewway.eu\/wp-content\/uploads\/2025\/10\/ON-CB-B030-1.png 1500w\" sizes=\"auto, (max-width: 1024px) 100vw, 1024px\" \/><\/figure>\n<\/figure>\n<\/div>\n\n\n\n<div class=\"wp-block-column is-layout-flow wp-block-column-is-layout-flow\" style=\"flex-basis:40%\">\n<h2 class=\"wp-block-heading\"><\/h2>\n\n\n\n<ul class=\"wp-block-list\">\n<li>2 W 1: PASEK DO TELEFONU I WYDAJNY KABEL USB-C: Innowacyjne akcesorium, kt\u00f3re \u0142\u0105czy stylowy pasek z funkcjonalnym kablem USB-C na USB-C.<\/li>\n\n\n\n<li>SZYBKIE \u0141ADOWANIE DO 60 W (PD): Kompatybilny z technologi\u0105 Power Delivery, kabel ten zapewnia szybkie i wydajne \u0142adowanie do 60 W - idealne do smartfon\u00f3w, tablet\u00f3w, laptop\u00f3w, konsol itp.<\/li>\n\n\n\n<li>NIEZAWODNY TRANSFER DANYCH - DO 480 MBPS: Synchronizuj pliki, zdj\u0119cia, muzyk\u0119 i filmy ze stabiln\u0105 pr\u0119dko\u015bci\u0105 transferu do 480 Mbps.<\/li>\n\n\n\n<li>DWIE PRAKTYCZNE D\u0141UGO\u015aCI (30 CM I 120 CM): Model 30 cm jest idealny jako kr\u00f3tka smycz lub do dyskretnego noszenia na nadgarstku. Kabel o d\u0142ugo\u015bci 120 cm zapewnia wi\u0119ksz\u0105 swobod\u0119 u\u017cytkowania: na szyi, na biurku lub w ruchu.<\/li>\n\n\n\n<li>WYTRZYMA\u0141Y I ELASTYCZNY PRZEW\u00d3D Z SILIKONOWYM OPLOTEM: Dzi\u0119ki rdzeniowi z pianki silikonowej i wytrzyma\u0142emu oplotowi z tkaniny przew\u00f3d ten jest odporny na skr\u0119canie i codzienne zu\u017cycie, a jednocze\u015bnie pozostaje mi\u0119kki i przyjemny w dotyku.<\/li>\n\n\n\n<li>MOCNY I BEZPIECZNY METALOWY KARABINEK: Dzi\u0119ki wysokiej jako\u015bci metalowemu karabi\u0144czykowi, kt\u00f3ry jest zar\u00f3wno praktyczny, jak i elegancki, mo\u017cna go \u0142atwo przymocowa\u0107 do telefonu, torby, breloka do kluczy lub plakietki.<\/li>\n<\/ul>\n\n\n\n<div style=\"height:22px\" aria-hidden=\"true\" class=\"wp-block-spacer\"><\/div>\n\n\n\n<div class=\"wp-block-buttons is-content-justification-center is-layout-flex wp-container-core-buttons-is-layout-a89b3969 wp-block-buttons-is-layout-flex\">\n<div class=\"wp-block-button\"><a class=\"wp-block-button__link wp-element-button\" href=\"https:\/\/amzn.to\/4qxloNy\">KUP<\/a><\/div>\n\n\n\n<div class=\"wp-block-button\"><a class=\"wp-block-button__link wp-element-button\" href=\"https:\/\/anewway.eu\/pl\/telechargements\/\">WSPARCIE<\/a><\/div>\n<\/div>\n<\/div>\n<\/div>\n<\/div>\n\n\n\n<p><\/p>","protected":false},"excerpt":{"rendered":"","protected":false},"author":1,"featured_media":0,"parent":0,"menu_order":0,"comment_status":"closed","ping_status":"closed","template":"","meta":{"_themeisle_gutenberg_block_has_review":false,"footnotes":""},"class_list":["post-417","page","type-page","status-publish","hentry"],"_links":{"self":[{"href":"https:\/\/anewway.eu\/pl\/wp-json\/wp\/v2\/pages\/417","targetHints":{"allow":["GET"]}}],"collection":[{"href":"https:\/\/anewway.eu\/pl\/wp-json\/wp\/v2\/pages"}],"about":[{"href":"https:\/\/anewway.eu\/pl\/wp-json\/wp\/v2\/types\/page"}],"author":[{"embeddable":true,"href":"https:\/\/anewway.eu\/pl\/wp-json\/wp\/v2\/users\/1"}],"replies":[{"embeddable":true,"href":"https:\/\/anewway.eu\/pl\/wp-json\/wp\/v2\/comments?post=417"}],"version-history":[{"count":4,"href":"https:\/\/anewway.eu\/pl\/wp-json\/wp\/v2\/pages\/417\/revisions"}],"predecessor-version":[{"id":422,"href":"https:\/\/anewway.eu\/pl\/wp-json\/wp\/v2\/pages\/417\/revisions\/422"}],"wp:attachment":[{"href":"https:\/\/anewway.eu\/pl\/wp-json\/wp\/v2\/media?parent=417"}],"curies":[{"name":"wp","href":"https:\/\/api.w.org\/{rel}","templated":true}]}}