{"id":399,"date":"2025-08-13T13:01:19","date_gmt":"2025-08-13T13:01:19","guid":{"rendered":"https:\/\/anewway.eu\/?page_id=399"},"modified":"2025-08-13T13:01:19","modified_gmt":"2025-08-13T13:01:19","slug":"nk251","status":"publish","type":"page","link":"https:\/\/anewway.eu\/pl\/nk251","title":{"rendered":"NK251"},"content":{"rendered":"<div class=\"wp-block-group alignfull has-accent-5-background-color has-background has-global-padding is-layout-constrained wp-container-core-group-is-layout-d89aad35 wp-block-group-is-layout-constrained\" style=\"margin-top:0;margin-bottom:0;padding-top:var(--wp--preset--spacing--50);padding-right:var(--wp--preset--spacing--50);padding-bottom:var(--wp--preset--spacing--50);padding-left:var(--wp--preset--spacing--50)\">\n<div class=\"wp-block-columns alignwide is-layout-flex wp-container-core-columns-is-layout-1da03c2a wp-block-columns-is-layout-flex\">\n<div class=\"wp-block-column is-vertically-aligned-center is-layout-flow wp-block-column-is-layout-flow\" style=\"flex-basis:60%\">\n<figure class=\"wp-block-image aligncenter size-large is-resized\"><img loading=\"lazy\" decoding=\"async\" width=\"1024\" height=\"1024\" src=\"https:\/\/anewway.eu\/wp-content\/uploads\/2025\/08\/ON-KB-2501FR_1500_V1-1-1024x1024.png\" alt=\"\" class=\"wp-image-400\" style=\"width:516px;height:auto\" srcset=\"https:\/\/anewway.eu\/wp-content\/uploads\/2025\/08\/ON-KB-2501FR_1500_V1-1-1024x1024.png 1024w, https:\/\/anewway.eu\/wp-content\/uploads\/2025\/08\/ON-KB-2501FR_1500_V1-1-300x300.png 300w, https:\/\/anewway.eu\/wp-content\/uploads\/2025\/08\/ON-KB-2501FR_1500_V1-1-150x150.png 150w, https:\/\/anewway.eu\/wp-content\/uploads\/2025\/08\/ON-KB-2501FR_1500_V1-1-768x768.png 768w, https:\/\/anewway.eu\/wp-content\/uploads\/2025\/08\/ON-KB-2501FR_1500_V1-1-12x12.png 12w, https:\/\/anewway.eu\/wp-content\/uploads\/2025\/08\/ON-KB-2501FR_1500_V1-1.png 1500w\" sizes=\"auto, (max-width: 1024px) 100vw, 1024px\" \/><\/figure>\n<\/div>\n\n\n\n<div class=\"wp-block-column is-layout-flow wp-block-column-is-layout-flow\" style=\"flex-basis:40%\">\n<h2 class=\"wp-block-heading\"><strong>Dost\u0119pny w wersjach AZERTY (francuski), QWERTZ (niemiecki) i QWERTY (hiszpa\u0144ski i w\u0142oski).<\/strong><\/h2>\n\n\n\n<ul class=\"wp-block-list\">\n<li>WSZECHSTRONNA TR\u00d3JSTRONNA \u0141\u0104CZNO\u015a\u0106: pod\u0142\u0105cz klawiatur\u0119 zgodnie z w\u0142asnymi preferencjami dzi\u0119ki trzem dost\u0119pnym trybom: bezprzewodowemu WiFi 2,4 GHz (klucz sprz\u0119towy w zestawie), Bluetooth do u\u017cytku mobilnego lub przewodowemu dla maksymalnej stabilno\u015bci. Pe\u0142na kompatybilno\u015b\u0107 z systemami Windows, Mac, Android i iOS.<\/li>\n\n\n\n<li>KOMPLETNY I PRAKTYCZNY WY\u015aWIETLACZ CYFROWY: Zintegrowany wy\u015bwietlacz cyfrowy zapewnia szybkie informacje o najwa\u017cniejszych parametrach: typie aktywnego po\u0142\u0105czenia, u\u017cywanej platformie, poziomie na\u0142adowania baterii, stanie klawisza NumLock, jasno\u015bci pod\u015bwietlenia i g\u0142o\u015bno\u015bci d\u017awi\u0119ku. Klawisz Num, jasno\u015b\u0107 pod\u015bwietlenia i g\u0142o\u015bno\u015b\u0107 d\u017awi\u0119ku.<\/li>\n\n\n\n<li>INTUICYJNE POKR\u0118T\u0141O WIELOFUNKCYJNE: Dzi\u0119ki zamontowanemu z boku pokr\u0119t\u0142u mo\u017cna \u0142atwo przewija\u0107 informacje na wy\u015bwietlaczu cyfrowym, regulowa\u0107 jasno\u015b\u0107 pod\u015bwietlenia RGB i regulowa\u0107 g\u0142o\u015bno\u015b\u0107 bez przerywania aktywno\u015bci.<\/li>\n\n\n\n<li>NOWOCZESNE POD\u015aWIETLENIE RGB Z 8 EFEKTAMI: Dodaj odrobin\u0119 koloru do swojego miejsca pracy dzi\u0119ki stylowemu o\u015bwietleniu RGB. Wybierz spo\u015br\u00f3d 8 zintegrowanych efekt\u00f3w \u015bwietlnych, aby stworzy\u0107 przyjemn\u0105 atmosfer\u0119 wizualn\u0105 dostosowan\u0105 do Twoich preferencji.<\/li>\n\n\n\n<li>D\u0141UGOTRWA\u0141Y \u0141ADOWALNY AKUMULATOR: Ciesz si\u0119 do 50 godzin pracy na baterii dzi\u0119ki wbudowanemu akumulatorowi. Idealny do intensywnego u\u017cytkowania bez konieczno\u015bci martwienia si\u0119 o \u0142adowanie.<\/li>\n\n\n\n<li>KOMFORT KLAWIATURY I ELEGANCKI DESIGN: 100 cichych klawiszy membranowych zapewnia p\u0142ynne i przyjemne pisanie. Nowoczesny design doskonale komponuje si\u0119 z ka\u017cdym \u015brodowiskiem biurowym lub domowym.<\/li>\n<\/ul>\n\n\n\n<div style=\"height:22px\" aria-hidden=\"true\" class=\"wp-block-spacer\"><\/div>\n\n\n\n<div class=\"wp-block-buttons is-content-justification-center is-layout-flex wp-container-core-buttons-is-layout-a89b3969 wp-block-buttons-is-layout-flex\">\n<div class=\"wp-block-button\"><a class=\"wp-block-button__link wp-element-button\" href=\"https:\/\/amzn.to\/45tpEnt\">KUP<\/a><\/div>\n\n\n\n<div class=\"wp-block-button\"><a class=\"wp-block-button__link wp-element-button\" href=\"https:\/\/anewway.eu\/pl\/telechargements\/\">WSPARCIE<\/a><\/div>\n<\/div>\n<\/div>\n<\/div>\n<\/div>\n\n\n\n<p><\/p>","protected":false},"excerpt":{"rendered":"<p>Dost\u0119pny w wersjach AZERTY (francuski), QWERTZ (niemiecki) i QWERTY (hiszpa\u0144ski i w\u0142oski).<\/p>","protected":false},"author":1,"featured_media":0,"parent":0,"menu_order":0,"comment_status":"closed","ping_status":"closed","template":"","meta":{"_themeisle_gutenberg_block_has_review":false,"footnotes":""},"class_list":["post-399","page","type-page","status-publish","hentry"],"_links":{"self":[{"href":"https:\/\/anewway.eu\/pl\/wp-json\/wp\/v2\/pages\/399","targetHints":{"allow":["GET"]}}],"collection":[{"href":"https:\/\/anewway.eu\/pl\/wp-json\/wp\/v2\/pages"}],"about":[{"href":"https:\/\/anewway.eu\/pl\/wp-json\/wp\/v2\/types\/page"}],"author":[{"embeddable":true,"href":"https:\/\/anewway.eu\/pl\/wp-json\/wp\/v2\/users\/1"}],"replies":[{"embeddable":true,"href":"https:\/\/anewway.eu\/pl\/wp-json\/wp\/v2\/comments?post=399"}],"version-history":[{"count":1,"href":"https:\/\/anewway.eu\/pl\/wp-json\/wp\/v2\/pages\/399\/revisions"}],"predecessor-version":[{"id":404,"href":"https:\/\/anewway.eu\/pl\/wp-json\/wp\/v2\/pages\/399\/revisions\/404"}],"wp:attachment":[{"href":"https:\/\/anewway.eu\/pl\/wp-json\/wp\/v2\/media?parent=399"}],"curies":[{"name":"wp","href":"https:\/\/api.w.org\/{rel}","templated":true}]}}