{"id":367,"date":"2025-08-12T09:47:22","date_gmt":"2025-08-12T09:47:22","guid":{"rendered":"https:\/\/anewway.eu\/?page_id=367"},"modified":"2025-08-12T09:47:22","modified_gmt":"2025-08-12T09:47:22","slug":"nh251","status":"publish","type":"page","link":"https:\/\/anewway.eu\/pl\/nh251","title":{"rendered":"NH251"},"content":{"rendered":"<div class=\"wp-block-group alignfull has-accent-5-background-color has-background has-global-padding is-layout-constrained wp-container-core-group-is-layout-d89aad35 wp-block-group-is-layout-constrained\" style=\"margin-top:0;margin-bottom:0;padding-top:var(--wp--preset--spacing--50);padding-right:var(--wp--preset--spacing--50);padding-bottom:var(--wp--preset--spacing--50);padding-left:var(--wp--preset--spacing--50)\">\n<div class=\"wp-block-columns alignwide is-layout-flex wp-container-core-columns-is-layout-1da03c2a wp-block-columns-is-layout-flex\">\n<div class=\"wp-block-column is-vertically-aligned-center is-layout-flow wp-block-column-is-layout-flow\" style=\"flex-basis:60%\">\n<div class=\"wp-block-group is-nowrap is-layout-flex wp-container-core-group-is-layout-6c531013 wp-block-group-is-layout-flex\">\n<figure class=\"wp-block-image size-large is-resized\"><img loading=\"lazy\" decoding=\"async\" width=\"1024\" height=\"1024\" src=\"http:\/\/anewway.eu\/wp-content\/uploads\/2025\/08\/ON-HE-ST2501BK-1-1024x1024.png\" alt=\"\" class=\"wp-image-359\" style=\"width:401px;height:auto\" srcset=\"https:\/\/anewway.eu\/wp-content\/uploads\/2025\/08\/ON-HE-ST2501BK-1-1024x1024.png 1024w, https:\/\/anewway.eu\/wp-content\/uploads\/2025\/08\/ON-HE-ST2501BK-1-300x300.png 300w, https:\/\/anewway.eu\/wp-content\/uploads\/2025\/08\/ON-HE-ST2501BK-1-150x150.png 150w, https:\/\/anewway.eu\/wp-content\/uploads\/2025\/08\/ON-HE-ST2501BK-1-768x768.png 768w, https:\/\/anewway.eu\/wp-content\/uploads\/2025\/08\/ON-HE-ST2501BK-1-12x12.png 12w, https:\/\/anewway.eu\/wp-content\/uploads\/2025\/08\/ON-HE-ST2501BK-1.png 1500w\" sizes=\"auto, (max-width: 1024px) 100vw, 1024px\" \/><\/figure>\n\n\n\n<figure class=\"wp-block-image size-large is-resized\"><img loading=\"lazy\" decoding=\"async\" width=\"1024\" height=\"1024\" src=\"http:\/\/anewway.eu\/wp-content\/uploads\/2025\/08\/ON-HE-ST2501WT-1-1024x1024.png\" alt=\"\" class=\"wp-image-360\" style=\"width:310px;height:auto\" srcset=\"https:\/\/anewway.eu\/wp-content\/uploads\/2025\/08\/ON-HE-ST2501WT-1-1024x1024.png 1024w, https:\/\/anewway.eu\/wp-content\/uploads\/2025\/08\/ON-HE-ST2501WT-1-300x300.png 300w, https:\/\/anewway.eu\/wp-content\/uploads\/2025\/08\/ON-HE-ST2501WT-1-150x150.png 150w, https:\/\/anewway.eu\/wp-content\/uploads\/2025\/08\/ON-HE-ST2501WT-1-768x768.png 768w, https:\/\/anewway.eu\/wp-content\/uploads\/2025\/08\/ON-HE-ST2501WT-1-12x12.png 12w, https:\/\/anewway.eu\/wp-content\/uploads\/2025\/08\/ON-HE-ST2501WT-1.png 1500w\" sizes=\"auto, (max-width: 1024px) 100vw, 1024px\" \/><\/figure>\n<\/div>\n<\/div>\n\n\n\n<div class=\"wp-block-column is-layout-flow wp-block-column-is-layout-flow\" style=\"flex-basis:40%\">\n<h2 class=\"wp-block-heading\"><\/h2>\n\n\n\n<ul class=\"wp-block-list\">\n<li>TRZY TRYBY PO\u0141\u0104CZENIA - Ciesz si\u0119 maksymaln\u0105 elastyczno\u015bci\u0105 dzi\u0119ki po\u0142\u0105czeniu przewodowemu (jack 3,5 mm), bezprzewodowemu WiFi 2,4 GHz za po\u015brednictwem odbiornika USB\/USB-C 2 w 1 oraz po\u0142\u0105czeniu BT. Zmie\u0144 sw\u00f3j stojak w jednej chwili, aby dopasowa\u0107 go do swoich potrzeb.<\/li>\n\n\n\n<li>KOMPATYBILNO\u015a\u0106 Z WIELOMA P\u0141YTAMI - Te s\u0142uchawki dzia\u0142aj\u0105 z komputerami PC, konsolami (Switch 2, PS5 i PS4), smartfonami, tabletami i komputerami Mac. Jeden zestaw s\u0142uchawkowy do wszystkich urz\u0105dze\u0144 codziennego u\u017cytku.<\/li>\n\n\n\n<li>WYSOKIEJ JAKO\u015aCI D\u0179WI\u0118K STEREO - Ciesz si\u0119 wci\u0105gaj\u0105cym d\u017awi\u0119kiem dzi\u0119ki pot\u0119\u017cnym g\u0142o\u015bnikom, idealnym do pracy, gier i muzyki.<\/li>\n\n\n\n<li>ELASTYCZNY ODCHYLANY MIKROFON - Ciesz si\u0119 wyra\u017an\u0105 komunikacj\u0105 dzi\u0119ki dyskretnemu, kierunkowemu mikrofonowi, kt\u00f3ry \u0142atwo chowa si\u0119, gdy nie jest potrzebny.<\/li>\n\n\n\n<li>DO 15 GODZIN - Ciesz si\u0119 d\u0142ugimi sesjami bezprzewodowymi bez konieczno\u015bci \u0142adowania i \u0142aduj szybko przez wbudowany port USB-C.<\/li>\n\n\n\n<li>KOMFORT I ELEGANCKI DESIGN - dost\u0119pny w kolorze czarnym lub bia\u0142ym, kask posiada mi\u0119kkie materia\u0142owe nauszniki i regulowany pa\u0142\u0105k, \u0142\u0105cz\u0105c subtelny styl z d\u0142ugotrwa\u0142ym komfortem.<\/li>\n<\/ul>\n\n\n\n<div style=\"height:22px\" aria-hidden=\"true\" class=\"wp-block-spacer\"><\/div>\n\n\n\n<div class=\"wp-block-buttons is-content-justification-center is-layout-flex wp-container-core-buttons-is-layout-a89b3969 wp-block-buttons-is-layout-flex\">\n<div class=\"wp-block-button\"><a class=\"wp-block-button__link wp-element-button\" href=\"https:\/\/amzn.to\/41JeLge\">KUP<\/a><\/div>\n\n\n\n<div class=\"wp-block-button\"><a class=\"wp-block-button__link wp-element-button\" href=\"https:\/\/anewway.eu\/pl\/telechargements\/\">WSPARCIE<\/a><\/div>\n<\/div>\n<\/div>\n<\/div>\n<\/div>","protected":false},"excerpt":{"rendered":"","protected":false},"author":1,"featured_media":0,"parent":0,"menu_order":0,"comment_status":"closed","ping_status":"closed","template":"","meta":{"_themeisle_gutenberg_block_has_review":false,"footnotes":""},"class_list":["post-367","page","type-page","status-publish","hentry"],"_links":{"self":[{"href":"https:\/\/anewway.eu\/pl\/wp-json\/wp\/v2\/pages\/367","targetHints":{"allow":["GET"]}}],"collection":[{"href":"https:\/\/anewway.eu\/pl\/wp-json\/wp\/v2\/pages"}],"about":[{"href":"https:\/\/anewway.eu\/pl\/wp-json\/wp\/v2\/types\/page"}],"author":[{"embeddable":true,"href":"https:\/\/anewway.eu\/pl\/wp-json\/wp\/v2\/users\/1"}],"replies":[{"embeddable":true,"href":"https:\/\/anewway.eu\/pl\/wp-json\/wp\/v2\/comments?post=367"}],"version-history":[{"count":1,"href":"https:\/\/anewway.eu\/pl\/wp-json\/wp\/v2\/pages\/367\/revisions"}],"predecessor-version":[{"id":368,"href":"https:\/\/anewway.eu\/pl\/wp-json\/wp\/v2\/pages\/367\/revisions\/368"}],"wp:attachment":[{"href":"https:\/\/anewway.eu\/pl\/wp-json\/wp\/v2\/media?parent=367"}],"curies":[{"name":"wp","href":"https:\/\/api.w.org\/{rel}","templated":true}]}}