{"id":300,"date":"2025-03-31T09:52:45","date_gmt":"2025-03-31T09:52:45","guid":{"rendered":"https:\/\/anewway.eu\/?page_id=300"},"modified":"2025-03-31T09:52:45","modified_gmt":"2025-03-31T09:52:45","slug":"nc1","status":"publish","type":"page","link":"https:\/\/anewway.eu\/pl\/nc1","title":{"rendered":"NC1"},"content":{"rendered":"<div class=\"wp-block-group alignfull has-accent-5-background-color has-background has-global-padding is-layout-constrained wp-container-core-group-is-layout-d89aad35 wp-block-group-is-layout-constrained\" style=\"margin-top:0;margin-bottom:0;padding-top:var(--wp--preset--spacing--50);padding-right:var(--wp--preset--spacing--50);padding-bottom:var(--wp--preset--spacing--50);padding-left:var(--wp--preset--spacing--50)\">\n<div class=\"wp-block-columns alignwide is-layout-flex wp-container-core-columns-is-layout-1da03c2a wp-block-columns-is-layout-flex\">\n<div class=\"wp-block-column is-vertically-aligned-center is-layout-flow wp-block-column-is-layout-flow\" style=\"flex-basis:60%\">\n<div class=\"wp-block-group is-nowrap is-layout-flex wp-container-core-group-is-layout-6c531013 wp-block-group-is-layout-flex\">\n<figure class=\"wp-block-image size-large is-resized\"><img loading=\"lazy\" decoding=\"async\" width=\"1024\" height=\"1024\" src=\"http:\/\/anewway.eu\/wp-content\/uploads\/2025\/01\/ON-CA-2405BK_1500_V1-1024x1024.png\" alt=\"\" class=\"wp-image-243\" style=\"width:361px;height:auto\" srcset=\"https:\/\/anewway.eu\/wp-content\/uploads\/2025\/01\/ON-CA-2405BK_1500_V1-1024x1024.png 1024w, https:\/\/anewway.eu\/wp-content\/uploads\/2025\/01\/ON-CA-2405BK_1500_V1-300x300.png 300w, https:\/\/anewway.eu\/wp-content\/uploads\/2025\/01\/ON-CA-2405BK_1500_V1-150x150.png 150w, https:\/\/anewway.eu\/wp-content\/uploads\/2025\/01\/ON-CA-2405BK_1500_V1-768x768.png 768w, https:\/\/anewway.eu\/wp-content\/uploads\/2025\/01\/ON-CA-2405BK_1500_V1-12x12.png 12w, https:\/\/anewway.eu\/wp-content\/uploads\/2025\/01\/ON-CA-2405BK_1500_V1.png 1500w\" sizes=\"auto, (max-width: 1024px) 100vw, 1024px\" \/><\/figure>\n\n\n\n<figure class=\"wp-block-image size-large is-resized\"><img loading=\"lazy\" decoding=\"async\" width=\"1024\" height=\"1024\" src=\"http:\/\/anewway.eu\/wp-content\/uploads\/2025\/01\/ON-CA-2405WT_1500_V1B-1024x1024.png\" alt=\"\" class=\"wp-image-245\" style=\"width:310px;height:auto\" srcset=\"https:\/\/anewway.eu\/wp-content\/uploads\/2025\/01\/ON-CA-2405WT_1500_V1B-1024x1024.png 1024w, https:\/\/anewway.eu\/wp-content\/uploads\/2025\/01\/ON-CA-2405WT_1500_V1B-300x300.png 300w, https:\/\/anewway.eu\/wp-content\/uploads\/2025\/01\/ON-CA-2405WT_1500_V1B-150x150.png 150w, https:\/\/anewway.eu\/wp-content\/uploads\/2025\/01\/ON-CA-2405WT_1500_V1B-768x768.png 768w, https:\/\/anewway.eu\/wp-content\/uploads\/2025\/01\/ON-CA-2405WT_1500_V1B-12x12.png 12w, https:\/\/anewway.eu\/wp-content\/uploads\/2025\/01\/ON-CA-2405WT_1500_V1B.png 1500w\" sizes=\"auto, (max-width: 1024px) 100vw, 1024px\" \/><\/figure>\n<\/div>\n<\/div>\n\n\n\n<div class=\"wp-block-column is-layout-flow wp-block-column-is-layout-flow\" style=\"flex-basis:40%\">\n<h2 class=\"wp-block-heading\"><\/h2>\n\n\n\n<ul class=\"wp-block-list\">\n<li>KOMPATYBILNO\u015a\u0106 Z WIELOMA FORMATAMI: Kompatybilno\u015b\u0107 z formatami Mini-ITX, ITX i Micro-ATX dla maksymalnej elastyczno\u015bci konfiguracji. Zasilanie zgodne z formatami ATX i Micro-ATX.<\/li>\n\n\n\n<li>OPTYMALNA POJEMNO\u015a\u0106: Obs\u0142uguje karty graficzne do 310MM, wentylatory do 135MM, systemy ch\u0142odzenia wodnego do 240MM i zasilacze do 140MM d\u0142ugo\u015bci.<\/li>\n\n\n\n<li>ZINTEGROWANE MAGAZYNOWANIE: 3 gniazda pami\u0119ci masowej (HDD i SSD), idealne dla potrzeb hybrydowej pami\u0119ci masowej.<\/li>\n\n\n\n<li>PRAKTYCZNY I ELEGANCKI DESIGN: Minimalistyczna stylistyka i zintegrowane uchwyty, idealne do podr\u00f3\u017cy i nowoczesnego wygl\u0105du.<\/li>\n\n\n\n<li>WYDAJNA CYRKULACJA POWIETRZA: Zaprojektowana z my\u015bl\u0105 o optymalnym ch\u0142odzeniu, zapewnia cich\u0105 prac\u0119 i kontrolowane zarz\u0105dzanie temperatur\u0105.<\/li>\n<\/ul>\n\n\n\n<div style=\"height:22px\" aria-hidden=\"true\" class=\"wp-block-spacer\"><\/div>\n\n\n\n<div class=\"wp-block-buttons is-content-justification-center is-layout-flex wp-container-core-buttons-is-layout-a89b3969 wp-block-buttons-is-layout-flex\">\n<div class=\"wp-block-button\"><a class=\"wp-block-button__link wp-element-button\" href=\"https:\/\/amzn.to\/44WVp9F\">KUP<\/a><\/div>\n\n\n\n<div class=\"wp-block-button\"><a class=\"wp-block-button__link wp-element-button\" href=\"https:\/\/anewway.eu\/pl\/telechargements\/\">WSPARCIE<\/a><\/div>\n<\/div>\n<\/div>\n<\/div>\n<\/div>\n\n\n\n<p><\/p>","protected":false},"excerpt":{"rendered":"","protected":false},"author":1,"featured_media":0,"parent":0,"menu_order":0,"comment_status":"closed","ping_status":"closed","template":"","meta":{"_themeisle_gutenberg_block_has_review":false,"footnotes":""},"class_list":["post-300","page","type-page","status-publish","hentry"],"_links":{"self":[{"href":"https:\/\/anewway.eu\/pl\/wp-json\/wp\/v2\/pages\/300","targetHints":{"allow":["GET"]}}],"collection":[{"href":"https:\/\/anewway.eu\/pl\/wp-json\/wp\/v2\/pages"}],"about":[{"href":"https:\/\/anewway.eu\/pl\/wp-json\/wp\/v2\/types\/page"}],"author":[{"embeddable":true,"href":"https:\/\/anewway.eu\/pl\/wp-json\/wp\/v2\/users\/1"}],"replies":[{"embeddable":true,"href":"https:\/\/anewway.eu\/pl\/wp-json\/wp\/v2\/comments?post=300"}],"version-history":[{"count":1,"href":"https:\/\/anewway.eu\/pl\/wp-json\/wp\/v2\/pages\/300\/revisions"}],"predecessor-version":[{"id":302,"href":"https:\/\/anewway.eu\/pl\/wp-json\/wp\/v2\/pages\/300\/revisions\/302"}],"wp:attachment":[{"href":"https:\/\/anewway.eu\/pl\/wp-json\/wp\/v2\/media?parent=300"}],"curies":[{"name":"wp","href":"https:\/\/api.w.org\/{rel}","templated":true}]}}