{"id":296,"date":"2025-03-31T09:49:51","date_gmt":"2025-03-31T09:49:51","guid":{"rendered":"https:\/\/anewway.eu\/?page_id=296"},"modified":"2025-03-31T09:49:51","modified_gmt":"2025-03-31T09:49:51","slug":"nw1","status":"publish","type":"page","link":"https:\/\/anewway.eu\/pl\/nw1","title":{"rendered":"NW1"},"content":{"rendered":"<div class=\"wp-block-group alignfull has-accent-5-background-color has-background has-global-padding is-layout-constrained wp-container-core-group-is-layout-d89aad35 wp-block-group-is-layout-constrained\" style=\"margin-top:0;margin-bottom:0;padding-top:var(--wp--preset--spacing--50);padding-right:var(--wp--preset--spacing--50);padding-bottom:var(--wp--preset--spacing--50);padding-left:var(--wp--preset--spacing--50)\">\n<div class=\"wp-block-columns alignwide is-layout-flex wp-container-core-columns-is-layout-1da03c2a wp-block-columns-is-layout-flex\">\n<div class=\"wp-block-column is-vertically-aligned-center is-layout-flow wp-block-column-is-layout-flow\" style=\"flex-basis:60%\">\n<div class=\"wp-block-group is-nowrap is-layout-flex wp-container-core-group-is-layout-6c531013 wp-block-group-is-layout-flex\">\n<figure class=\"wp-block-image size-large is-resized\"><img loading=\"lazy\" decoding=\"async\" width=\"1024\" height=\"1024\" src=\"http:\/\/anewway.eu\/wp-content\/uploads\/2025\/01\/ON-CA-2403BK_1500_V1-1024x1024.png\" alt=\"\" class=\"wp-image-241\" style=\"width:361px;height:auto\" srcset=\"https:\/\/anewway.eu\/wp-content\/uploads\/2025\/01\/ON-CA-2403BK_1500_V1-1024x1024.png 1024w, https:\/\/anewway.eu\/wp-content\/uploads\/2025\/01\/ON-CA-2403BK_1500_V1-300x300.png 300w, https:\/\/anewway.eu\/wp-content\/uploads\/2025\/01\/ON-CA-2403BK_1500_V1-150x150.png 150w, https:\/\/anewway.eu\/wp-content\/uploads\/2025\/01\/ON-CA-2403BK_1500_V1-768x768.png 768w, https:\/\/anewway.eu\/wp-content\/uploads\/2025\/01\/ON-CA-2403BK_1500_V1-12x12.png 12w, https:\/\/anewway.eu\/wp-content\/uploads\/2025\/01\/ON-CA-2403BK_1500_V1.png 1500w\" sizes=\"auto, (max-width: 1024px) 100vw, 1024px\" \/><\/figure>\n\n\n\n<figure class=\"wp-block-image size-large is-resized\"><img loading=\"lazy\" decoding=\"async\" width=\"1024\" height=\"1024\" src=\"http:\/\/anewway.eu\/wp-content\/uploads\/2025\/01\/ON-CA-2403WT_1500_V1-1024x1024.png\" alt=\"\" class=\"wp-image-242\" style=\"width:310px;height:auto\" srcset=\"https:\/\/anewway.eu\/wp-content\/uploads\/2025\/01\/ON-CA-2403WT_1500_V1-1024x1024.png 1024w, https:\/\/anewway.eu\/wp-content\/uploads\/2025\/01\/ON-CA-2403WT_1500_V1-300x300.png 300w, https:\/\/anewway.eu\/wp-content\/uploads\/2025\/01\/ON-CA-2403WT_1500_V1-150x150.png 150w, https:\/\/anewway.eu\/wp-content\/uploads\/2025\/01\/ON-CA-2403WT_1500_V1-768x768.png 768w, https:\/\/anewway.eu\/wp-content\/uploads\/2025\/01\/ON-CA-2403WT_1500_V1-12x12.png 12w, https:\/\/anewway.eu\/wp-content\/uploads\/2025\/01\/ON-CA-2403WT_1500_V1.png 1500w\" sizes=\"auto, (max-width: 1024px) 100vw, 1024px\" \/><\/figure>\n<\/div>\n<\/div>\n\n\n\n<div class=\"wp-block-column is-layout-flow wp-block-column-is-layout-flow\" style=\"flex-basis:40%\">\n<h2 class=\"wp-block-heading\"><\/h2>\n\n\n\n<ul class=\"wp-block-list\">\n<li>KOMPATYBILNO\u015a\u0106 Z WIELOMA FORMATAMI: Zaprojektowana, aby dostosowa\u0107 si\u0119 do p\u0142yt g\u0142\u00f3wnych ATX, Micro ATX i ITX, ta obudowa pozwala stworzy\u0107 idealn\u0105 konfiguracj\u0119, niezale\u017cnie od preferencji.<\/li>\n\n\n\n<li>NATURALNA ELEGANCJA Z DREWNIANYM PRZODEM: \u0141\u0105cz\u0105c design i wydajno\u015b\u0107, ta skrzynka ma front z prawdziwego drewna, dodaj\u0105c wyrafinowanego, nowoczesnego akcentu do Twojej przestrzeni.<\/li>\n\n\n\n<li>GOTOWA NA WYSOKOWYDAJNE CH\u0141ODZENIE: Kompatybilna z systemami ch\u0142odzenia wodnego do 360 mm, ta obudowa gwarantuje wydajne ch\u0142odzenie, nawet w najbardziej wymagaj\u0105cych konfiguracjach.<\/li>\n\n\n\n<li>WZMOCNIONA WENTYLACJA I SZEROKA KOMPATYBILNO\u015a\u0106: Dostarczana z 3 wentylatorami w zestawie, obs\u0142uguje wentylatory do 181 mm i karty graficzne do 410 mm, oferuj\u0105c optymaln\u0105 elastyczno\u015b\u0107 dla Twoich komponent\u00f3w.<\/li>\n\n\n\n<li>MO\u017bLIWO\u015a\u0106 PRZECHOWYWANIA DOSTOSOWANA DO WSZYSTKICH POTRZEB: Skorzystaj z 3 gniazd HDD\/SSD, oferuj\u0105cych praktyczne i wszechstronne opcje przechowywania, aby zarz\u0105dza\u0107 plikami, grami i aplikacjami bez ogranicze\u0144.<\/li>\n<\/ul>\n\n\n\n<div style=\"height:22px\" aria-hidden=\"true\" class=\"wp-block-spacer\"><\/div>\n\n\n\n<div class=\"wp-block-buttons is-content-justification-center is-layout-flex wp-container-core-buttons-is-layout-a89b3969 wp-block-buttons-is-layout-flex\">\n<div class=\"wp-block-button\"><a class=\"wp-block-button__link wp-element-button\" href=\"https:\/\/amzn.to\/3UAQsgC\">KUP<\/a><\/div>\n\n\n\n<div class=\"wp-block-button\"><a class=\"wp-block-button__link wp-element-button\" href=\"https:\/\/anewway.eu\/pl\/telechargements\/\">WSPARCIE<\/a><\/div>\n<\/div>\n<\/div>\n<\/div>\n<\/div>\n\n\n\n<p><\/p>","protected":false},"excerpt":{"rendered":"","protected":false},"author":1,"featured_media":0,"parent":0,"menu_order":0,"comment_status":"closed","ping_status":"closed","template":"","meta":{"_themeisle_gutenberg_block_has_review":false,"footnotes":""},"class_list":["post-296","page","type-page","status-publish","hentry"],"_links":{"self":[{"href":"https:\/\/anewway.eu\/pl\/wp-json\/wp\/v2\/pages\/296","targetHints":{"allow":["GET"]}}],"collection":[{"href":"https:\/\/anewway.eu\/pl\/wp-json\/wp\/v2\/pages"}],"about":[{"href":"https:\/\/anewway.eu\/pl\/wp-json\/wp\/v2\/types\/page"}],"author":[{"embeddable":true,"href":"https:\/\/anewway.eu\/pl\/wp-json\/wp\/v2\/users\/1"}],"replies":[{"embeddable":true,"href":"https:\/\/anewway.eu\/pl\/wp-json\/wp\/v2\/comments?post=296"}],"version-history":[{"count":1,"href":"https:\/\/anewway.eu\/pl\/wp-json\/wp\/v2\/pages\/296\/revisions"}],"predecessor-version":[{"id":298,"href":"https:\/\/anewway.eu\/pl\/wp-json\/wp\/v2\/pages\/296\/revisions\/298"}],"wp:attachment":[{"href":"https:\/\/anewway.eu\/pl\/wp-json\/wp\/v2\/media?parent=296"}],"curies":[{"name":"wp","href":"https:\/\/api.w.org\/{rel}","templated":true}]}}