{"id":281,"date":"2025-03-31T09:31:03","date_gmt":"2025-03-31T09:31:03","guid":{"rendered":"https:\/\/anewway.eu\/?page_id=281"},"modified":"2025-03-31T09:31:03","modified_gmt":"2025-03-31T09:31:03","slug":"a3","status":"publish","type":"page","link":"https:\/\/anewway.eu\/pl\/a3","title":{"rendered":"A3"},"content":{"rendered":"<div class=\"wp-block-group alignfull has-accent-5-background-color has-background has-global-padding is-layout-constrained wp-container-core-group-is-layout-d89aad35 wp-block-group-is-layout-constrained\" style=\"margin-top:0;margin-bottom:0;padding-top:var(--wp--preset--spacing--50);padding-right:var(--wp--preset--spacing--50);padding-bottom:var(--wp--preset--spacing--50);padding-left:var(--wp--preset--spacing--50)\">\n<div class=\"wp-block-columns alignwide is-layout-flex wp-container-core-columns-is-layout-1da03c2a wp-block-columns-is-layout-flex\">\n<div class=\"wp-block-column is-vertically-aligned-center is-layout-flow wp-block-column-is-layout-flow\" style=\"flex-basis:60%\">\n<figure class=\"wp-block-image aligncenter size-large is-resized\"><img loading=\"lazy\" decoding=\"async\" width=\"1024\" height=\"1024\" src=\"http:\/\/anewway.eu\/wp-content\/uploads\/2024\/10\/ON-MO-A3-FACE-1024x1024.png\" alt=\"\" class=\"wp-image-95\" style=\"width:436px;height:auto\" srcset=\"https:\/\/anewway.eu\/wp-content\/uploads\/2024\/10\/ON-MO-A3-FACE-1024x1024.png 1024w, https:\/\/anewway.eu\/wp-content\/uploads\/2024\/10\/ON-MO-A3-FACE-300x300.png 300w, https:\/\/anewway.eu\/wp-content\/uploads\/2024\/10\/ON-MO-A3-FACE-150x150.png 150w, https:\/\/anewway.eu\/wp-content\/uploads\/2024\/10\/ON-MO-A3-FACE-768x768.png 768w, https:\/\/anewway.eu\/wp-content\/uploads\/2024\/10\/ON-MO-A3-FACE.png 1500w\" sizes=\"auto, (max-width: 1024px) 100vw, 1024px\" \/><\/figure>\n<\/div>\n\n\n\n<div class=\"wp-block-column is-layout-flow wp-block-column-is-layout-flow\" style=\"flex-basis:40%\">\n<h2 class=\"wp-block-heading\"><\/h2>\n\n\n\n<ul class=\"wp-block-list\">\n<li>NATURALNA POZYCJA: Zaprojektowana z my\u015bl\u0105 o ergonomicznym chwycie, mysz ta zmniejsza dolegliwo\u015bci mi\u0119\u015bniowo-szkieletowe (MSD) i zach\u0119ca do bardziej naturalnej postawy. Zmniejsza zm\u0119czenie i zapobiega b\u00f3lom, takim jak zesp\u00f3\u0142 cie\u015bni nadgarstka lub zapalenie nadk\u0142ykcia. Zaprojektowana dla prawor\u0119cznych u\u017cytkownik\u00f3w, ogranicza napi\u0119cie mi\u0119\u015bni, zapewniaj\u0105c optymalny komfort.<\/li>\n\n\n\n<li>UNIKALNA PIONOWA KONSTRUKCJA: Ergonomiczny kszta\u0142t idealnie dopasowuje si\u0119 do d\u0142oni, zmniejszaj\u0105c napi\u0119cie mi\u0119\u015bni ramienia. Teksturowana gumowa podp\u00f3rka pod kciuk zwi\u0119ksza komfort, a jej regulowana waga od 115 g do 145 g, dzi\u0119ki wyjmowanej komorze z przeciwwag\u0105, pozwala na spersonalizowane do\u015bwiadczenie.<\/li>\n\n\n\n<li>PRAKTYCZNE STEROWANIE: Ciesz si\u0119 wyj\u0105tkowo cichymi klikni\u0119ciami zapewniaj\u0105cymi spokojne \u015brodowisko pracy. Przyciski boczne u\u0142atwiaj\u0105 surfowanie po Internecie, a k\u00f3\u0142ko przewijania z centralnym klikni\u0119ciem zapewnia szybkie i p\u0142ynne przewijanie.<\/li>\n\n\n\n<li>REGULOWANA DOK\u0141ADNO\u015a\u0106: Wysokowydajny czujnik optyczny oferuje regulowan\u0105 rozdzielczo\u015b\u0107 do 3200 DPI. U\u017cyj dedykowanego przycisku DPI, aby dostosowa\u0107 czu\u0142o\u015b\u0107 mi\u0119dzy 800, 1200, 2400 i 3200 DPI, aby uzyska\u0107 precyzj\u0119 i komfort dostosowany do Twoich potrzeb.<\/li>\n\n\n\n<li>KOMPATYBILNO\u015a\u0106 I INSTALACJA: Kompatybilna z systemami Windows, Linux i Mac (iMac, MacBook itp.), ta mysz jest ca\u0142kowicie plug and play. Nie wymaga sterownik\u00f3w: wystarczy pod\u0142\u0105czy\u0107 kabel USB o d\u0142ugo\u015bci 1,50 m i od razu rozpocz\u0105\u0107 korzystanie.<\/li>\n<\/ul>\n\n\n\n<div style=\"height:22px\" aria-hidden=\"true\" class=\"wp-block-spacer\"><\/div>\n\n\n\n<div class=\"wp-block-buttons is-content-justification-center is-layout-flex wp-container-core-buttons-is-layout-a89b3969 wp-block-buttons-is-layout-flex\">\n<div class=\"wp-block-button\"><a class=\"wp-block-button__link wp-element-button\" href=\"https:\/\/amzn.to\/45rRjGx\">KUP<\/a><\/div>\n\n\n\n<div class=\"wp-block-button\"><a class=\"wp-block-button__link wp-element-button\" href=\"https:\/\/anewway.eu\/pl\/telechargements\/\">WSPARCIE<\/a><\/div>\n<\/div>\n<\/div>\n<\/div>\n<\/div>\n\n\n\n<p><\/p>","protected":false},"excerpt":{"rendered":"","protected":false},"author":1,"featured_media":0,"parent":0,"menu_order":0,"comment_status":"closed","ping_status":"closed","template":"","meta":{"_themeisle_gutenberg_block_has_review":false,"footnotes":""},"class_list":["post-281","page","type-page","status-publish","hentry"],"_links":{"self":[{"href":"https:\/\/anewway.eu\/pl\/wp-json\/wp\/v2\/pages\/281","targetHints":{"allow":["GET"]}}],"collection":[{"href":"https:\/\/anewway.eu\/pl\/wp-json\/wp\/v2\/pages"}],"about":[{"href":"https:\/\/anewway.eu\/pl\/wp-json\/wp\/v2\/types\/page"}],"author":[{"embeddable":true,"href":"https:\/\/anewway.eu\/pl\/wp-json\/wp\/v2\/users\/1"}],"replies":[{"embeddable":true,"href":"https:\/\/anewway.eu\/pl\/wp-json\/wp\/v2\/comments?post=281"}],"version-history":[{"count":1,"href":"https:\/\/anewway.eu\/pl\/wp-json\/wp\/v2\/pages\/281\/revisions"}],"predecessor-version":[{"id":283,"href":"https:\/\/anewway.eu\/pl\/wp-json\/wp\/v2\/pages\/281\/revisions\/283"}],"wp:attachment":[{"href":"https:\/\/anewway.eu\/pl\/wp-json\/wp\/v2\/media?parent=281"}],"curies":[{"name":"wp","href":"https:\/\/api.w.org\/{rel}","templated":true}]}}