{"id":276,"date":"2025-03-31T09:27:04","date_gmt":"2025-03-31T09:27:04","guid":{"rendered":"https:\/\/anewway.eu\/?page_id=276"},"modified":"2025-03-31T09:27:04","modified_gmt":"2025-03-31T09:27:04","slug":"a4","status":"publish","type":"page","link":"https:\/\/anewway.eu\/pl\/a4","title":{"rendered":"A4"},"content":{"rendered":"<div class=\"wp-block-group alignfull has-accent-5-background-color has-background has-global-padding is-layout-constrained wp-container-core-group-is-layout-d89aad35 wp-block-group-is-layout-constrained\" style=\"margin-top:0;margin-bottom:0;padding-top:var(--wp--preset--spacing--50);padding-right:var(--wp--preset--spacing--50);padding-bottom:var(--wp--preset--spacing--50);padding-left:var(--wp--preset--spacing--50)\">\n<div class=\"wp-block-columns alignwide is-layout-flex wp-container-core-columns-is-layout-1da03c2a wp-block-columns-is-layout-flex\">\n<div class=\"wp-block-column is-vertically-aligned-center is-layout-flow wp-block-column-is-layout-flow\" style=\"flex-basis:60%\">\n<figure class=\"wp-block-image aligncenter size-large is-resized\"><img loading=\"lazy\" decoding=\"async\" width=\"1024\" height=\"1024\" src=\"http:\/\/anewway.eu\/wp-content\/uploads\/2024\/10\/ON-MO-A4-FACE-1024x1024.png\" alt=\"\" class=\"wp-image-96\" style=\"width:436px;height:auto\" srcset=\"https:\/\/anewway.eu\/wp-content\/uploads\/2024\/10\/ON-MO-A4-FACE-1024x1024.png 1024w, https:\/\/anewway.eu\/wp-content\/uploads\/2024\/10\/ON-MO-A4-FACE-300x300.png 300w, https:\/\/anewway.eu\/wp-content\/uploads\/2024\/10\/ON-MO-A4-FACE-150x150.png 150w, https:\/\/anewway.eu\/wp-content\/uploads\/2024\/10\/ON-MO-A4-FACE-768x768.png 768w, https:\/\/anewway.eu\/wp-content\/uploads\/2024\/10\/ON-MO-A4-FACE.png 1500w\" sizes=\"auto, (max-width: 1024px) 100vw, 1024px\" \/><\/figure>\n<\/div>\n\n\n\n<div class=\"wp-block-column is-layout-flow wp-block-column-is-layout-flow\" style=\"flex-basis:40%\">\n<h2 class=\"wp-block-heading\"><\/h2>\n\n\n\n<ul class=\"wp-block-list\">\n<li>NATURALNA POZYCJA: Zaprojektowana z my\u015bl\u0105 o promowaniu ergonomicznej postawy, mysz ta zmniejsza dolegliwo\u015bci mi\u0119\u015bniowo-szkieletowe (MSD) i zapobiega dyskomfortowi zwi\u0105zanemu z d\u0142ugotrwa\u0142ym u\u017cytkowaniem. Zmniejsza zm\u0119czenie i pomaga zapobiega\u0107 b\u00f3lom, takim jak zesp\u00f3\u0142 cie\u015bni nadgarstka.<\/li>\n\n\n\n<li>PIONOWA KONSTRUKCJA: Jej kszta\u0142t, specjalnie dostosowany do prawor\u0119cznych u\u017cytkownik\u00f3w, idealnie przylega do d\u0142oni, zapewniaj\u0105c naturalny, wygodny chwyt. Teksturowana gumowa podp\u00f3rka pod kciuk dodatkowo zwi\u0119ksza komfort i zmniejsza napi\u0119cie mi\u0119\u015bni ramienia.<\/li>\n\n\n\n<li>PRAKTYCZNE STEROWANIE: Bardzo ciche klikanie zapewnia cichsze \u015brodowisko pracy. Przyciski boczne u\u0142atwiaj\u0105 surfowanie po Internecie, a k\u00f3\u0142ko \u015brodkowego klikni\u0119cia pozwala szybko przewija\u0107 dokumenty i strony internetowe.<\/li>\n\n\n\n<li>REGULOWANA DOK\u0141ADNO\u015a\u0106: Wysokowydajny czujnik optyczny oferuje regulowan\u0105 rozdzielczo\u015b\u0107 do 3200 DPI. U\u017cyj dedykowanego przycisku DPI, aby wybra\u0107 mi\u0119dzy 800, 1200, 2400 i 3200 DPI, aby dostosowa\u0107 szybko\u015b\u0107 i precyzj\u0119 do swoich potrzeb.<\/li>\n\n\n\n<li>BEZPRZEWODOWA I KOMPATYBILNA: Ciesz si\u0119 stabilnym, niezawodnym po\u0142\u0105czeniem radiowym 2,4 GHz o zasi\u0119gu do 10 metr\u00f3w. Mysz jest kompatybilna z systemami Windows i Linux, a jej \u017cywotno\u015b\u0107 baterii wynosi do 15 miesi\u0119cy, w zale\u017cno\u015bci od u\u017cytych baterii (brak w zestawie).<\/li>\n<\/ul>\n\n\n\n<div style=\"height:22px\" aria-hidden=\"true\" class=\"wp-block-spacer\"><\/div>\n\n\n\n<div class=\"wp-block-buttons is-content-justification-center is-layout-flex wp-container-core-buttons-is-layout-a89b3969 wp-block-buttons-is-layout-flex\">\n<div class=\"wp-block-button\"><a class=\"wp-block-button__link wp-element-button\" href=\"https:\/\/amzn.to\/453sFus\">KUP<\/a><\/div>\n\n\n\n<div class=\"wp-block-button\"><a class=\"wp-block-button__link wp-element-button\" href=\"https:\/\/anewway.eu\/pl\/telechargements\/\">WSPARCIE<\/a><\/div>\n<\/div>\n<\/div>\n<\/div>\n<\/div>\n\n\n\n<p><\/p>","protected":false},"excerpt":{"rendered":"","protected":false},"author":1,"featured_media":0,"parent":0,"menu_order":0,"comment_status":"closed","ping_status":"closed","template":"","meta":{"_themeisle_gutenberg_block_has_review":false,"footnotes":""},"class_list":["post-276","page","type-page","status-publish","hentry"],"_links":{"self":[{"href":"https:\/\/anewway.eu\/pl\/wp-json\/wp\/v2\/pages\/276","targetHints":{"allow":["GET"]}}],"collection":[{"href":"https:\/\/anewway.eu\/pl\/wp-json\/wp\/v2\/pages"}],"about":[{"href":"https:\/\/anewway.eu\/pl\/wp-json\/wp\/v2\/types\/page"}],"author":[{"embeddable":true,"href":"https:\/\/anewway.eu\/pl\/wp-json\/wp\/v2\/users\/1"}],"replies":[{"embeddable":true,"href":"https:\/\/anewway.eu\/pl\/wp-json\/wp\/v2\/comments?post=276"}],"version-history":[{"count":1,"href":"https:\/\/anewway.eu\/pl\/wp-json\/wp\/v2\/pages\/276\/revisions"}],"predecessor-version":[{"id":278,"href":"https:\/\/anewway.eu\/pl\/wp-json\/wp\/v2\/pages\/276\/revisions\/278"}],"wp:attachment":[{"href":"https:\/\/anewway.eu\/pl\/wp-json\/wp\/v2\/media?parent=276"}],"curies":[{"name":"wp","href":"https:\/\/api.w.org\/{rel}","templated":true}]}}