{"id":265,"date":"2025-03-31T09:09:59","date_gmt":"2025-03-31T09:09:59","guid":{"rendered":"https:\/\/anewway.eu\/?page_id=265"},"modified":"2025-07-31T09:07:09","modified_gmt":"2025-07-31T09:07:09","slug":"a7","status":"publish","type":"page","link":"https:\/\/anewway.eu\/pl\/a7","title":{"rendered":"A7"},"content":{"rendered":"<div class=\"wp-block-group alignfull has-accent-5-background-color has-background has-global-padding is-layout-constrained wp-container-core-group-is-layout-d89aad35 wp-block-group-is-layout-constrained\" style=\"margin-top:0;margin-bottom:0;padding-top:var(--wp--preset--spacing--50);padding-right:var(--wp--preset--spacing--50);padding-bottom:var(--wp--preset--spacing--50);padding-left:var(--wp--preset--spacing--50)\">\n<div class=\"wp-block-columns alignwide is-layout-flex wp-container-core-columns-is-layout-1da03c2a wp-block-columns-is-layout-flex\">\n<div class=\"wp-block-column is-vertically-aligned-center is-layout-flow wp-block-column-is-layout-flow\" style=\"flex-basis:60%\">\n<div class=\"wp-block-group is-nowrap is-layout-flex wp-container-core-group-is-layout-6c531013 wp-block-group-is-layout-flex\">\n<figure class=\"wp-block-image size-large is-resized\"><img loading=\"lazy\" decoding=\"async\" width=\"1024\" height=\"1024\" src=\"http:\/\/anewway.eu\/wp-content\/uploads\/2024\/04\/ON-MO-A7BK_V1-1024x1024.png\" alt=\"\" class=\"wp-image-49\" style=\"width:361px;height:auto\" srcset=\"https:\/\/anewway.eu\/wp-content\/uploads\/2024\/04\/ON-MO-A7BK_V1-1024x1024.png 1024w, https:\/\/anewway.eu\/wp-content\/uploads\/2024\/04\/ON-MO-A7BK_V1-300x300.png 300w, https:\/\/anewway.eu\/wp-content\/uploads\/2024\/04\/ON-MO-A7BK_V1-150x150.png 150w, https:\/\/anewway.eu\/wp-content\/uploads\/2024\/04\/ON-MO-A7BK_V1-768x768.png 768w, https:\/\/anewway.eu\/wp-content\/uploads\/2024\/04\/ON-MO-A7BK_V1-12x12.png 12w, https:\/\/anewway.eu\/wp-content\/uploads\/2024\/04\/ON-MO-A7BK_V1.png 1500w\" sizes=\"auto, (max-width: 1024px) 100vw, 1024px\" \/><\/figure>\n\n\n\n<figure class=\"wp-block-image size-large is-resized\"><img loading=\"lazy\" decoding=\"async\" width=\"1024\" height=\"1024\" src=\"http:\/\/anewway.eu\/wp-content\/uploads\/2024\/04\/ON-MO-A7WT_V1-1024x1024.png\" alt=\"\" class=\"wp-image-53\" style=\"width:310px;height:auto\" srcset=\"https:\/\/anewway.eu\/wp-content\/uploads\/2024\/04\/ON-MO-A7WT_V1-1024x1024.png 1024w, https:\/\/anewway.eu\/wp-content\/uploads\/2024\/04\/ON-MO-A7WT_V1-300x300.png 300w, https:\/\/anewway.eu\/wp-content\/uploads\/2024\/04\/ON-MO-A7WT_V1-150x150.png 150w, https:\/\/anewway.eu\/wp-content\/uploads\/2024\/04\/ON-MO-A7WT_V1-768x768.png 768w, https:\/\/anewway.eu\/wp-content\/uploads\/2024\/04\/ON-MO-A7WT_V1-12x12.png 12w, https:\/\/anewway.eu\/wp-content\/uploads\/2024\/04\/ON-MO-A7WT_V1.png 1500w\" sizes=\"auto, (max-width: 1024px) 100vw, 1024px\" \/><\/figure>\n<\/div>\n<\/div>\n\n\n\n<div class=\"wp-block-column is-layout-flow wp-block-column-is-layout-flow\" style=\"flex-basis:40%\">\n<h2 class=\"wp-block-heading\"><\/h2>\n\n\n\n<ul class=\"wp-block-list\">\n<li>NATYCHMIASTOWA INSTALACJA: Wystarczy pod\u0142\u0105czy\u0107 mysz przewodow\u0105 USB, nie jest wymagana instalacja sterownik\u00f3w ani oprogramowania. Gotowa do u\u017cycia w mgnieniu oka!<\/li>\n\n\n\n<li>UNIWERSALNA KOMPATYBILNO\u015a\u0106: ta mysz oferuje ca\u0142kowit\u0105 wszechstronno\u015b\u0107 i bezproblemow\u0105 kompatybilno\u015b\u0107 z systemami Windows, Mac i Linux. Niezale\u017cnie od platformy, mo\u017cesz cieszy\u0107 si\u0119 sp\u00f3jnym i wydajnym do\u015bwiadczeniem u\u017cytkownika.<\/li>\n\n\n\n<li>ZMNIEJSZONA PRECYZJA Z ZAAWANSOWANYM CZUJNIKIEM: Precyzyjny czujnik optyczny gwarantuje optymaln\u0105 szybko\u015b\u0107 reakcji. Dostosuj rozdzielczo\u015b\u0107 1200\/1800\/2400\/3600 DPI do swoich potrzeb za pomoc\u0105 dedykowanego przycisku DPI, aby uzyska\u0107 p\u0142ynn\u0105 i dok\u0142adn\u0105 prac\u0119.<\/li>\n\n\n\n<li>ERGONOMICZNA KONSTRUKCJA ZAPEWNIAJ\u0104CA OPTYMALNY KOMFORT: Dzi\u0119ki ergonomicznej konstrukcji ta mysz naturalnie dopasowuje si\u0119 do d\u0142oni, zmniejszaj\u0105c zm\u0119czenie podczas d\u0142ugich sesji roboczych. Zapewnij sobie wyj\u0105tkowy komfort przez ca\u0142y dzie\u0144.<\/li>\n\n\n\n<li>SUBTELNE POD\u015aWIETLENIE: Ciesz si\u0119 urokiem dyskretnego bia\u0142ego pod\u015bwietlenia tej myszy, dodaj\u0105c elegancki akcent do miejsca pracy bez uszczerbku dla trze\u017awo\u015bci.<\/li>\n\n\n\n<li>PRECYZYJNE I CICHE KLIKNI\u0118CIA: Poznaj bezprzewodow\u0105 mysz, kt\u00f3ra zapewnia precyzyjne, czu\u0142e i ciche klikni\u0119cia. Wyj\u0105tkowa jako\u015b\u0107 bez skomplikowanego programowania, idealna do intuicyjnego codziennego u\u017cytku.<\/li>\n\n\n\n<li>2-LETNIA GWARANCJA W\u0141\u0104CZONA: Ciesz si\u0119 ca\u0142kowitym spokojem dzi\u0119ki naszej myszy, wspieranej przez dwuletni\u0105 gwarancj\u0119 od daty zakupu. Kupuj bez obaw, poniewa\u017c Twoje zadowolenie jest naszym priorytetem.<\/li>\n\n\n\n<li>DWA ELEGANCKIE KOLORY: Dost\u0119pne w kolorze bia\u0142ym lub czarnym, wybierz mysz, kt\u00f3ra pasuje do Twojego stylu.<\/li>\n<\/ul>\n\n\n\n<div style=\"height:22px\" aria-hidden=\"true\" class=\"wp-block-spacer\"><\/div>\n\n\n\n<div class=\"wp-block-buttons is-content-justification-center is-layout-flex wp-container-core-buttons-is-layout-a89b3969 wp-block-buttons-is-layout-flex\">\n<div class=\"wp-block-button\"><a class=\"wp-block-button__link wp-element-button\" href=\"https:\/\/amzn.to\/4lTOh3L\">KUP<\/a><\/div>\n\n\n\n<div class=\"wp-block-button\"><a class=\"wp-block-button__link wp-element-button\" href=\"https:\/\/amzn.to\/3XELCAX\">WSPARCIE<\/a><\/div>\n<\/div>\n<\/div>\n<\/div>\n<\/div>\n\n\n\n<p><\/p>","protected":false},"excerpt":{"rendered":"","protected":false},"author":1,"featured_media":0,"parent":0,"menu_order":0,"comment_status":"closed","ping_status":"closed","template":"","meta":{"_themeisle_gutenberg_block_has_review":false,"footnotes":""},"class_list":["post-265","page","type-page","status-publish","hentry"],"_links":{"self":[{"href":"https:\/\/anewway.eu\/pl\/wp-json\/wp\/v2\/pages\/265","targetHints":{"allow":["GET"]}}],"collection":[{"href":"https:\/\/anewway.eu\/pl\/wp-json\/wp\/v2\/pages"}],"about":[{"href":"https:\/\/anewway.eu\/pl\/wp-json\/wp\/v2\/types\/page"}],"author":[{"embeddable":true,"href":"https:\/\/anewway.eu\/pl\/wp-json\/wp\/v2\/users\/1"}],"replies":[{"embeddable":true,"href":"https:\/\/anewway.eu\/pl\/wp-json\/wp\/v2\/comments?post=265"}],"version-history":[{"count":3,"href":"https:\/\/anewway.eu\/pl\/wp-json\/wp\/v2\/pages\/265\/revisions"}],"predecessor-version":[{"id":326,"href":"https:\/\/anewway.eu\/pl\/wp-json\/wp\/v2\/pages\/265\/revisions\/326"}],"wp:attachment":[{"href":"https:\/\/anewway.eu\/pl\/wp-json\/wp\/v2\/media?parent=265"}],"curies":[{"name":"wp","href":"https:\/\/api.w.org\/{rel}","templated":true}]}}