{"id":248,"date":"2025-03-31T09:03:41","date_gmt":"2025-03-31T09:03:41","guid":{"rendered":"https:\/\/anewway.eu\/?page_id=248"},"modified":"2025-03-31T09:19:47","modified_gmt":"2025-03-31T09:19:47","slug":"a9","status":"publish","type":"page","link":"https:\/\/anewway.eu\/pl\/a9","title":{"rendered":"A9"},"content":{"rendered":"<div class=\"wp-block-group alignfull has-accent-5-background-color has-background has-global-padding is-layout-constrained wp-container-core-group-is-layout-d89aad35 wp-block-group-is-layout-constrained\" style=\"margin-top:0;margin-bottom:0;padding-top:var(--wp--preset--spacing--50);padding-right:var(--wp--preset--spacing--50);padding-bottom:var(--wp--preset--spacing--50);padding-left:var(--wp--preset--spacing--50)\">\n<div class=\"wp-block-columns alignwide is-layout-flex wp-container-core-columns-is-layout-1da03c2a wp-block-columns-is-layout-flex\">\n<div class=\"wp-block-column is-vertically-aligned-center is-layout-flow wp-block-column-is-layout-flow\" style=\"flex-basis:60%\">\n<div class=\"wp-block-group is-nowrap is-layout-flex wp-container-core-group-is-layout-6c531013 wp-block-group-is-layout-flex\">\n<figure class=\"wp-block-image size-large is-resized\"><img loading=\"lazy\" decoding=\"async\" width=\"1024\" height=\"1024\" src=\"http:\/\/anewway.eu\/wp-content\/uploads\/2024\/10\/ON-MO-A9BK_1500_V1-1024x1024.png\" alt=\"\" class=\"wp-image-97\" style=\"width:361px;height:auto\" srcset=\"https:\/\/anewway.eu\/wp-content\/uploads\/2024\/10\/ON-MO-A9BK_1500_V1-1024x1024.png 1024w, https:\/\/anewway.eu\/wp-content\/uploads\/2024\/10\/ON-MO-A9BK_1500_V1-300x300.png 300w, https:\/\/anewway.eu\/wp-content\/uploads\/2024\/10\/ON-MO-A9BK_1500_V1-150x150.png 150w, https:\/\/anewway.eu\/wp-content\/uploads\/2024\/10\/ON-MO-A9BK_1500_V1-768x768.png 768w, https:\/\/anewway.eu\/wp-content\/uploads\/2024\/10\/ON-MO-A9BK_1500_V1.png 1500w\" sizes=\"auto, (max-width: 1024px) 100vw, 1024px\" \/><\/figure>\n\n\n\n<figure class=\"wp-block-image size-large is-resized\"><img loading=\"lazy\" decoding=\"async\" width=\"1024\" height=\"1024\" src=\"http:\/\/anewway.eu\/wp-content\/uploads\/2024\/10\/ON-MO-A9GR_1500_V1-1024x1024.png\" alt=\"\" class=\"wp-image-98\" style=\"width:310px;height:auto\" srcset=\"https:\/\/anewway.eu\/wp-content\/uploads\/2024\/10\/ON-MO-A9GR_1500_V1-1024x1024.png 1024w, https:\/\/anewway.eu\/wp-content\/uploads\/2024\/10\/ON-MO-A9GR_1500_V1-300x300.png 300w, https:\/\/anewway.eu\/wp-content\/uploads\/2024\/10\/ON-MO-A9GR_1500_V1-150x150.png 150w, https:\/\/anewway.eu\/wp-content\/uploads\/2024\/10\/ON-MO-A9GR_1500_V1-768x768.png 768w, https:\/\/anewway.eu\/wp-content\/uploads\/2024\/10\/ON-MO-A9GR_1500_V1.png 1500w\" sizes=\"auto, (max-width: 1024px) 100vw, 1024px\" \/><\/figure>\n<\/div>\n\n\n\n<figure class=\"wp-block-image aligncenter size-large is-resized\"><img loading=\"lazy\" decoding=\"async\" width=\"1024\" height=\"1024\" src=\"http:\/\/anewway.eu\/wp-content\/uploads\/2024\/10\/ON-MO-A9WT_1500_V1-1024x1024.png\" alt=\"\" class=\"wp-image-99\" style=\"width:260px;height:auto\" srcset=\"https:\/\/anewway.eu\/wp-content\/uploads\/2024\/10\/ON-MO-A9WT_1500_V1-1024x1024.png 1024w, https:\/\/anewway.eu\/wp-content\/uploads\/2024\/10\/ON-MO-A9WT_1500_V1-300x300.png 300w, https:\/\/anewway.eu\/wp-content\/uploads\/2024\/10\/ON-MO-A9WT_1500_V1-150x150.png 150w, https:\/\/anewway.eu\/wp-content\/uploads\/2024\/10\/ON-MO-A9WT_1500_V1-768x768.png 768w, https:\/\/anewway.eu\/wp-content\/uploads\/2024\/10\/ON-MO-A9WT_1500_V1.png 1500w\" sizes=\"auto, (max-width: 1024px) 100vw, 1024px\" \/><\/figure>\n<\/div>\n\n\n\n<div class=\"wp-block-column is-layout-flow wp-block-column-is-layout-flow\" style=\"flex-basis:40%\">\n<h2 class=\"wp-block-heading\"><\/h2>\n\n\n\n<ul class=\"wp-block-list\">\n<li>TRZY TRYBY \u0141\u0104CZNO\u015aCI BEZPRZEWODOWEJ: \u0141atwe po\u0142\u0105czenie przez WiFi (odbiornik w zestawie), BT 3.0 i 5.0 dla maksymalnej elastyczno\u015bci i uniwersalnej kompatybilno\u015bci.<\/li>\n\n\n\n<li>5 REGULOWANYCH PROFILI DPI: Prze\u0142\u0105czaj mi\u0119dzy 800, 1200, 1600, 2000 i 2400 DPI, aby uzyska\u0107 precyzj\u0119 i szybko\u015b\u0107 reakcji dostosowan\u0105 do Twoich potrzeb.<\/li>\n\n\n\n<li>ERGONOMICZNA I LEKKA KONSTRUKCJA: Kszta\u0142t specjalnie zaprojektowany, aby dopasowa\u0107 si\u0119 do d\u0142oni, zmniejszaj\u0105c zm\u0119czenie mi\u0119\u015bni i umo\u017cliwiaj\u0105c wygodne, ca\u0142odzienne u\u017cytkowanie.<\/li>\n\n\n\n<li>\u0141ADOWALNY AKUMULATOR USB-C: Ciesz si\u0119 d\u0142ug\u0105 \u017cywotno\u015bci\u0105 baterii dzi\u0119ki akumulatorowi \u0142adowanemu przez USB-C, eliminuj\u0105c potrzeb\u0119 stosowania baterii jednorazowych.<\/li>\n\n\n\n<li>UNIWERSALNA KOMPATYBILNO\u015a\u0106: Dzia\u0142a doskonale z komputerami PC, Mac i Linux bez potrzeby instalowania dodatkowego oprogramowania - wystarczy pod\u0142\u0105czy\u0107 i rozpocz\u0105\u0107 korzystanie.<\/li>\n\n\n\n<li>6 PRAKTYCZNYCH PRZYCISK\u00d3W: 6 przycisk\u00f3w dla intuicyjnej obs\u0142ugi i zwi\u0119kszonej produktywno\u015bci, dla wszystkich potrzeb biurowych.<\/li>\n\n\n\n<li>EFEKTY POD\u015aWIETLENIA RGB: Spersonalizuj swoje wra\u017cenia dzi\u0119ki 3 efektom pod\u015bwietlenia RGB, kt\u00f3re dodadz\u0105 stylu Twojemu miejscu pracy.<\/li>\n<\/ul>\n\n\n\n<div style=\"height:22px\" aria-hidden=\"true\" class=\"wp-block-spacer\"><\/div>\n\n\n\n<div class=\"wp-block-buttons is-content-justification-center is-layout-flex wp-container-core-buttons-is-layout-a89b3969 wp-block-buttons-is-layout-flex\">\n<div class=\"wp-block-button\"><a class=\"wp-block-button__link wp-element-button\" href=\"https:\/\/amzn.to\/41jK0hN\">KUP<\/a><\/div>\n\n\n\n<div class=\"wp-block-button\"><a class=\"wp-block-button__link wp-element-button\" href=\"https:\/\/anewway.eu\/pl\/telechargements\/\">WSPARCIE<\/a><\/div>\n<\/div>\n<\/div>\n<\/div>\n<\/div>\n\n\n\n<p><\/p>","protected":false},"excerpt":{"rendered":"","protected":false},"author":1,"featured_media":0,"parent":0,"menu_order":0,"comment_status":"closed","ping_status":"closed","template":"","meta":{"_themeisle_gutenberg_block_has_review":false,"footnotes":""},"class_list":["post-248","page","type-page","status-publish","hentry"],"_links":{"self":[{"href":"https:\/\/anewway.eu\/pl\/wp-json\/wp\/v2\/pages\/248","targetHints":{"allow":["GET"]}}],"collection":[{"href":"https:\/\/anewway.eu\/pl\/wp-json\/wp\/v2\/pages"}],"about":[{"href":"https:\/\/anewway.eu\/pl\/wp-json\/wp\/v2\/types\/page"}],"author":[{"embeddable":true,"href":"https:\/\/anewway.eu\/pl\/wp-json\/wp\/v2\/users\/1"}],"replies":[{"embeddable":true,"href":"https:\/\/anewway.eu\/pl\/wp-json\/wp\/v2\/comments?post=248"}],"version-history":[{"count":10,"href":"https:\/\/anewway.eu\/pl\/wp-json\/wp\/v2\/pages\/248\/revisions"}],"predecessor-version":[{"id":274,"href":"https:\/\/anewway.eu\/pl\/wp-json\/wp\/v2\/pages\/248\/revisions\/274"}],"wp:attachment":[{"href":"https:\/\/anewway.eu\/pl\/wp-json\/wp\/v2\/media?parent=248"}],"curies":[{"name":"wp","href":"https:\/\/api.w.org\/{rel}","templated":true}]}}