{"id":281,"date":"2025-03-31T09:31:03","date_gmt":"2025-03-31T09:31:03","guid":{"rendered":"https:\/\/anewway.eu\/?page_id=281"},"modified":"2025-03-31T09:31:03","modified_gmt":"2025-03-31T09:31:03","slug":"a3","status":"publish","type":"page","link":"https:\/\/anewway.eu\/it\/a3","title":{"rendered":"A3"},"content":{"rendered":"<div class=\"wp-block-group alignfull has-accent-5-background-color has-background has-global-padding is-layout-constrained wp-container-core-group-is-layout-d89aad35 wp-block-group-is-layout-constrained\" style=\"margin-top:0;margin-bottom:0;padding-top:var(--wp--preset--spacing--50);padding-right:var(--wp--preset--spacing--50);padding-bottom:var(--wp--preset--spacing--50);padding-left:var(--wp--preset--spacing--50)\">\n<div class=\"wp-block-columns alignwide is-layout-flex wp-container-core-columns-is-layout-1da03c2a wp-block-columns-is-layout-flex\">\n<div class=\"wp-block-column is-vertically-aligned-center is-layout-flow wp-block-column-is-layout-flow\" style=\"flex-basis:60%\">\n<figure class=\"wp-block-image aligncenter size-large is-resized\"><img loading=\"lazy\" decoding=\"async\" width=\"1024\" height=\"1024\" src=\"http:\/\/anewway.eu\/wp-content\/uploads\/2024\/10\/ON-MO-A3-FACE-1024x1024.png\" alt=\"\" class=\"wp-image-95\" style=\"width:436px;height:auto\" srcset=\"https:\/\/anewway.eu\/wp-content\/uploads\/2024\/10\/ON-MO-A3-FACE-1024x1024.png 1024w, https:\/\/anewway.eu\/wp-content\/uploads\/2024\/10\/ON-MO-A3-FACE-300x300.png 300w, https:\/\/anewway.eu\/wp-content\/uploads\/2024\/10\/ON-MO-A3-FACE-150x150.png 150w, https:\/\/anewway.eu\/wp-content\/uploads\/2024\/10\/ON-MO-A3-FACE-768x768.png 768w, https:\/\/anewway.eu\/wp-content\/uploads\/2024\/10\/ON-MO-A3-FACE.png 1500w\" sizes=\"auto, (max-width: 1024px) 100vw, 1024px\" \/><\/figure>\n<\/div>\n\n\n\n<div class=\"wp-block-column is-layout-flow wp-block-column-is-layout-flow\" style=\"flex-basis:40%\">\n<h2 class=\"wp-block-heading\"><\/h2>\n\n\n\n<ul class=\"wp-block-list\">\n<li>POSIZIONE NATURALE: progettato per una presa ergonomica, questo mouse riduce i disturbi muscoloscheletrici (DMS) e favorisce una postura pi\u00f9 naturale. Riduce l'affaticamento e previene dolori come la sindrome del tunnel carpale o l'epicondilite. Progettato per utenti destrimani, limita lo sforzo muscolare per un comfort ottimale.<\/li>\n\n\n\n<li>DESIGN UNICO VERTICALE: la sua forma ergonomica abbraccia perfettamente la mano, riducendo la tensione muscolare del braccio. Il poggiapollice in gomma testurizzata aumenta il comfort, mentre il peso regolabile da 115 g a 145 g, grazie a un vano rimovibile con contrappeso, consente un'esperienza personalizzata.<\/li>\n\n\n\n<li>COMANDI PRATICI: clic ultra-silenziosi per un ambiente di lavoro tranquillo. I pulsanti laterali facilitano la navigazione sul Web, mentre la rotella di scorrimento con clic centrale assicura uno scorrimento rapido e fluido.<\/li>\n\n\n\n<li>ACCURATEZZA REGOLABILE: il suo sensore ottico ad alte prestazioni offre una risoluzione regolabile fino a 3200 DPI. Utilizzate il pulsante DPI dedicato per regolare la sensibilit\u00e0 tra 800, 1200, 2400 e 3200 DPI per una precisione e un comfort adeguati alle vostre esigenze.<\/li>\n\n\n\n<li>COMPATIBILIT\u00c0 E INSTALLAZIONE: compatibile con Windows, Linux e Mac (iMac, MacBook, ecc.), questo mouse \u00e8 completamente plug and play. Non \u00e8 necessario alcun driver: \u00e8 sufficiente collegare il cavo USB da 1,50 m e iniziare subito a utilizzarlo.<\/li>\n<\/ul>\n\n\n\n<div style=\"height:22px\" aria-hidden=\"true\" class=\"wp-block-spacer\"><\/div>\n\n\n\n<div class=\"wp-block-buttons is-content-justification-center is-layout-flex wp-container-core-buttons-is-layout-a89b3969 wp-block-buttons-is-layout-flex\">\n<div class=\"wp-block-button\"><a class=\"wp-block-button__link wp-element-button\" href=\"https:\/\/amzn.to\/3H8fVuO\">ACQUISTO<\/a><\/div>\n\n\n\n<div class=\"wp-block-button\"><a class=\"wp-block-button__link wp-element-button\" href=\"https:\/\/anewway.eu\/it\/telechargements\/\">SOSTEGNO<\/a><\/div>\n<\/div>\n<\/div>\n<\/div>\n<\/div>\n\n\n\n<p><\/p>","protected":false},"excerpt":{"rendered":"","protected":false},"author":1,"featured_media":0,"parent":0,"menu_order":0,"comment_status":"closed","ping_status":"closed","template":"","meta":{"_themeisle_gutenberg_block_has_review":false,"footnotes":""},"class_list":["post-281","page","type-page","status-publish","hentry"],"_links":{"self":[{"href":"https:\/\/anewway.eu\/it\/wp-json\/wp\/v2\/pages\/281","targetHints":{"allow":["GET"]}}],"collection":[{"href":"https:\/\/anewway.eu\/it\/wp-json\/wp\/v2\/pages"}],"about":[{"href":"https:\/\/anewway.eu\/it\/wp-json\/wp\/v2\/types\/page"}],"author":[{"embeddable":true,"href":"https:\/\/anewway.eu\/it\/wp-json\/wp\/v2\/users\/1"}],"replies":[{"embeddable":true,"href":"https:\/\/anewway.eu\/it\/wp-json\/wp\/v2\/comments?post=281"}],"version-history":[{"count":1,"href":"https:\/\/anewway.eu\/it\/wp-json\/wp\/v2\/pages\/281\/revisions"}],"predecessor-version":[{"id":283,"href":"https:\/\/anewway.eu\/it\/wp-json\/wp\/v2\/pages\/281\/revisions\/283"}],"wp:attachment":[{"href":"https:\/\/anewway.eu\/it\/wp-json\/wp\/v2\/media?parent=281"}],"curies":[{"name":"wp","href":"https:\/\/api.w.org\/{rel}","templated":true}]}}