{"id":269,"date":"2025-03-31T09:19:41","date_gmt":"2025-03-31T09:19:41","guid":{"rendered":"https:\/\/anewway.eu\/?page_id=269"},"modified":"2025-03-31T09:19:41","modified_gmt":"2025-03-31T09:19:41","slug":"a8","status":"publish","type":"page","link":"https:\/\/anewway.eu\/it\/a8","title":{"rendered":"A8"},"content":{"rendered":"<div class=\"wp-block-group alignfull has-accent-5-background-color has-background has-global-padding is-layout-constrained wp-container-core-group-is-layout-d89aad35 wp-block-group-is-layout-constrained\" style=\"margin-top:0;margin-bottom:0;padding-top:var(--wp--preset--spacing--50);padding-right:var(--wp--preset--spacing--50);padding-bottom:var(--wp--preset--spacing--50);padding-left:var(--wp--preset--spacing--50)\">\n<div class=\"wp-block-columns alignwide is-layout-flex wp-container-core-columns-is-layout-1da03c2a wp-block-columns-is-layout-flex\">\n<div class=\"wp-block-column is-vertically-aligned-center is-layout-flow wp-block-column-is-layout-flow\" style=\"flex-basis:60%\">\n<div class=\"wp-block-group is-nowrap is-layout-flex wp-container-core-group-is-layout-6c531013 wp-block-group-is-layout-flex\">\n<figure class=\"wp-block-image size-large is-resized\"><img loading=\"lazy\" decoding=\"async\" width=\"1024\" height=\"1024\" src=\"http:\/\/anewway.eu\/wp-content\/uploads\/2024\/04\/ON-MO-A8BK_V1-1024x1024.png\" alt=\"\" class=\"wp-image-50\" style=\"width:361px;height:auto\" srcset=\"https:\/\/anewway.eu\/wp-content\/uploads\/2024\/04\/ON-MO-A8BK_V1-1024x1024.png 1024w, https:\/\/anewway.eu\/wp-content\/uploads\/2024\/04\/ON-MO-A8BK_V1-300x300.png 300w, https:\/\/anewway.eu\/wp-content\/uploads\/2024\/04\/ON-MO-A8BK_V1-150x150.png 150w, https:\/\/anewway.eu\/wp-content\/uploads\/2024\/04\/ON-MO-A8BK_V1-768x768.png 768w, https:\/\/anewway.eu\/wp-content\/uploads\/2024\/04\/ON-MO-A8BK_V1-12x12.png 12w, https:\/\/anewway.eu\/wp-content\/uploads\/2024\/04\/ON-MO-A8BK_V1.png 1500w\" sizes=\"auto, (max-width: 1024px) 100vw, 1024px\" \/><\/figure>\n\n\n\n<figure class=\"wp-block-image size-large is-resized\"><img loading=\"lazy\" decoding=\"async\" width=\"1024\" height=\"1024\" src=\"http:\/\/anewway.eu\/wp-content\/uploads\/2024\/04\/ON-MO-A8WT_V1-1024x1024.png\" alt=\"\" class=\"wp-image-55\" style=\"width:310px;height:auto\" srcset=\"https:\/\/anewway.eu\/wp-content\/uploads\/2024\/04\/ON-MO-A8WT_V1-1024x1024.png 1024w, https:\/\/anewway.eu\/wp-content\/uploads\/2024\/04\/ON-MO-A8WT_V1-300x300.png 300w, https:\/\/anewway.eu\/wp-content\/uploads\/2024\/04\/ON-MO-A8WT_V1-150x150.png 150w, https:\/\/anewway.eu\/wp-content\/uploads\/2024\/04\/ON-MO-A8WT_V1-768x768.png 768w, https:\/\/anewway.eu\/wp-content\/uploads\/2024\/04\/ON-MO-A8WT_V1-12x12.png 12w, https:\/\/anewway.eu\/wp-content\/uploads\/2024\/04\/ON-MO-A8WT_V1.png 1500w\" sizes=\"auto, (max-width: 1024px) 100vw, 1024px\" \/><\/figure>\n<\/div>\n<\/div>\n\n\n\n<div class=\"wp-block-column is-layout-flow wp-block-column-is-layout-flow\" style=\"flex-basis:40%\">\n<h2 class=\"wp-block-heading\"><\/h2>\n\n\n\n<ul class=\"wp-block-list\">\n<li>DOPPIE OPZIONI DI CONNESSIONE: scegliete tra una connessione wireless o l'utilizzo del ricevitore WiFi da 2,4 GHz incluso. Il mouse wireless offre la massima versatilit\u00e0 per soddisfare le vostre preferenze di connessione, garantendo un'esperienza wireless affidabile senza compromessi.<\/li>\n\n\n\n<li>COMPATIBILIT\u00c0 UNIVERSALE: questo mouse offre una versatilit\u00e0 totale con una compatibilit\u00e0 perfetta con Windows, Mac e Linux. Qualunque sia la vostra piattaforma, potrete godere di un'esperienza d'uso coerente ed efficiente.<\/li>\n\n\n\n<li>LIBERTA' DI MOVIMENTO SENZA COSTRIZIONI: godetevi la totale mobilit\u00e0 con questo mouse da ufficio wireless. Liberatevi dai cavi e spostatevi facilmente in un ampio raggio senza compromettere le prestazioni.<\/li>\n\n\n\n<li>PRECISIONE RIDEFINITIVA CON SENSORE AVANZATO: il sensore ottico ad alta precisione garantisce una reattivit\u00e0 ottimale. Regolate la risoluzione di 1200\/2400\/3200 DPI in base alle vostre esigenze con il pulsante DPI dedicato, per un'esperienza di lavoro fluida e precisa.<\/li>\n\n\n\n<li>LUNGA DURATA E RICARICA CONVENIENTE: il mouse wireless garantisce un'eccezionale durata della batteria, offrendo ore di utilizzo ininterrotto. Ricarica rapidamente il mouse tramite il cavo USB-C incluso per un recupero efficiente e una maggiore tranquillit\u00e0.<\/li>\n\n\n\n<li>CLICCHI PRECISI E SILENZIOSI: Scoprite un mouse wireless che offre clic precisi, reattivi e silenziosi. Qualit\u00e0 eccezionale senza la complessit\u00e0 della programmazione, perfetto per l'uso intuitivo di tutti i giorni.<\/li>\n\n\n\n<li>DESIGN ERGONOMICO PER UN COMFORT OTTIMALE: grazie al suo design ergonomico, questo mouse si adatta naturalmente alla mano, riducendo l'affaticamento durante le lunghe sessioni di lavoro. Concedetevi un comfort eccezionale per tutto il giorno.<\/li>\n<\/ul>\n\n\n\n<div style=\"height:22px\" aria-hidden=\"true\" class=\"wp-block-spacer\"><\/div>\n\n\n\n<div class=\"wp-block-buttons is-content-justification-center is-layout-flex wp-container-core-buttons-is-layout-a89b3969 wp-block-buttons-is-layout-flex\">\n<div class=\"wp-block-button\"><a class=\"wp-block-button__link wp-element-button\" href=\"https:\/\/amzn.to\/4ojyQDO\">ACQUISTO<\/a><\/div>\n\n\n\n<div class=\"wp-block-button\"><a class=\"wp-block-button__link wp-element-button\" href=\"https:\/\/anewway.eu\/it\/telechargements\/\">SOSTEGNO<\/a><\/div>\n<\/div>\n<\/div>\n<\/div>\n<\/div>\n\n\n\n<p><\/p>","protected":false},"excerpt":{"rendered":"","protected":false},"author":1,"featured_media":0,"parent":0,"menu_order":0,"comment_status":"closed","ping_status":"closed","template":"","meta":{"_themeisle_gutenberg_block_has_review":false,"footnotes":""},"class_list":["post-269","page","type-page","status-publish","hentry"],"_links":{"self":[{"href":"https:\/\/anewway.eu\/it\/wp-json\/wp\/v2\/pages\/269","targetHints":{"allow":["GET"]}}],"collection":[{"href":"https:\/\/anewway.eu\/it\/wp-json\/wp\/v2\/pages"}],"about":[{"href":"https:\/\/anewway.eu\/it\/wp-json\/wp\/v2\/types\/page"}],"author":[{"embeddable":true,"href":"https:\/\/anewway.eu\/it\/wp-json\/wp\/v2\/users\/1"}],"replies":[{"embeddable":true,"href":"https:\/\/anewway.eu\/it\/wp-json\/wp\/v2\/comments?post=269"}],"version-history":[{"count":2,"href":"https:\/\/anewway.eu\/it\/wp-json\/wp\/v2\/pages\/269\/revisions"}],"predecessor-version":[{"id":273,"href":"https:\/\/anewway.eu\/it\/wp-json\/wp\/v2\/pages\/269\/revisions\/273"}],"wp:attachment":[{"href":"https:\/\/anewway.eu\/it\/wp-json\/wp\/v2\/media?parent=269"}],"curies":[{"name":"wp","href":"https:\/\/api.w.org\/{rel}","templated":true}]}}