{"id":126,"date":"2024-10-09T15:23:04","date_gmt":"2024-10-09T15:23:04","guid":{"rendered":"https:\/\/anewway.eu\/?page_id=126"},"modified":"2025-07-31T09:23:26","modified_gmt":"2025-07-31T09:23:26","slug":"termes-et-conditions","status":"publish","type":"page","link":"https:\/\/anewway.eu\/it\/termes-et-conditions","title":{"rendered":"Termini e condizioni"},"content":{"rendered":"<hr class=\"wp-block-separator has-alpha-channel-opacity\"\/>\n\n\n\n<h3 class=\"wp-block-heading\">1. Introduzione<\/h3>\n\n\n\n<p>Benvenuti su anewway.eu! Accedendo a questo sito, l'utente accetta di rispettare ed essere vincolato dai seguenti termini e condizioni. Se non si accettano questi termini, si prega di non utilizzare il nostro sito.<\/p>\n\n\n\n<h3 class=\"wp-block-heading\">2. Utilizzo del sito<\/h3>\n\n\n\n<p>L'uso del nostro sito \u00e8 soggetto alle leggi vigenti. Per utilizzare questo sito \u00e8 necessario avere almeno 13 anni. Utilizzando il nostro sito, l'utente garantisce di avere l'et\u00e0 richiesta.<\/p>\n\n\n\n<h3 class=\"wp-block-heading\">3. Propriet\u00e0 intellettuale<\/h3>\n\n\n\n<p>Tutti i contenuti di anewway.eu, compresi, a titolo esemplificativo e non esaustivo, testi, grafici, loghi, immagini e software, sono di propriet\u00e0 di Optimum Way o dei suoi partner e sono protetti dalle leggi sulla propriet\u00e0 intellettuale. Non \u00e8 consentito riprodurre, distribuire o modificare tali contenuti senza previa autorizzazione.<\/p>\n\n\n\n<h3 class=\"wp-block-heading\">4. Responsabilit\u00e0<\/h3>\n\n\n\n<p>Optimum Way non sar\u00e0 responsabile di alcun danno diretto, indiretto, incidentale o consequenziale derivante dall'utilizzo o dall'impossibilit\u00e0 di utilizzare il nostro sito. Optimum Way si riserva il diritto di modificare o sospendere qualsiasi contenuto o servizio offerto sul sito senza preavviso.<\/p>\n\n\n\n<h3 class=\"wp-block-heading\">5. Collegamenti esterni<\/h3>\n\n\n\n<p>Il nostro sito pu\u00f2 contenere link ad altri siti web. Non controlliamo questi siti e non siamo responsabili del loro contenuto. L'inclusione di un link non implica l'approvazione di tali siti.<\/p>\n\n\n\n<h3 class=\"wp-block-heading\">6. Protezione dei dati personali<\/h3>\n\n\n\n<p>Ci impegniamo a proteggere i vostri dati personali. Le informazioni fornite dall'utente durante l'utilizzo del nostro sito saranno trattate in conformit\u00e0 con la nostra politica sulla privacy. Utilizzando il nostro sito, acconsentite alla raccolta e all'utilizzo dei vostri dati come descritto nella presente informativa.<\/p>\n\n\n\n<h3 class=\"wp-block-heading\">7. Modifiche ai termini e alle condizioni<\/h3>\n\n\n\n<p>Ci riserviamo il diritto di modificare questi termini e condizioni in qualsiasi momento. Le modifiche entreranno in vigore non appena saranno pubblicate sul nostro sito. \u00c8 responsabilit\u00e0 dell'utente controllare regolarmente questa pagina per verificare eventuali modifiche.<\/p>\n\n\n\n<h3 class=\"wp-block-heading\">8. Legge applicabile<\/h3>\n\n\n\n<p>I presenti termini e condizioni sono disciplinati dalle leggi francesi. Qualsiasi controversia derivante dall'utilizzo del nostro sito sar\u00e0 soggetta alla giurisdizione esclusiva dei tribunali commerciali.<\/p>\n\n\n\n<h3 class=\"wp-block-heading\">9. Contatto<\/h3>\n\n\n\n<p>In caso di domande su questi termini e condizioni, si prega di contattarci all'indirizzo support@newway.eu.<\/p>\n\n\n\n<hr class=\"wp-block-separator has-alpha-channel-opacity\"\/>\n\n\n\n<p><strong>Ultimo aggiornamento : <\/strong>29 luglio 2025<\/p>\n\n\n\n<p><\/p>","protected":false},"excerpt":{"rendered":"<p>1. Introduction Bienvenue sur anewway.eu ! En acc\u00e9dant \u00e0 ce site, vous acceptez de respecter et d&rsquo;\u00eatre li\u00e9 par les termes et conditions suivants. Si vous n&rsquo;acceptez pas ces termes, veuillez ne pas utiliser notre site. 2. Utilisation du site L&rsquo;utilisation de notre site est soumise aux lois applicables. Vous devez avoir au moins avoir [&hellip;]<\/p>","protected":false},"author":1,"featured_media":0,"parent":0,"menu_order":0,"comment_status":"closed","ping_status":"closed","template":"","meta":{"_themeisle_gutenberg_block_has_review":false,"footnotes":""},"class_list":["post-126","page","type-page","status-publish","hentry"],"_links":{"self":[{"href":"https:\/\/anewway.eu\/it\/wp-json\/wp\/v2\/pages\/126","targetHints":{"allow":["GET"]}}],"collection":[{"href":"https:\/\/anewway.eu\/it\/wp-json\/wp\/v2\/pages"}],"about":[{"href":"https:\/\/anewway.eu\/it\/wp-json\/wp\/v2\/types\/page"}],"author":[{"embeddable":true,"href":"https:\/\/anewway.eu\/it\/wp-json\/wp\/v2\/users\/1"}],"replies":[{"embeddable":true,"href":"https:\/\/anewway.eu\/it\/wp-json\/wp\/v2\/comments?post=126"}],"version-history":[{"count":3,"href":"https:\/\/anewway.eu\/it\/wp-json\/wp\/v2\/pages\/126\/revisions"}],"predecessor-version":[{"id":332,"href":"https:\/\/anewway.eu\/it\/wp-json\/wp\/v2\/pages\/126\/revisions\/332"}],"wp:attachment":[{"href":"https:\/\/anewway.eu\/it\/wp-json\/wp\/v2\/media?parent=126"}],"curies":[{"name":"wp","href":"https:\/\/api.w.org\/{rel}","templated":true}]}}