{"id":367,"date":"2025-08-12T09:47:22","date_gmt":"2025-08-12T09:47:22","guid":{"rendered":"https:\/\/anewway.eu\/?page_id=367"},"modified":"2025-08-12T09:47:22","modified_gmt":"2025-08-12T09:47:22","slug":"nh251","status":"publish","type":"page","link":"https:\/\/anewway.eu\/es\/nh251","title":{"rendered":"NH251"},"content":{"rendered":"<div class=\"wp-block-group alignfull has-accent-5-background-color has-background has-global-padding is-layout-constrained wp-container-core-group-is-layout-d89aad35 wp-block-group-is-layout-constrained\" style=\"margin-top:0;margin-bottom:0;padding-top:var(--wp--preset--spacing--50);padding-right:var(--wp--preset--spacing--50);padding-bottom:var(--wp--preset--spacing--50);padding-left:var(--wp--preset--spacing--50)\">\n<div class=\"wp-block-columns alignwide is-layout-flex wp-container-core-columns-is-layout-1da03c2a wp-block-columns-is-layout-flex\">\n<div class=\"wp-block-column is-vertically-aligned-center is-layout-flow wp-block-column-is-layout-flow\" style=\"flex-basis:60%\">\n<div class=\"wp-block-group is-nowrap is-layout-flex wp-container-core-group-is-layout-6c531013 wp-block-group-is-layout-flex\">\n<figure class=\"wp-block-image size-large is-resized\"><img loading=\"lazy\" decoding=\"async\" width=\"1024\" height=\"1024\" src=\"http:\/\/anewway.eu\/wp-content\/uploads\/2025\/08\/ON-HE-ST2501BK-1-1024x1024.png\" alt=\"\" class=\"wp-image-359\" style=\"width:401px;height:auto\" srcset=\"https:\/\/anewway.eu\/wp-content\/uploads\/2025\/08\/ON-HE-ST2501BK-1-1024x1024.png 1024w, https:\/\/anewway.eu\/wp-content\/uploads\/2025\/08\/ON-HE-ST2501BK-1-300x300.png 300w, https:\/\/anewway.eu\/wp-content\/uploads\/2025\/08\/ON-HE-ST2501BK-1-150x150.png 150w, https:\/\/anewway.eu\/wp-content\/uploads\/2025\/08\/ON-HE-ST2501BK-1-768x768.png 768w, https:\/\/anewway.eu\/wp-content\/uploads\/2025\/08\/ON-HE-ST2501BK-1-12x12.png 12w, https:\/\/anewway.eu\/wp-content\/uploads\/2025\/08\/ON-HE-ST2501BK-1.png 1500w\" sizes=\"auto, (max-width: 1024px) 100vw, 1024px\" \/><\/figure>\n\n\n\n<figure class=\"wp-block-image size-large is-resized\"><img loading=\"lazy\" decoding=\"async\" width=\"1024\" height=\"1024\" src=\"http:\/\/anewway.eu\/wp-content\/uploads\/2025\/08\/ON-HE-ST2501WT-1-1024x1024.png\" alt=\"\" class=\"wp-image-360\" style=\"width:310px;height:auto\" srcset=\"https:\/\/anewway.eu\/wp-content\/uploads\/2025\/08\/ON-HE-ST2501WT-1-1024x1024.png 1024w, https:\/\/anewway.eu\/wp-content\/uploads\/2025\/08\/ON-HE-ST2501WT-1-300x300.png 300w, https:\/\/anewway.eu\/wp-content\/uploads\/2025\/08\/ON-HE-ST2501WT-1-150x150.png 150w, https:\/\/anewway.eu\/wp-content\/uploads\/2025\/08\/ON-HE-ST2501WT-1-768x768.png 768w, https:\/\/anewway.eu\/wp-content\/uploads\/2025\/08\/ON-HE-ST2501WT-1-12x12.png 12w, https:\/\/anewway.eu\/wp-content\/uploads\/2025\/08\/ON-HE-ST2501WT-1.png 1500w\" sizes=\"auto, (max-width: 1024px) 100vw, 1024px\" \/><\/figure>\n<\/div>\n<\/div>\n\n\n\n<div class=\"wp-block-column is-layout-flow wp-block-column-is-layout-flow\" style=\"flex-basis:40%\">\n<h2 class=\"wp-block-heading\"><\/h2>\n\n\n\n<ul class=\"wp-block-list\">\n<li>MODO DE CONEXI\u00d3N TRIPLE - Disfruta de la m\u00e1xima flexibilidad gracias a la conexi\u00f3n por cable (conector jack de 3,5 mm), inal\u00e1mbrica WiFi 2,4 GHz mediante receptor USB\/USB-C 2 en 1 y BT. Cambia de soporte en un instante para adaptarlo a tus necesidades.<\/li>\n\n\n\n<li>COMPATIBLE CON M\u00daLTIPLES DISPOSITIVOS - Estos auriculares funcionan con PC, consolas (Switch 2, PS5 y PS4), smartphones, tabletas y Mac. Unos auriculares para todos tus dispositivos de uso diario.<\/li>\n\n\n\n<li>SONIDO EST\u00c9REO DE ALTA CALIDAD - Disfrute de una experiencia de sonido envolvente con potentes altavoces, perfectos para trabajar, jugar y escuchar m\u00fasica.<\/li>\n\n\n\n<li>MICR\u00d3FONO FLEXIBLE RETRACTABLE - Disfrute de una comunicaci\u00f3n clara gracias a un discreto micr\u00f3fono direccional que se retrae f\u00e1cilmente cuando no lo necesita.<\/li>\n\n\n\n<li>HASTA 15 HORAS - Disfruta de largas sesiones inal\u00e1mbricas sin tener que cargar y recarga r\u00e1pidamente a trav\u00e9s del puerto USB-C integrado.<\/li>\n\n\n\n<li>COMODIDAD Y DISE\u00d1O ELEGANTE - Disponible en blanco o negro, el casco incorpora suaves almohadillas de tela y una diadema ajustable, que combinan un estilo discreto con una comodidad duradera.<\/li>\n<\/ul>\n\n\n\n<div style=\"height:22px\" aria-hidden=\"true\" class=\"wp-block-spacer\"><\/div>\n\n\n\n<div class=\"wp-block-buttons is-content-justification-center is-layout-flex wp-container-core-buttons-is-layout-a89b3969 wp-block-buttons-is-layout-flex\">\n<div class=\"wp-block-button\"><a class=\"wp-block-button__link wp-element-button\" href=\"https:\/\/amzn.to\/4mGi7bX\">COMPRAR<\/a><\/div>\n\n\n\n<div class=\"wp-block-button\"><a class=\"wp-block-button__link wp-element-button\" href=\"https:\/\/anewway.eu\/es\/telechargements\/\">APOYO<\/a><\/div>\n<\/div>\n<\/div>\n<\/div>\n<\/div>","protected":false},"excerpt":{"rendered":"","protected":false},"author":1,"featured_media":0,"parent":0,"menu_order":0,"comment_status":"closed","ping_status":"closed","template":"","meta":{"_themeisle_gutenberg_block_has_review":false,"footnotes":""},"class_list":["post-367","page","type-page","status-publish","hentry"],"_links":{"self":[{"href":"https:\/\/anewway.eu\/es\/wp-json\/wp\/v2\/pages\/367","targetHints":{"allow":["GET"]}}],"collection":[{"href":"https:\/\/anewway.eu\/es\/wp-json\/wp\/v2\/pages"}],"about":[{"href":"https:\/\/anewway.eu\/es\/wp-json\/wp\/v2\/types\/page"}],"author":[{"embeddable":true,"href":"https:\/\/anewway.eu\/es\/wp-json\/wp\/v2\/users\/1"}],"replies":[{"embeddable":true,"href":"https:\/\/anewway.eu\/es\/wp-json\/wp\/v2\/comments?post=367"}],"version-history":[{"count":1,"href":"https:\/\/anewway.eu\/es\/wp-json\/wp\/v2\/pages\/367\/revisions"}],"predecessor-version":[{"id":368,"href":"https:\/\/anewway.eu\/es\/wp-json\/wp\/v2\/pages\/367\/revisions\/368"}],"wp:attachment":[{"href":"https:\/\/anewway.eu\/es\/wp-json\/wp\/v2\/media?parent=367"}],"curies":[{"name":"wp","href":"https:\/\/api.w.org\/{rel}","templated":true}]}}