{"id":292,"date":"2025-03-31T09:45:14","date_gmt":"2025-03-31T09:45:14","guid":{"rendered":"https:\/\/anewway.eu\/?page_id=292"},"modified":"2025-10-30T11:56:21","modified_gmt":"2025-10-30T11:56:21","slug":"usb-c","status":"publish","type":"page","link":"https:\/\/anewway.eu\/es\/usb-c","title":{"rendered":"Cable USB-C a USB-C"},"content":{"rendered":"<div class=\"wp-block-group alignfull has-accent-5-background-color has-background has-global-padding is-layout-constrained wp-container-core-group-is-layout-d89aad35 wp-block-group-is-layout-constrained\" style=\"margin-top:0;margin-bottom:0;padding-top:var(--wp--preset--spacing--50);padding-right:var(--wp--preset--spacing--50);padding-bottom:var(--wp--preset--spacing--50);padding-left:var(--wp--preset--spacing--50)\">\n<div class=\"wp-block-columns alignwide is-layout-flex wp-container-core-columns-is-layout-1da03c2a wp-block-columns-is-layout-flex\">\n<div class=\"wp-block-column is-vertically-aligned-center is-layout-flow wp-block-column-is-layout-flow\" style=\"flex-basis:60%\">\n<div class=\"wp-block-group is-nowrap is-layout-flex wp-container-core-group-is-layout-6c531013 wp-block-group-is-layout-flex\">\n<figure class=\"wp-block-image size-large is-resized\"><img loading=\"lazy\" decoding=\"async\" width=\"1024\" height=\"1024\" src=\"http:\/\/anewway.eu\/wp-content\/uploads\/2024\/10\/ON-CB-240WxM_1500_V1-1024x1024.png\" alt=\"\" class=\"wp-image-117\" style=\"width:361px;height:auto\" srcset=\"https:\/\/anewway.eu\/wp-content\/uploads\/2024\/10\/ON-CB-240WxM_1500_V1-1024x1024.png 1024w, https:\/\/anewway.eu\/wp-content\/uploads\/2024\/10\/ON-CB-240WxM_1500_V1-300x300.png 300w, https:\/\/anewway.eu\/wp-content\/uploads\/2024\/10\/ON-CB-240WxM_1500_V1-150x150.png 150w, https:\/\/anewway.eu\/wp-content\/uploads\/2024\/10\/ON-CB-240WxM_1500_V1-768x768.png 768w, https:\/\/anewway.eu\/wp-content\/uploads\/2024\/10\/ON-CB-240WxM_1500_V1.png 1500w\" sizes=\"auto, (max-width: 1024px) 100vw, 1024px\" \/><\/figure>\n\n\n\n<figure class=\"wp-block-image size-large is-resized\"><img loading=\"lazy\" decoding=\"async\" width=\"1024\" height=\"1024\" src=\"http:\/\/anewway.eu\/wp-content\/uploads\/2024\/10\/ON-CB-100WxM_1500_V1-1024x1024.png\" alt=\"\" class=\"wp-image-116\" style=\"width:310px;height:auto\" srcset=\"https:\/\/anewway.eu\/wp-content\/uploads\/2024\/10\/ON-CB-100WxM_1500_V1-1024x1024.png 1024w, https:\/\/anewway.eu\/wp-content\/uploads\/2024\/10\/ON-CB-100WxM_1500_V1-300x300.png 300w, https:\/\/anewway.eu\/wp-content\/uploads\/2024\/10\/ON-CB-100WxM_1500_V1-150x150.png 150w, https:\/\/anewway.eu\/wp-content\/uploads\/2024\/10\/ON-CB-100WxM_1500_V1-768x768.png 768w, https:\/\/anewway.eu\/wp-content\/uploads\/2024\/10\/ON-CB-100WxM_1500_V1.png 1500w\" sizes=\"auto, (max-width: 1024px) 100vw, 1024px\" \/><\/figure>\n<\/div>\n\n\n\n<figure class=\"wp-block-image aligncenter size-large is-resized\"><img loading=\"lazy\" decoding=\"async\" width=\"1024\" height=\"1024\" src=\"http:\/\/anewway.eu\/wp-content\/uploads\/2024\/10\/ON-CB-60WxM_1500_V1-1024x1024.png\" alt=\"\" class=\"wp-image-115\" style=\"width:260px;height:auto\" srcset=\"https:\/\/anewway.eu\/wp-content\/uploads\/2024\/10\/ON-CB-60WxM_1500_V1-1024x1024.png 1024w, https:\/\/anewway.eu\/wp-content\/uploads\/2024\/10\/ON-CB-60WxM_1500_V1-300x300.png 300w, https:\/\/anewway.eu\/wp-content\/uploads\/2024\/10\/ON-CB-60WxM_1500_V1-150x150.png 150w, https:\/\/anewway.eu\/wp-content\/uploads\/2024\/10\/ON-CB-60WxM_1500_V1-768x768.png 768w, https:\/\/anewway.eu\/wp-content\/uploads\/2024\/10\/ON-CB-60WxM_1500_V1.png 1500w\" sizes=\"auto, (max-width: 1024px) 100vw, 1024px\" \/><\/figure>\n<\/div>\n\n\n\n<div class=\"wp-block-column is-layout-flow wp-block-column-is-layout-flow\" style=\"flex-basis:40%\">\n<h2 class=\"wp-block-heading\"><\/h2>\n\n\n\n<ul class=\"wp-block-list\">\n<li>MODELOS DE POTENCIA 240W, 100W y 60W: Un cable USB C a USB C, ideal para smartphones, tablets, port\u00e1tiles y otros dispositivos.<\/li>\n\n\n\n<li>TRANSFERENCIA DE DATOS DE HASTA 480 MBPS: Transfiera archivos de forma r\u00e1pida y segura a velocidades de hasta 480 megabits por segundo.<\/li>\n\n\n\n<li>CARGA R\u00c1PIDA : Compatible con la tecnolog\u00eda de carga r\u00e1pida para recargar tus tel\u00e9fonos y dispositivos en un tiempo r\u00e9cord.<\/li>\n\n\n\n<li>DISE\u00d1O ROBUSTO Y DURADERO: Fabricado con materiales de alta calidad para una mayor durabilidad, resistente al desgaste diario.<\/li>\n<\/ul>\n\n\n\n<div style=\"height:22px\" aria-hidden=\"true\" class=\"wp-block-spacer\"><\/div>\n\n\n\n<div class=\"wp-block-buttons is-content-justification-center is-layout-flex wp-container-core-buttons-is-layout-a89b3969 wp-block-buttons-is-layout-flex\">\n<div class=\"wp-block-button\"><a class=\"wp-block-button__link wp-element-button\" href=\"https:\/\/amzn.to\/3H4x5tm\">COMPRAR<\/a><\/div>\n\n\n\n<div class=\"wp-block-button\"><a class=\"wp-block-button__link wp-element-button\" href=\"https:\/\/anewway.eu\/es\/telechargements\/\">APOYO<\/a><\/div>\n<\/div>\n<\/div>\n<\/div>\n<\/div>\n\n\n\n<p><\/p>","protected":false},"excerpt":{"rendered":"","protected":false},"author":1,"featured_media":0,"parent":0,"menu_order":0,"comment_status":"closed","ping_status":"closed","template":"","meta":{"_themeisle_gutenberg_block_has_review":false,"footnotes":""},"class_list":["post-292","page","type-page","status-publish","hentry"],"_links":{"self":[{"href":"https:\/\/anewway.eu\/es\/wp-json\/wp\/v2\/pages\/292","targetHints":{"allow":["GET"]}}],"collection":[{"href":"https:\/\/anewway.eu\/es\/wp-json\/wp\/v2\/pages"}],"about":[{"href":"https:\/\/anewway.eu\/es\/wp-json\/wp\/v2\/types\/page"}],"author":[{"embeddable":true,"href":"https:\/\/anewway.eu\/es\/wp-json\/wp\/v2\/users\/1"}],"replies":[{"embeddable":true,"href":"https:\/\/anewway.eu\/es\/wp-json\/wp\/v2\/comments?post=292"}],"version-history":[{"count":3,"href":"https:\/\/anewway.eu\/es\/wp-json\/wp\/v2\/pages\/292\/revisions"}],"predecessor-version":[{"id":423,"href":"https:\/\/anewway.eu\/es\/wp-json\/wp\/v2\/pages\/292\/revisions\/423"}],"wp:attachment":[{"href":"https:\/\/anewway.eu\/es\/wp-json\/wp\/v2\/media?parent=292"}],"curies":[{"name":"wp","href":"https:\/\/api.w.org\/{rel}","templated":true}]}}