{"id":288,"date":"2025-03-31T09:40:07","date_gmt":"2025-03-31T09:40:07","guid":{"rendered":"https:\/\/anewway.eu\/?page_id=288"},"modified":"2025-12-02T10:46:34","modified_gmt":"2025-12-02T10:46:34","slug":"rf02","status":"publish","type":"page","link":"https:\/\/anewway.eu\/es\/rf02","title":{"rendered":"RF02"},"content":{"rendered":"<p class=\"has-text-align-center\"><\/p>\n\n\n\n<div class=\"wp-block-group alignfull has-accent-5-background-color has-background has-global-padding is-layout-constrained wp-container-core-group-is-layout-d89aad35 wp-block-group-is-layout-constrained\" style=\"margin-top:0;margin-bottom:0;padding-top:var(--wp--preset--spacing--50);padding-right:var(--wp--preset--spacing--50);padding-bottom:var(--wp--preset--spacing--50);padding-left:var(--wp--preset--spacing--50)\">\n<div class=\"wp-block-columns alignwide is-layout-flex wp-container-core-columns-is-layout-1da03c2a wp-block-columns-is-layout-flex\">\n<div class=\"wp-block-column is-vertically-aligned-center is-layout-flow wp-block-column-is-layout-flow\" style=\"flex-basis:60%\">\n<figure class=\"wp-block-image aligncenter size-large is-resized\"><img loading=\"lazy\" decoding=\"async\" width=\"1024\" height=\"1024\" src=\"http:\/\/anewway.eu\/wp-content\/uploads\/2024\/10\/ON-KM02F-B-V1-1024x1024.png\" alt=\"\" class=\"wp-image-108\" style=\"width:436px;height:auto\" srcset=\"https:\/\/anewway.eu\/wp-content\/uploads\/2024\/10\/ON-KM02F-B-V1-1024x1024.png 1024w, https:\/\/anewway.eu\/wp-content\/uploads\/2024\/10\/ON-KM02F-B-V1-300x300.png 300w, https:\/\/anewway.eu\/wp-content\/uploads\/2024\/10\/ON-KM02F-B-V1-150x150.png 150w, https:\/\/anewway.eu\/wp-content\/uploads\/2024\/10\/ON-KM02F-B-V1-768x768.png 768w, https:\/\/anewway.eu\/wp-content\/uploads\/2024\/10\/ON-KM02F-B-V1.png 1500w\" sizes=\"auto, (max-width: 1024px) 100vw, 1024px\" \/><\/figure>\n\n\n\n<figure class=\"wp-block-image aligncenter size-large is-resized\"><img loading=\"lazy\" decoding=\"async\" width=\"1024\" height=\"1024\" src=\"http:\/\/anewway.eu\/wp-content\/uploads\/2024\/10\/ON-KM02F-W-V1-1024x1024.png\" alt=\"\" class=\"wp-image-109\" style=\"width:280px;height:auto\" srcset=\"https:\/\/anewway.eu\/wp-content\/uploads\/2024\/10\/ON-KM02F-W-V1-1024x1024.png 1024w, https:\/\/anewway.eu\/wp-content\/uploads\/2024\/10\/ON-KM02F-W-V1-300x300.png 300w, https:\/\/anewway.eu\/wp-content\/uploads\/2024\/10\/ON-KM02F-W-V1-150x150.png 150w, https:\/\/anewway.eu\/wp-content\/uploads\/2024\/10\/ON-KM02F-W-V1-768x768.png 768w, https:\/\/anewway.eu\/wp-content\/uploads\/2024\/10\/ON-KM02F-W-V1.png 1500w\" sizes=\"auto, (max-width: 1024px) 100vw, 1024px\" \/><\/figure>\n<\/div>\n\n\n\n<div class=\"wp-block-column is-layout-flow wp-block-column-is-layout-flow\" style=\"flex-basis:40%\">\n<h2 class=\"wp-block-heading\">Disponible en versiones AZERTY (franc\u00e9s) y QWERTZ (alem\u00e1n).<\/h2>\n\n\n\n<ul class=\"wp-block-list\">\n<li>PACK INAL\u00c1MBRICO 3 EN 1: incluye un teclado QWERTY de 105 teclas (distribuci\u00f3n francesa) con 13 accesos directos multimedia, un rat\u00f3n de 6 botones con sensor de hasta 1600 DPI y una alfombrilla compacta.<\/li>\n\n\n\n<li>Ll\u00e9velo a todas partes: el combo de teclado y rat\u00f3n inal\u00e1mbricos RF02 es un compa\u00f1ero fiable y duradero para su oficina dom\u00e9stica y su lugar de trabajo.<\/li>\n\n\n\n<li>DURABILIDAD: el combo de teclado y rat\u00f3n inal\u00e1mbricos RF02 presenta un dise\u00f1o robusto y un tratamiento antideslizante y UV para las teclas.<\/li>\n\n\n\n<li>LARGA DURACI\u00d3N: Disfrute de hasta 180 horas de duraci\u00f3n de las pilas para el teclado y 171 horas para el rat\u00f3n (pilas no incluidas).<\/li>\n\n\n\n<li>PLUG-AND-PLAY: Compatible con Windows XP a Windows 11, se instala autom\u00e1ticamente en tu ordenador en cuanto conectas el receptor WiFi de 2,4 GHz.<\/li>\n<\/ul>\n\n\n\n<div style=\"height:22px\" aria-hidden=\"true\" class=\"wp-block-spacer\"><\/div>\n\n\n\n<div class=\"wp-block-buttons is-content-justification-center is-layout-flex wp-container-core-buttons-is-layout-a89b3969 wp-block-buttons-is-layout-flex\">\n<div class=\"wp-block-button\"><a class=\"wp-block-button__link wp-element-button\" href=\"https:\/\/amzn.to\/4l8U1GL\">COMPRAR<\/a><\/div>\n\n\n\n<div class=\"wp-block-button\"><a class=\"wp-block-button__link wp-element-button\" href=\"https:\/\/anewway.eu\/es\/telechargements\/\">APOYO<\/a><\/div>\n<\/div>\n<\/div>\n<\/div>\n<\/div>\n\n\n\n<p><\/p>","protected":false},"excerpt":{"rendered":"<p>Disponible en versiones AZERTY (franc\u00e9s) y QWERTZ (alem\u00e1n).<\/p>","protected":false},"author":1,"featured_media":0,"parent":0,"menu_order":0,"comment_status":"closed","ping_status":"closed","template":"","meta":{"_themeisle_gutenberg_block_has_review":false,"footnotes":""},"class_list":["post-288","page","type-page","status-publish","hentry"],"_links":{"self":[{"href":"https:\/\/anewway.eu\/es\/wp-json\/wp\/v2\/pages\/288","targetHints":{"allow":["GET"]}}],"collection":[{"href":"https:\/\/anewway.eu\/es\/wp-json\/wp\/v2\/pages"}],"about":[{"href":"https:\/\/anewway.eu\/es\/wp-json\/wp\/v2\/types\/page"}],"author":[{"embeddable":true,"href":"https:\/\/anewway.eu\/es\/wp-json\/wp\/v2\/users\/1"}],"replies":[{"embeddable":true,"href":"https:\/\/anewway.eu\/es\/wp-json\/wp\/v2\/comments?post=288"}],"version-history":[{"count":3,"href":"https:\/\/anewway.eu\/es\/wp-json\/wp\/v2\/pages\/288\/revisions"}],"predecessor-version":[{"id":442,"href":"https:\/\/anewway.eu\/es\/wp-json\/wp\/v2\/pages\/288\/revisions\/442"}],"wp:attachment":[{"href":"https:\/\/anewway.eu\/es\/wp-json\/wp\/v2\/media?parent=288"}],"curies":[{"name":"wp","href":"https:\/\/api.w.org\/{rel}","templated":true}]}}