{"id":281,"date":"2025-03-31T09:31:03","date_gmt":"2025-03-31T09:31:03","guid":{"rendered":"https:\/\/anewway.eu\/?page_id=281"},"modified":"2025-03-31T09:31:03","modified_gmt":"2025-03-31T09:31:03","slug":"a3","status":"publish","type":"page","link":"https:\/\/anewway.eu\/es\/a3","title":{"rendered":"A3"},"content":{"rendered":"<div class=\"wp-block-group alignfull has-accent-5-background-color has-background has-global-padding is-layout-constrained wp-container-core-group-is-layout-d89aad35 wp-block-group-is-layout-constrained\" style=\"margin-top:0;margin-bottom:0;padding-top:var(--wp--preset--spacing--50);padding-right:var(--wp--preset--spacing--50);padding-bottom:var(--wp--preset--spacing--50);padding-left:var(--wp--preset--spacing--50)\">\n<div class=\"wp-block-columns alignwide is-layout-flex wp-container-core-columns-is-layout-1da03c2a wp-block-columns-is-layout-flex\">\n<div class=\"wp-block-column is-vertically-aligned-center is-layout-flow wp-block-column-is-layout-flow\" style=\"flex-basis:60%\">\n<figure class=\"wp-block-image aligncenter size-large is-resized\"><img loading=\"lazy\" decoding=\"async\" width=\"1024\" height=\"1024\" src=\"http:\/\/anewway.eu\/wp-content\/uploads\/2024\/10\/ON-MO-A3-FACE-1024x1024.png\" alt=\"\" class=\"wp-image-95\" style=\"width:436px;height:auto\" srcset=\"https:\/\/anewway.eu\/wp-content\/uploads\/2024\/10\/ON-MO-A3-FACE-1024x1024.png 1024w, https:\/\/anewway.eu\/wp-content\/uploads\/2024\/10\/ON-MO-A3-FACE-300x300.png 300w, https:\/\/anewway.eu\/wp-content\/uploads\/2024\/10\/ON-MO-A3-FACE-150x150.png 150w, https:\/\/anewway.eu\/wp-content\/uploads\/2024\/10\/ON-MO-A3-FACE-768x768.png 768w, https:\/\/anewway.eu\/wp-content\/uploads\/2024\/10\/ON-MO-A3-FACE.png 1500w\" sizes=\"auto, (max-width: 1024px) 100vw, 1024px\" \/><\/figure>\n<\/div>\n\n\n\n<div class=\"wp-block-column is-layout-flow wp-block-column-is-layout-flow\" style=\"flex-basis:40%\">\n<h2 class=\"wp-block-heading\"><\/h2>\n\n\n\n<ul class=\"wp-block-list\">\n<li>POSICI\u00d3N NATURAL: Dise\u00f1ado para un agarre ergon\u00f3mico, este rat\u00f3n reduce los trastornos musculoesquel\u00e9ticos (TME) y favorece una postura m\u00e1s natural. Reduce la fatiga y previene dolores como el s\u00edndrome del t\u00fanel carpiano o la epicondilitis. Dise\u00f1ado para usuarios diestros, limita la tensi\u00f3n muscular para una comodidad \u00f3ptima.<\/li>\n\n\n\n<li>DISE\u00d1O VERTICAL \u00daNICO: Su forma ergon\u00f3mica abraza perfectamente la mano, reduciendo la tensi\u00f3n muscular del brazo. El reposapulgar de goma texturizada aumenta la comodidad, mientras que su peso ajustable de 115 g a 145 g, gracias a un compartimento extra\u00edble con contrapeso, permite una experiencia personalizada.<\/li>\n\n\n\n<li>CONTROLES PR\u00c1CTICOS: Disfrute de clics ultrasilenciosos para trabajar con tranquilidad. Los botones laterales facilitan la navegaci\u00f3n por Internet, mientras que la rueda de desplazamiento con clic central garantiza un desplazamiento r\u00e1pido y fluido.<\/li>\n\n\n\n<li>PRECISI\u00d3N AJUSTABLE: su sensor \u00f3ptico de alto rendimiento ofrece una resoluci\u00f3n ajustable de hasta 3200 PPP. Utilice el bot\u00f3n de PPP espec\u00edfico para ajustar la sensibilidad entre 800, 1200, 2400 y 3200 PPP para obtener una precisi\u00f3n y comodidad adaptadas a sus necesidades.<\/li>\n\n\n\n<li>COMPATIBILIDAD E INSTALACI\u00d3N: compatible con Windows, Linux y Mac (iMac, MacBook, etc.), este rat\u00f3n es totalmente plug and play. No necesita controlador: basta con conectar su cable USB de 1,50 m y empezar a usarlo de inmediato.<\/li>\n<\/ul>\n\n\n\n<div style=\"height:22px\" aria-hidden=\"true\" class=\"wp-block-spacer\"><\/div>\n\n\n\n<div class=\"wp-block-buttons is-content-justification-center is-layout-flex wp-container-core-buttons-is-layout-a89b3969 wp-block-buttons-is-layout-flex\">\n<div class=\"wp-block-button\"><a class=\"wp-block-button__link wp-element-button\" href=\"https:\/\/amzn.to\/3GSyyD0\">COMPRAR<\/a><\/div>\n\n\n\n<div class=\"wp-block-button\"><a class=\"wp-block-button__link wp-element-button\" href=\"https:\/\/anewway.eu\/es\/telechargements\/\">APOYO<\/a><\/div>\n<\/div>\n<\/div>\n<\/div>\n<\/div>\n\n\n\n<p><\/p>","protected":false},"excerpt":{"rendered":"","protected":false},"author":1,"featured_media":0,"parent":0,"menu_order":0,"comment_status":"closed","ping_status":"closed","template":"","meta":{"_themeisle_gutenberg_block_has_review":false,"footnotes":""},"class_list":["post-281","page","type-page","status-publish","hentry"],"_links":{"self":[{"href":"https:\/\/anewway.eu\/es\/wp-json\/wp\/v2\/pages\/281","targetHints":{"allow":["GET"]}}],"collection":[{"href":"https:\/\/anewway.eu\/es\/wp-json\/wp\/v2\/pages"}],"about":[{"href":"https:\/\/anewway.eu\/es\/wp-json\/wp\/v2\/types\/page"}],"author":[{"embeddable":true,"href":"https:\/\/anewway.eu\/es\/wp-json\/wp\/v2\/users\/1"}],"replies":[{"embeddable":true,"href":"https:\/\/anewway.eu\/es\/wp-json\/wp\/v2\/comments?post=281"}],"version-history":[{"count":1,"href":"https:\/\/anewway.eu\/es\/wp-json\/wp\/v2\/pages\/281\/revisions"}],"predecessor-version":[{"id":283,"href":"https:\/\/anewway.eu\/es\/wp-json\/wp\/v2\/pages\/281\/revisions\/283"}],"wp:attachment":[{"href":"https:\/\/anewway.eu\/es\/wp-json\/wp\/v2\/media?parent=281"}],"curies":[{"name":"wp","href":"https:\/\/api.w.org\/{rel}","templated":true}]}}