{"id":248,"date":"2025-03-31T09:03:41","date_gmt":"2025-03-31T09:03:41","guid":{"rendered":"https:\/\/anewway.eu\/?page_id=248"},"modified":"2025-03-31T09:19:47","modified_gmt":"2025-03-31T09:19:47","slug":"a9","status":"publish","type":"page","link":"https:\/\/anewway.eu\/es\/a9","title":{"rendered":"A9"},"content":{"rendered":"<div class=\"wp-block-group alignfull has-accent-5-background-color has-background has-global-padding is-layout-constrained wp-container-core-group-is-layout-d89aad35 wp-block-group-is-layout-constrained\" style=\"margin-top:0;margin-bottom:0;padding-top:var(--wp--preset--spacing--50);padding-right:var(--wp--preset--spacing--50);padding-bottom:var(--wp--preset--spacing--50);padding-left:var(--wp--preset--spacing--50)\">\n<div class=\"wp-block-columns alignwide is-layout-flex wp-container-core-columns-is-layout-1da03c2a wp-block-columns-is-layout-flex\">\n<div class=\"wp-block-column is-vertically-aligned-center is-layout-flow wp-block-column-is-layout-flow\" style=\"flex-basis:60%\">\n<div class=\"wp-block-group is-nowrap is-layout-flex wp-container-core-group-is-layout-6c531013 wp-block-group-is-layout-flex\">\n<figure class=\"wp-block-image size-large is-resized\"><img loading=\"lazy\" decoding=\"async\" width=\"1024\" height=\"1024\" src=\"http:\/\/anewway.eu\/wp-content\/uploads\/2024\/10\/ON-MO-A9BK_1500_V1-1024x1024.png\" alt=\"\" class=\"wp-image-97\" style=\"width:361px;height:auto\" srcset=\"https:\/\/anewway.eu\/wp-content\/uploads\/2024\/10\/ON-MO-A9BK_1500_V1-1024x1024.png 1024w, https:\/\/anewway.eu\/wp-content\/uploads\/2024\/10\/ON-MO-A9BK_1500_V1-300x300.png 300w, https:\/\/anewway.eu\/wp-content\/uploads\/2024\/10\/ON-MO-A9BK_1500_V1-150x150.png 150w, https:\/\/anewway.eu\/wp-content\/uploads\/2024\/10\/ON-MO-A9BK_1500_V1-768x768.png 768w, https:\/\/anewway.eu\/wp-content\/uploads\/2024\/10\/ON-MO-A9BK_1500_V1.png 1500w\" sizes=\"auto, (max-width: 1024px) 100vw, 1024px\" \/><\/figure>\n\n\n\n<figure class=\"wp-block-image size-large is-resized\"><img loading=\"lazy\" decoding=\"async\" width=\"1024\" height=\"1024\" src=\"http:\/\/anewway.eu\/wp-content\/uploads\/2024\/10\/ON-MO-A9GR_1500_V1-1024x1024.png\" alt=\"\" class=\"wp-image-98\" style=\"width:310px;height:auto\" srcset=\"https:\/\/anewway.eu\/wp-content\/uploads\/2024\/10\/ON-MO-A9GR_1500_V1-1024x1024.png 1024w, https:\/\/anewway.eu\/wp-content\/uploads\/2024\/10\/ON-MO-A9GR_1500_V1-300x300.png 300w, https:\/\/anewway.eu\/wp-content\/uploads\/2024\/10\/ON-MO-A9GR_1500_V1-150x150.png 150w, https:\/\/anewway.eu\/wp-content\/uploads\/2024\/10\/ON-MO-A9GR_1500_V1-768x768.png 768w, https:\/\/anewway.eu\/wp-content\/uploads\/2024\/10\/ON-MO-A9GR_1500_V1.png 1500w\" sizes=\"auto, (max-width: 1024px) 100vw, 1024px\" \/><\/figure>\n<\/div>\n\n\n\n<figure class=\"wp-block-image aligncenter size-large is-resized\"><img loading=\"lazy\" decoding=\"async\" width=\"1024\" height=\"1024\" src=\"http:\/\/anewway.eu\/wp-content\/uploads\/2024\/10\/ON-MO-A9WT_1500_V1-1024x1024.png\" alt=\"\" class=\"wp-image-99\" style=\"width:260px;height:auto\" srcset=\"https:\/\/anewway.eu\/wp-content\/uploads\/2024\/10\/ON-MO-A9WT_1500_V1-1024x1024.png 1024w, https:\/\/anewway.eu\/wp-content\/uploads\/2024\/10\/ON-MO-A9WT_1500_V1-300x300.png 300w, https:\/\/anewway.eu\/wp-content\/uploads\/2024\/10\/ON-MO-A9WT_1500_V1-150x150.png 150w, https:\/\/anewway.eu\/wp-content\/uploads\/2024\/10\/ON-MO-A9WT_1500_V1-768x768.png 768w, https:\/\/anewway.eu\/wp-content\/uploads\/2024\/10\/ON-MO-A9WT_1500_V1.png 1500w\" sizes=\"auto, (max-width: 1024px) 100vw, 1024px\" \/><\/figure>\n<\/div>\n\n\n\n<div class=\"wp-block-column is-layout-flow wp-block-column-is-layout-flow\" style=\"flex-basis:40%\">\n<h2 class=\"wp-block-heading\"><\/h2>\n\n\n\n<ul class=\"wp-block-list\">\n<li>MODO DE CONEXI\u00d3N INAL\u00c1MBRICA TRIPLE: Con\u00e9ctese f\u00e1cilmente a trav\u00e9s de WiFi (receptor incluido), BT 3.0 y 5.0 para obtener la m\u00e1xima flexibilidad y compatibilidad universal.<\/li>\n\n\n\n<li>5 PERFILES DE PPP AJUSTABLES: cambia entre 800, 1200, 1600, 2000 y 2400 PPP para obtener una precisi\u00f3n y una capacidad de respuesta adaptadas a tus necesidades.<\/li>\n\n\n\n<li>DISE\u00d1O ERGON\u00d3MICO Y LIGERO: Forma especialmente dise\u00f1ada para adaptarse a la mano, reduciendo la fatiga muscular y permitiendo un uso c\u00f3modo durante todo el d\u00eda.<\/li>\n\n\n\n<li>BATER\u00cdA RECARGABLE USB-C: Disfruta de una bater\u00eda de larga duraci\u00f3n con una bater\u00eda recargable a trav\u00e9s de USB-C, eliminando la necesidad de bater\u00edas desechables.<\/li>\n\n\n\n<li>COMPATIBILIDAD UNIVERSAL: Funciona perfectamente con PC, Mac y Linux sin necesidad de software adicional, s\u00f3lo tiene que conectarlo y empezar a usarlo.<\/li>\n\n\n\n<li>6 PR\u00c1CTICOS BOTONES: 6 botones para un uso intuitivo y una mayor productividad, para todas sus necesidades de oficina.<\/li>\n\n\n\n<li>EFECTOS DE ILUMINACI\u00d3N DE FONDO RGB: Personalice su experiencia con 3 efectos de iluminaci\u00f3n de fondo RGB para a\u00f1adir un toque de estilo a su espacio de trabajo.<\/li>\n<\/ul>\n\n\n\n<div style=\"height:22px\" aria-hidden=\"true\" class=\"wp-block-spacer\"><\/div>\n\n\n\n<div class=\"wp-block-buttons is-content-justification-center is-layout-flex wp-container-core-buttons-is-layout-a89b3969 wp-block-buttons-is-layout-flex\">\n<div class=\"wp-block-button\"><a class=\"wp-block-button__link wp-element-button\" href=\"https:\/\/amzn.to\/48TVTNU\">COMPRAR<\/a><\/div>\n\n\n\n<div class=\"wp-block-button\"><a class=\"wp-block-button__link wp-element-button\" href=\"https:\/\/anewway.eu\/es\/telechargements\/\">APOYO<\/a><\/div>\n<\/div>\n<\/div>\n<\/div>\n<\/div>\n\n\n\n<p><\/p>","protected":false},"excerpt":{"rendered":"","protected":false},"author":1,"featured_media":0,"parent":0,"menu_order":0,"comment_status":"closed","ping_status":"closed","template":"","meta":{"_themeisle_gutenberg_block_has_review":false,"footnotes":""},"class_list":["post-248","page","type-page","status-publish","hentry"],"_links":{"self":[{"href":"https:\/\/anewway.eu\/es\/wp-json\/wp\/v2\/pages\/248","targetHints":{"allow":["GET"]}}],"collection":[{"href":"https:\/\/anewway.eu\/es\/wp-json\/wp\/v2\/pages"}],"about":[{"href":"https:\/\/anewway.eu\/es\/wp-json\/wp\/v2\/types\/page"}],"author":[{"embeddable":true,"href":"https:\/\/anewway.eu\/es\/wp-json\/wp\/v2\/users\/1"}],"replies":[{"embeddable":true,"href":"https:\/\/anewway.eu\/es\/wp-json\/wp\/v2\/comments?post=248"}],"version-history":[{"count":10,"href":"https:\/\/anewway.eu\/es\/wp-json\/wp\/v2\/pages\/248\/revisions"}],"predecessor-version":[{"id":274,"href":"https:\/\/anewway.eu\/es\/wp-json\/wp\/v2\/pages\/248\/revisions\/274"}],"wp:attachment":[{"href":"https:\/\/anewway.eu\/es\/wp-json\/wp\/v2\/media?parent=248"}],"curies":[{"name":"wp","href":"https:\/\/api.w.org\/{rel}","templated":true}]}}