{"id":129,"date":"2024-10-09T15:27:12","date_gmt":"2024-10-09T15:27:12","guid":{"rendered":"https:\/\/anewway.eu\/?page_id=129"},"modified":"2025-07-31T09:23:18","modified_gmt":"2025-07-31T09:23:18","slug":"politique-de-confidentialite","status":"publish","type":"page","link":"https:\/\/anewway.eu\/es\/politique-de-confidentialite","title":{"rendered":"Pol\u00edtica de privacidad"},"content":{"rendered":"<hr class=\"wp-block-separator has-alpha-channel-opacity\"\/>\n\n\n\n<h3 class=\"wp-block-heading\">1. Introducci\u00f3n<\/h3>\n\n\n\n<p>Bienvenido a anewway.eu Nos comprometemos a proteger su privacidad y a garantizar la seguridad de su informaci\u00f3n personal. Esta pol\u00edtica de privacidad describe c\u00f3mo recogemos, utilizamos, divulgamos y protegemos sus datos.<\/p>\n\n\n\n<h3 class=\"wp-block-heading\">2. Informaci\u00f3n que recopilamos<\/h3>\n\n\n\n<p>Recogemos informaci\u00f3n cuando usted :<\/p>\n\n\n\n<ul class=\"wp-block-list\">\n<li>Visite nuestro sitio web<\/li>\n\n\n\n<li>Rellenar un formulario<\/li>\n\n\n\n<li>Suscr\u00edbase a nuestro bolet\u00edn<\/li>\n\n\n\n<li>P\u00f3ngase en contacto con nuestro servicio de atenci\u00f3n al cliente<\/li>\n<\/ul>\n\n\n\n<p>Los tipos de informaci\u00f3n que podemos recopilar incluyen, entre otros:<\/p>\n\n\n\n<ul class=\"wp-block-list\">\n<li>Nombre<\/li>\n\n\n\n<li>Correo electr\u00f3nico<\/li>\n\n\n\n<li>N\u00famero de tel\u00e9fono<\/li>\n\n\n\n<li>Datos de pago (si procede)<\/li>\n\n\n\n<li>Datos de navegaci\u00f3n (direcci\u00f3n IP, tipo de navegador, p\u00e1ginas visitadas, etc.)<\/li>\n<\/ul>\n\n\n\n<h3 class=\"wp-block-heading\">3. Uso de su informaci\u00f3n<\/h3>\n\n\n\n<p>Utilizamos su informaci\u00f3n para :<\/p>\n\n\n\n<ul class=\"wp-block-list\">\n<li>Para proporcionar, gestionar y mejorar nuestro sitio y nuestros servicios<\/li>\n\n\n\n<li>Comunicarnos con usted en relaci\u00f3n con su cuenta o sus pedidos<\/li>\n\n\n\n<li>Enviarle informaci\u00f3n, actualizaciones u ofertas promocionales<\/li>\n\n\n\n<li>Analizar el uso de nuestro sitio para mejorar la experiencia del usuario<\/li>\n<\/ul>\n\n\n\n<h3 class=\"wp-block-heading\">4. Compartir su informaci\u00f3n<\/h3>\n\n\n\n<p>No vendemos ni alquilamos su informaci\u00f3n personal a terceros. Podemos compartir su informaci\u00f3n con :<\/p>\n\n\n\n<ul class=\"wp-block-list\">\n<li>Nuestros socios y proveedores de servicios para facilitar nuestras operaciones<\/li>\n\n\n\n<li>Las autoridades judiciales si as\u00ed lo exige la ley<\/li>\n\n\n\n<li>En caso de fusi\u00f3n, adquisici\u00f3n o venta de activos, su informaci\u00f3n puede ser transferida.<\/li>\n<\/ul>\n\n\n\n<h3 class=\"wp-block-heading\">5. Seguridad de su informaci\u00f3n<\/h3>\n\n\n\n<p>Tomamos medidas razonables para proteger su informaci\u00f3n personal del acceso no autorizado, divulgaci\u00f3n o destrucci\u00f3n. Sin embargo, ning\u00fan m\u00e9todo de transmisi\u00f3n a trav\u00e9s de Internet o m\u00e9todo de almacenamiento electr\u00f3nico es 100 % seguro, y no podemos garantizar la seguridad absoluta de su informaci\u00f3n.<\/p>\n\n\n\n<h3 class=\"wp-block-heading\">6. Sus derechos<\/h3>\n\n\n\n<p>Tiene derecho a :<\/p>\n\n\n\n<ul class=\"wp-block-list\">\n<li>Acceder a la informaci\u00f3n que tenemos sobre usted<\/li>\n\n\n\n<li>Solicitar la correcci\u00f3n de informaci\u00f3n inexacta<\/li>\n\n\n\n<li>Solicitar la supresi\u00f3n de sus datos, en determinadas condiciones<\/li>\n\n\n\n<li>Oponerse al uso de sus datos con fines comerciales<\/li>\n<\/ul>\n\n\n\n<h3 class=\"wp-block-heading\">7. Cookies y tecnolog\u00edas similares<\/h3>\n\n\n\n<p>Utilizamos cookies para mejorar su experiencia en nuestro sitio. Las cookies son peque\u00f1os archivos almacenados en su dispositivo que nos ayudan a analizar el tr\u00e1fico y personalizar el contenido. Puede gestionar sus preferencias de cookies en la configuraci\u00f3n de su navegador.<\/p>\n\n\n\n<h3 class=\"wp-block-heading\">8. Cambios en esta pol\u00edtica de privacidad<\/h3>\n\n\n\n<p>Nos reservamos el derecho a modificar esta pol\u00edtica de privacidad en cualquier momento. Los cambios entrar\u00e1n en vigor en cuanto se publiquen en nuestra p\u00e1gina. Le animamos a consultar esta p\u00e1gina con regularidad para mantenerse informado de cualquier cambio.<\/p>\n\n\n\n<h3 class=\"wp-block-heading\">9. Contacto<\/h3>\n\n\n\n<p>Si tiene alguna pregunta sobre esta pol\u00edtica de privacidad, p\u00f3ngase en contacto con nosotros en support@newway.eu.<\/p>\n\n\n\n<hr class=\"wp-block-separator has-alpha-channel-opacity\"\/>\n\n\n\n<p><strong>\u00daltima actualizaci\u00f3n : <\/strong>29 de julio de 2025<\/p>\n\n\n\n<p><\/p>","protected":false},"excerpt":{"rendered":"<p>1. Introducci\u00f3n \u00a1Bienvenido a anewway.eu! Nos comprometemos a proteger su privacidad y a garantizar la seguridad de su informaci\u00f3n personal. Esta pol\u00edtica de privacidad describe c\u00f3mo recogemos, utilizamos, revelamos y protegemos su informaci\u00f3n. 2 Informaci\u00f3n que recogemos Recogemos informaci\u00f3n cuando usted : Los tipos de informaci\u00f3n que podemos [...]<\/p>","protected":false},"author":1,"featured_media":0,"parent":0,"menu_order":0,"comment_status":"closed","ping_status":"closed","template":"","meta":{"_themeisle_gutenberg_block_has_review":false,"footnotes":""},"class_list":["post-129","page","type-page","status-publish","hentry"],"_links":{"self":[{"href":"https:\/\/anewway.eu\/es\/wp-json\/wp\/v2\/pages\/129","targetHints":{"allow":["GET"]}}],"collection":[{"href":"https:\/\/anewway.eu\/es\/wp-json\/wp\/v2\/pages"}],"about":[{"href":"https:\/\/anewway.eu\/es\/wp-json\/wp\/v2\/types\/page"}],"author":[{"embeddable":true,"href":"https:\/\/anewway.eu\/es\/wp-json\/wp\/v2\/users\/1"}],"replies":[{"embeddable":true,"href":"https:\/\/anewway.eu\/es\/wp-json\/wp\/v2\/comments?post=129"}],"version-history":[{"count":3,"href":"https:\/\/anewway.eu\/es\/wp-json\/wp\/v2\/pages\/129\/revisions"}],"predecessor-version":[{"id":331,"href":"https:\/\/anewway.eu\/es\/wp-json\/wp\/v2\/pages\/129\/revisions\/331"}],"wp:attachment":[{"href":"https:\/\/anewway.eu\/es\/wp-json\/wp\/v2\/media?parent=129"}],"curies":[{"name":"wp","href":"https:\/\/api.w.org\/{rel}","templated":true}]}}