{"id":126,"date":"2024-10-09T15:23:04","date_gmt":"2024-10-09T15:23:04","guid":{"rendered":"https:\/\/anewway.eu\/?page_id=126"},"modified":"2025-07-31T09:23:26","modified_gmt":"2025-07-31T09:23:26","slug":"termes-et-conditions","status":"publish","type":"page","link":"https:\/\/anewway.eu\/es\/termes-et-conditions","title":{"rendered":"Condiciones generales"},"content":{"rendered":"<hr class=\"wp-block-separator has-alpha-channel-opacity\"\/>\n\n\n\n<h3 class=\"wp-block-heading\">1. Introducci\u00f3n<\/h3>\n\n\n\n<p>Bienvenido a anewway.eu Al acceder a este sitio, acepta cumplir y quedar vinculado por los siguientes t\u00e9rminos y condiciones. Si no acepta estas condiciones, le rogamos que no utilice nuestro sitio.<\/p>\n\n\n\n<h3 class=\"wp-block-heading\">2. Uso del sitio<\/h3>\n\n\n\n<p>El uso de nuestro sitio est\u00e1 sujeto a las leyes aplicables. Debe tener al menos 13 a\u00f1os para utilizar este sitio. Al utilizar nuestro sitio, usted garantiza que tiene la edad requerida.<\/p>\n\n\n\n<h3 class=\"wp-block-heading\">3. 3. Propiedad intelectual<\/h3>\n\n\n\n<p>Todo el contenido de anewway.eu, incluyendo pero no limitado a texto, gr\u00e1ficos, logotipos, im\u00e1genes y software, es propiedad de Optimum Way o sus socios y est\u00e1 protegido por las leyes de propiedad intelectual. Usted no puede reproducir, distribuir o modificar estos contenidos sin autorizaci\u00f3n previa.<\/p>\n\n\n\n<h3 class=\"wp-block-heading\">4. Responsabilidad<\/h3>\n\n\n\n<p>Optimum Way no ser\u00e1 responsable de ning\u00fan da\u00f1o directo, indirecto, incidental o consecuente que surja del uso o incapacidad de usar nuestro sitio. Nos reservamos el derecho de modificar o suspender cualquier contenido o servicio ofrecido en el sitio sin previo aviso.<\/p>\n\n\n\n<h3 class=\"wp-block-heading\">5. 5. Enlaces externos<\/h3>\n\n\n\n<p>Nuestro sitio puede contener enlaces a otros sitios web. No controlamos estos sitios y no somos responsables de su contenido. La inclusi\u00f3n de un enlace no implica que aprobemos esos sitios.<\/p>\n\n\n\n<h3 class=\"wp-block-heading\">6. Protecci\u00f3n de datos personales<\/h3>\n\n\n\n<p>Nos comprometemos a proteger sus datos personales. La informaci\u00f3n que nos proporcione al utilizar nuestro sitio ser\u00e1 tratada de acuerdo con nuestra pol\u00edtica de privacidad. Al utilizar nuestro sitio, usted acepta la recogida y el uso de sus datos tal como se describe en esta pol\u00edtica.<\/p>\n\n\n\n<h3 class=\"wp-block-heading\">7. Modificaciones de las condiciones<\/h3>\n\n\n\n<p>Nos reservamos el derecho a modificar estas condiciones en cualquier momento. Los cambios entrar\u00e1n en vigor en cuanto se publiquen en nuestra p\u00e1gina. Es su responsabilidad consultar esta p\u00e1gina con regularidad para comprobar si se han producido cambios.<\/p>\n\n\n\n<h3 class=\"wp-block-heading\">8. 8. Derecho aplicable<\/h3>\n\n\n\n<p>Las presentes condiciones generales se rigen por la legislaci\u00f3n francesa. Cualquier litigio derivado de la utilizaci\u00f3n de nuestro sitio se someter\u00e1 a la jurisdicci\u00f3n exclusiva de los tribunales de comercio.<\/p>\n\n\n\n<h3 class=\"wp-block-heading\">9. Contacto<\/h3>\n\n\n\n<p>Si tiene alguna pregunta sobre estas condiciones, p\u00f3ngase en contacto con nosotros en support@newway.eu.<\/p>\n\n\n\n<hr class=\"wp-block-separator has-alpha-channel-opacity\"\/>\n\n\n\n<p><strong>\u00daltima actualizaci\u00f3n : <\/strong>29 de julio de 2025<\/p>\n\n\n\n<p><\/p>","protected":false},"excerpt":{"rendered":"<p>1. Introduction Bienvenue sur anewway.eu ! En acc\u00e9dant \u00e0 ce site, vous acceptez de respecter et d&rsquo;\u00eatre li\u00e9 par les termes et conditions suivants. Si vous n&rsquo;acceptez pas ces termes, veuillez ne pas utiliser notre site. 2. Utilisation du site L&rsquo;utilisation de notre site est soumise aux lois applicables. Vous devez avoir au moins avoir [&hellip;]<\/p>","protected":false},"author":1,"featured_media":0,"parent":0,"menu_order":0,"comment_status":"closed","ping_status":"closed","template":"","meta":{"_themeisle_gutenberg_block_has_review":false,"footnotes":""},"class_list":["post-126","page","type-page","status-publish","hentry"],"_links":{"self":[{"href":"https:\/\/anewway.eu\/es\/wp-json\/wp\/v2\/pages\/126","targetHints":{"allow":["GET"]}}],"collection":[{"href":"https:\/\/anewway.eu\/es\/wp-json\/wp\/v2\/pages"}],"about":[{"href":"https:\/\/anewway.eu\/es\/wp-json\/wp\/v2\/types\/page"}],"author":[{"embeddable":true,"href":"https:\/\/anewway.eu\/es\/wp-json\/wp\/v2\/users\/1"}],"replies":[{"embeddable":true,"href":"https:\/\/anewway.eu\/es\/wp-json\/wp\/v2\/comments?post=126"}],"version-history":[{"count":3,"href":"https:\/\/anewway.eu\/es\/wp-json\/wp\/v2\/pages\/126\/revisions"}],"predecessor-version":[{"id":332,"href":"https:\/\/anewway.eu\/es\/wp-json\/wp\/v2\/pages\/126\/revisions\/332"}],"wp:attachment":[{"href":"https:\/\/anewway.eu\/es\/wp-json\/wp\/v2\/media?parent=126"}],"curies":[{"name":"wp","href":"https:\/\/api.w.org\/{rel}","templated":true}]}}