{"id":114,"date":"2024-10-09T14:52:14","date_gmt":"2024-10-09T14:52:14","guid":{"rendered":"https:\/\/anewway.eu\/?page_id=114"},"modified":"2025-08-12T09:47:51","modified_gmt":"2025-08-12T09:47:51","slug":"casques","status":"publish","type":"page","link":"https:\/\/anewway.eu\/es\/casques","title":{"rendered":"Nuestros cascos"},"content":{"rendered":"<hr class=\"wp-block-separator has-alpha-channel-opacity\"\/>\n\n\n\n<div class=\"wp-block-group alignfull has-global-padding is-layout-constrained wp-container-core-group-is-layout-669513ed wp-block-group-is-layout-constrained\" style=\"margin-top:0;margin-bottom:0;padding-top:var(--wp--preset--spacing--50);padding-right:var(--wp--preset--spacing--50);padding-bottom:var(--wp--preset--spacing--50);padding-left:var(--wp--preset--spacing--50)\">\n<div class=\"wp-block-group is-vertical is-content-justification-center is-layout-flex wp-container-core-group-is-layout-ce155fab wp-block-group-is-layout-flex\">\n<p class=\"has-text-align-center\">Disfrute de una experiencia auditiva envolvente y agradable gracias a unos auriculares que combinan comodidad, calidad de sonido y dise\u00f1o elegante, adaptados a todos sus usos.<\/p>\n<\/div>\n\n\n\n<div style=\"height:var(--wp--preset--spacing--30)\" aria-hidden=\"true\" class=\"wp-block-spacer\"><\/div>\n\n\n\n<div class=\"wp-block-columns alignwide is-layout-flex wp-container-core-columns-is-layout-4935966c wp-block-columns-is-layout-flex\" style=\"padding-right:0;padding-left:0\">\n<div class=\"wp-block-column is-layout-flow wp-block-column-is-layout-flow\">\n<figure class=\"wp-block-image aligncenter size-full is-resized is-style-rounded is-style-rounded--1\"><img loading=\"lazy\" decoding=\"async\" width=\"1500\" height=\"1500\" src=\"http:\/\/anewway.eu\/wp-content\/uploads\/2025\/08\/ON-HE-ST2501BK-1.png\" alt=\"\" class=\"wp-image-359\" style=\"object-fit:cover;width:429px;height:auto\" srcset=\"https:\/\/anewway.eu\/wp-content\/uploads\/2025\/08\/ON-HE-ST2501BK-1.png 1500w, https:\/\/anewway.eu\/wp-content\/uploads\/2025\/08\/ON-HE-ST2501BK-1-300x300.png 300w, https:\/\/anewway.eu\/wp-content\/uploads\/2025\/08\/ON-HE-ST2501BK-1-1024x1024.png 1024w, https:\/\/anewway.eu\/wp-content\/uploads\/2025\/08\/ON-HE-ST2501BK-1-150x150.png 150w, https:\/\/anewway.eu\/wp-content\/uploads\/2025\/08\/ON-HE-ST2501BK-1-768x768.png 768w, https:\/\/anewway.eu\/wp-content\/uploads\/2025\/08\/ON-HE-ST2501BK-1-12x12.png 12w\" sizes=\"auto, (max-width: 1500px) 100vw, 1500px\" \/><\/figure>\n\n\n\n<div class=\"wp-block-group is-vertical is-content-justification-center is-nowrap is-layout-flex wp-container-core-group-is-layout-21d4e958 wp-block-group-is-layout-flex\">\n<p class=\"has-text-align-center has-small-font-size\"><strong>NH251<\/strong><\/p>\n\n\n\n<p class=\"has-text-align-center has-small-font-size\">Inal\u00e1mbrico<\/p>\n<\/div>\n\n\n\n<hr class=\"wp-block-separator aligncenter has-alpha-channel-opacity\"\/>\n\n\n\n<div class=\"wp-block-buttons is-content-justification-center is-layout-flex wp-container-core-buttons-is-layout-a89b3969 wp-block-buttons-is-layout-flex\">\n<div class=\"wp-block-button\"><a class=\"wp-block-button__link wp-element-button\" href=\"https:\/\/anewway.eu\/es\/nh251\/\">M\u00e1s informaci\u00f3n<\/a><\/div>\n<\/div>\n<\/div>\n\n\n\n<div class=\"wp-block-column is-layout-flow wp-block-column-is-layout-flow\">\n<figure class=\"wp-block-image aligncenter size-full is-resized is-style-rounded is-style-rounded--2\"><img loading=\"lazy\" decoding=\"async\" width=\"1500\" height=\"1500\" src=\"http:\/\/anewway.eu\/wp-content\/uploads\/2025\/08\/ON-HE-ST2501WT-1.png\" alt=\"\" class=\"wp-image-360\" style=\"object-fit:cover;width:429px;height:auto\" srcset=\"https:\/\/anewway.eu\/wp-content\/uploads\/2025\/08\/ON-HE-ST2501WT-1.png 1500w, https:\/\/anewway.eu\/wp-content\/uploads\/2025\/08\/ON-HE-ST2501WT-1-300x300.png 300w, https:\/\/anewway.eu\/wp-content\/uploads\/2025\/08\/ON-HE-ST2501WT-1-1024x1024.png 1024w, https:\/\/anewway.eu\/wp-content\/uploads\/2025\/08\/ON-HE-ST2501WT-1-150x150.png 150w, https:\/\/anewway.eu\/wp-content\/uploads\/2025\/08\/ON-HE-ST2501WT-1-768x768.png 768w, https:\/\/anewway.eu\/wp-content\/uploads\/2025\/08\/ON-HE-ST2501WT-1-12x12.png 12w\" sizes=\"auto, (max-width: 1500px) 100vw, 1500px\" \/><\/figure>\n\n\n\n<div class=\"wp-block-group is-vertical is-content-justification-center is-nowrap is-layout-flex wp-container-core-group-is-layout-63bfd6c1 wp-block-group-is-layout-flex\">\n<p class=\"has-text-align-center has-small-font-size\"><strong>NH251<\/strong><\/p>\n\n\n\n<p class=\"has-text-align-center has-small-font-size\">Inal\u00e1mbrico<\/p>\n<\/div>\n\n\n\n<hr class=\"wp-block-separator aligncenter has-alpha-channel-opacity\"\/>\n\n\n\n<div class=\"wp-block-buttons is-content-justification-center is-layout-flex wp-container-core-buttons-is-layout-a89b3969 wp-block-buttons-is-layout-flex\">\n<div class=\"wp-block-button\"><a class=\"wp-block-button__link wp-element-button\" href=\"https:\/\/anewway.eu\/es\/nh251\/\">M\u00e1s informaci\u00f3n<\/a><\/div>\n<\/div>\n<\/div>\n<\/div>\n<\/div>\n\n\n\n<p><\/p>","protected":false},"excerpt":{"rendered":"<p>Profitez d\u2019une exp\u00e9rience d\u2019\u00e9coute immersive et agr\u00e9able gr\u00e2ce \u00e0 des casques alliant confort, qualit\u00e9 sonore et design \u00e9l\u00e9gant, adapt\u00e9s \u00e0 tous vos usages. NH251 Sans fil NH251 Sans fil<\/p>","protected":false},"author":1,"featured_media":0,"parent":0,"menu_order":0,"comment_status":"closed","ping_status":"closed","template":"","meta":{"_themeisle_gutenberg_block_has_review":false,"footnotes":""},"class_list":["post-114","page","type-page","status-publish","hentry"],"_links":{"self":[{"href":"https:\/\/anewway.eu\/es\/wp-json\/wp\/v2\/pages\/114","targetHints":{"allow":["GET"]}}],"collection":[{"href":"https:\/\/anewway.eu\/es\/wp-json\/wp\/v2\/pages"}],"about":[{"href":"https:\/\/anewway.eu\/es\/wp-json\/wp\/v2\/types\/page"}],"author":[{"embeddable":true,"href":"https:\/\/anewway.eu\/es\/wp-json\/wp\/v2\/users\/1"}],"replies":[{"embeddable":true,"href":"https:\/\/anewway.eu\/es\/wp-json\/wp\/v2\/comments?post=114"}],"version-history":[{"count":13,"href":"https:\/\/anewway.eu\/es\/wp-json\/wp\/v2\/pages\/114\/revisions"}],"predecessor-version":[{"id":369,"href":"https:\/\/anewway.eu\/es\/wp-json\/wp\/v2\/pages\/114\/revisions\/369"}],"wp:attachment":[{"href":"https:\/\/anewway.eu\/es\/wp-json\/wp\/v2\/media?parent=114"}],"curies":[{"name":"wp","href":"https:\/\/api.w.org\/{rel}","templated":true}]}}