{"id":424,"date":"2025-10-30T11:59:21","date_gmt":"2025-10-30T11:59:21","guid":{"rendered":"https:\/\/anewway.eu\/?page_id=424"},"modified":"2025-10-30T11:59:38","modified_gmt":"2025-10-30T11:59:38","slug":"sac","status":"publish","type":"page","link":"https:\/\/anewway.eu\/de\/sac","title":{"rendered":"Rucksack"},"content":{"rendered":"<div class=\"wp-block-group alignfull has-accent-5-background-color has-background has-global-padding is-layout-constrained wp-container-core-group-is-layout-d89aad35 wp-block-group-is-layout-constrained\" style=\"margin-top:0;margin-bottom:0;padding-top:var(--wp--preset--spacing--50);padding-right:var(--wp--preset--spacing--50);padding-bottom:var(--wp--preset--spacing--50);padding-left:var(--wp--preset--spacing--50)\">\n<div class=\"wp-block-columns alignwide is-layout-flex wp-container-core-columns-is-layout-1da03c2a wp-block-columns-is-layout-flex\">\n<div class=\"wp-block-column is-vertically-aligned-center is-layout-flow wp-block-column-is-layout-flow\" style=\"flex-basis:60%\">\n<figure class=\"wp-block-image aligncenter size-large is-resized\"><img loading=\"lazy\" decoding=\"async\" width=\"1024\" height=\"1024\" src=\"http:\/\/anewway.eu\/wp-content\/uploads\/2025\/10\/ON-SAC-01-1-1024x1024.png\" alt=\"\" class=\"wp-image-410\" style=\"width:436px;height:auto\" srcset=\"https:\/\/anewway.eu\/wp-content\/uploads\/2025\/10\/ON-SAC-01-1-1024x1024.png 1024w, https:\/\/anewway.eu\/wp-content\/uploads\/2025\/10\/ON-SAC-01-1-300x300.png 300w, https:\/\/anewway.eu\/wp-content\/uploads\/2025\/10\/ON-SAC-01-1-150x150.png 150w, https:\/\/anewway.eu\/wp-content\/uploads\/2025\/10\/ON-SAC-01-1-768x768.png 768w, https:\/\/anewway.eu\/wp-content\/uploads\/2025\/10\/ON-SAC-01-1-1536x1536.png 1536w, https:\/\/anewway.eu\/wp-content\/uploads\/2025\/10\/ON-SAC-01-1-2048x2048.png 2048w, https:\/\/anewway.eu\/wp-content\/uploads\/2025\/10\/ON-SAC-01-1-12x12.png 12w\" sizes=\"auto, (max-width: 1024px) 100vw, 1024px\" \/><\/figure>\n<\/div>\n\n\n\n<div class=\"wp-block-column is-layout-flow wp-block-column-is-layout-flow\" style=\"flex-basis:40%\">\n<h2 class=\"wp-block-heading\"><\/h2>\n\n\n\n<ul class=\"wp-block-list\">\n<li>OPTIMALE KAPAZIT\u00c4T 16L: Kompakte, aber ger\u00e4umige Tasche, bietet Platz f\u00fcr einen Laptop bis zu 15,6 Zoll. Ideal f\u00fcr Arbeit, Studium und unterwegs.<\/li>\n\n\n\n<li>INTEGRIERTER USB-PORT: Laden Sie Ihre Ger\u00e4te unterwegs ganz einfach auf (Powerbank nicht im Lieferumfang enthalten), ohne die Tasche zu \u00f6ffnen.<\/li>\n\n\n\n<li>WASSERBEST\u00c4NDIGES MATERIAL: Strapazierf\u00e4higer, wasserfester Stoff, der f\u00fcr den t\u00e4glichen Gebrauch in aller Ruhe entwickelt wurde.<\/li>\n\n\n\n<li>INTELLIGENTE ORGANISATION UND DIEBSTAHLSCHUTZ: Zahlreiche Taschen, Hauptfach, Fronttasche mit Rei\u00dfverschluss und diebstahlsicheres Fach auf der R\u00fcckseite.<\/li>\n\n\n\n<li>ERGONOMISCHER UND ATEMBARER KOMFORT: R\u00fcckenteil aus weichem Mesh, bel\u00fcftete Polsterung, verstellbare Schultergurte und Gep\u00e4ckriemen - ideal f\u00fcr lange Tage.<\/li>\n\n\n\n<li>VIELSEITIGE VERWENDUNG MIT KOPFH\u00d6RERPORT: Schlie\u00dfen Sie Ihre Kopfh\u00f6rer ganz einfach an. Perfekt f\u00fcr unterwegs, im B\u00fcro, auf Reisen oder in der Freizeit.<\/li>\n<\/ul>\n\n\n\n<div style=\"height:22px\" aria-hidden=\"true\" class=\"wp-block-spacer\"><\/div>\n\n\n\n<div class=\"wp-block-buttons is-content-justification-center is-layout-flex wp-container-core-buttons-is-layout-a89b3969 wp-block-buttons-is-layout-flex\">\n<div class=\"wp-block-button\"><a class=\"wp-block-button__link wp-element-button\" href=\"https:\/\/amzn.to\/49oHHyQ\">KAUFEN SIE<\/a><\/div>\n\n\n\n<div class=\"wp-block-button\"><a class=\"wp-block-button__link wp-element-button\" href=\"https:\/\/anewway.eu\/de\/telechargements\/\">SUPPORT<\/a><\/div>\n<\/div>\n<\/div>\n<\/div>\n<\/div>\n\n\n\n<p><\/p>","protected":false},"excerpt":{"rendered":"","protected":false},"author":1,"featured_media":0,"parent":0,"menu_order":0,"comment_status":"closed","ping_status":"closed","template":"","meta":{"_themeisle_gutenberg_block_has_review":false,"footnotes":""},"class_list":["post-424","page","type-page","status-publish","hentry"],"_links":{"self":[{"href":"https:\/\/anewway.eu\/de\/wp-json\/wp\/v2\/pages\/424","targetHints":{"allow":["GET"]}}],"collection":[{"href":"https:\/\/anewway.eu\/de\/wp-json\/wp\/v2\/pages"}],"about":[{"href":"https:\/\/anewway.eu\/de\/wp-json\/wp\/v2\/types\/page"}],"author":[{"embeddable":true,"href":"https:\/\/anewway.eu\/de\/wp-json\/wp\/v2\/users\/1"}],"replies":[{"embeddable":true,"href":"https:\/\/anewway.eu\/de\/wp-json\/wp\/v2\/comments?post=424"}],"version-history":[{"count":1,"href":"https:\/\/anewway.eu\/de\/wp-json\/wp\/v2\/pages\/424\/revisions"}],"predecessor-version":[{"id":425,"href":"https:\/\/anewway.eu\/de\/wp-json\/wp\/v2\/pages\/424\/revisions\/425"}],"wp:attachment":[{"href":"https:\/\/anewway.eu\/de\/wp-json\/wp\/v2\/media?parent=424"}],"curies":[{"name":"wp","href":"https:\/\/api.w.org\/{rel}","templated":true}]}}