{"id":383,"date":"2025-08-12T10:23:13","date_gmt":"2025-08-12T10:23:13","guid":{"rendered":"https:\/\/anewway.eu\/?page_id=383"},"modified":"2025-08-12T10:30:34","modified_gmt":"2025-08-12T10:30:34","slug":"npb10k","status":"publish","type":"page","link":"https:\/\/anewway.eu\/de\/npb10k","title":{"rendered":"NPB10K"},"content":{"rendered":"<div class=\"wp-block-group alignfull has-accent-5-background-color has-background has-global-padding is-layout-constrained wp-container-core-group-is-layout-d89aad35 wp-block-group-is-layout-constrained\" style=\"margin-top:0;margin-bottom:0;padding-top:var(--wp--preset--spacing--50);padding-right:var(--wp--preset--spacing--50);padding-bottom:var(--wp--preset--spacing--50);padding-left:var(--wp--preset--spacing--50)\">\n<div class=\"wp-block-columns alignwide is-layout-flex wp-container-core-columns-is-layout-1da03c2a wp-block-columns-is-layout-flex\">\n<div class=\"wp-block-column is-vertically-aligned-center is-layout-flow wp-block-column-is-layout-flow\" style=\"flex-basis:60%\">\n<div class=\"wp-block-group is-content-justification-center is-nowrap is-layout-flex wp-container-core-group-is-layout-23441af8 wp-block-group-is-layout-flex\">\n<figure class=\"wp-block-image size-large is-resized\"><img loading=\"lazy\" decoding=\"async\" width=\"1024\" height=\"1024\" src=\"https:\/\/anewway.eu\/wp-content\/uploads\/2025\/08\/ON-PB-10KWT-1B-1024x1024.png\" alt=\"\" class=\"wp-image-391\" style=\"width:617px;height:auto\" srcset=\"https:\/\/anewway.eu\/wp-content\/uploads\/2025\/08\/ON-PB-10KWT-1B-1024x1024.png 1024w, https:\/\/anewway.eu\/wp-content\/uploads\/2025\/08\/ON-PB-10KWT-1B-300x300.png 300w, https:\/\/anewway.eu\/wp-content\/uploads\/2025\/08\/ON-PB-10KWT-1B-150x150.png 150w, https:\/\/anewway.eu\/wp-content\/uploads\/2025\/08\/ON-PB-10KWT-1B-768x768.png 768w, https:\/\/anewway.eu\/wp-content\/uploads\/2025\/08\/ON-PB-10KWT-1B-12x12.png 12w, https:\/\/anewway.eu\/wp-content\/uploads\/2025\/08\/ON-PB-10KWT-1B.png 1500w\" sizes=\"auto, (max-width: 1024px) 100vw, 1024px\" \/><\/figure>\n<\/div>\n<\/div>\n\n\n\n<div class=\"wp-block-column is-layout-flow wp-block-column-is-layout-flow\" style=\"flex-basis:40%\">\n<h2 class=\"wp-block-heading\"><\/h2>\n\n\n\n<ul class=\"wp-block-list\">\n<li>LEISTUNG UND SCHNELLIGKEIT: Mit einer Kapazit\u00e4t von 10.000 mAh bietet diese Power Bank eine Schnellladung von bis zu 22,5 W \u00fcber USB-C (60 % in weniger als 40 Minuten) und 15 W magnetisch kabellos - ideal f\u00fcr Smartphones, Uhren, Kopfh\u00f6rer und Tablets. Ein 20W USB-C-Ausgang ist ebenfalls vorhanden, um die Power Bank selbst schnell aufzuladen.<\/li>\n\n\n\n<li>VIELSEITIGES AUFLADEN: Nutzen Sie das kabellose magnetische Aufladen und die integrierten Kabel: USB-C-Kabel und Verbindungskabel f\u00fcr iOS-Ger\u00e4te - perfekt, um alle Ihre Ger\u00e4te ohne zus\u00e4tzliche Kabel aufzuladen.<\/li>\n\n\n\n<li>KOMPAKT UND LEICHT ZU TRANSPORTIEREN: Dank seines ultraportablen Designs l\u00e4sst sich das Ger\u00e4t \u00fcberall in der Tasche oder Handtasche mitnehmen - ideal f\u00fcr Reisen, im B\u00fcro und f\u00fcr den Alltag.<\/li>\n\n\n\n<li>INTELLIGENTES LED-DISPLAY: Das integrierte LED-Display zeigt genau an, wie viel Akkuleistung noch vorhanden ist, sodass Sie immer wissen, wann Sie Ihre Power Bank aufladen m\u00fcssen.<\/li>\n\n\n\n<li>MAXIMALE SICHERHEIT: Ausgestattet mit fortschrittlichen Schutzmechanismen gegen \u00dcberspannung, Kurzschluss und \u00dcberhitzung sorgt es f\u00fcr ein zuverl\u00e4ssiges und sicheres Aufladen all Ihrer Ger\u00e4te.<\/li>\n\n\n\n<li>UNIVERSELLE KOMPATIBILIT\u00c4T: Kompatibel mit iPhone, Samsung, AirPods, iPad, verbundenen Uhren und mehr - f\u00fcr schnelles und effizientes Aufladen, wo immer Sie gerade sind.<\/li>\n<\/ul>\n\n\n\n<div style=\"height:22px\" aria-hidden=\"true\" class=\"wp-block-spacer\"><\/div>\n\n\n\n<div class=\"wp-block-buttons is-content-justification-center is-layout-flex wp-container-core-buttons-is-layout-a89b3969 wp-block-buttons-is-layout-flex\">\n<div class=\"wp-block-button\"><a class=\"wp-block-button__link wp-element-button\" href=\"https:\/\/amzn.to\/4140XwF\">KAUFEN SIE<\/a><\/div>\n\n\n\n<div class=\"wp-block-button\"><a class=\"wp-block-button__link wp-element-button\" href=\"https:\/\/anewway.eu\/de\/telechargements\/\">SUPPORT<\/a><\/div>\n<\/div>\n<\/div>\n<\/div>\n<\/div>","protected":false},"excerpt":{"rendered":"","protected":false},"author":1,"featured_media":0,"parent":0,"menu_order":0,"comment_status":"closed","ping_status":"closed","template":"","meta":{"_themeisle_gutenberg_block_has_review":false,"footnotes":""},"class_list":["post-383","page","type-page","status-publish","hentry"],"_links":{"self":[{"href":"https:\/\/anewway.eu\/de\/wp-json\/wp\/v2\/pages\/383","targetHints":{"allow":["GET"]}}],"collection":[{"href":"https:\/\/anewway.eu\/de\/wp-json\/wp\/v2\/pages"}],"about":[{"href":"https:\/\/anewway.eu\/de\/wp-json\/wp\/v2\/types\/page"}],"author":[{"embeddable":true,"href":"https:\/\/anewway.eu\/de\/wp-json\/wp\/v2\/users\/1"}],"replies":[{"embeddable":true,"href":"https:\/\/anewway.eu\/de\/wp-json\/wp\/v2\/comments?post=383"}],"version-history":[{"count":2,"href":"https:\/\/anewway.eu\/de\/wp-json\/wp\/v2\/pages\/383\/revisions"}],"predecessor-version":[{"id":392,"href":"https:\/\/anewway.eu\/de\/wp-json\/wp\/v2\/pages\/383\/revisions\/392"}],"wp:attachment":[{"href":"https:\/\/anewway.eu\/de\/wp-json\/wp\/v2\/media?parent=383"}],"curies":[{"name":"wp","href":"https:\/\/api.w.org\/{rel}","templated":true}]}}