{"id":367,"date":"2025-08-12T09:47:22","date_gmt":"2025-08-12T09:47:22","guid":{"rendered":"https:\/\/anewway.eu\/?page_id=367"},"modified":"2025-08-12T09:47:22","modified_gmt":"2025-08-12T09:47:22","slug":"nh251","status":"publish","type":"page","link":"https:\/\/anewway.eu\/de\/nh251","title":{"rendered":"NH251"},"content":{"rendered":"<div class=\"wp-block-group alignfull has-accent-5-background-color has-background has-global-padding is-layout-constrained wp-container-core-group-is-layout-d89aad35 wp-block-group-is-layout-constrained\" style=\"margin-top:0;margin-bottom:0;padding-top:var(--wp--preset--spacing--50);padding-right:var(--wp--preset--spacing--50);padding-bottom:var(--wp--preset--spacing--50);padding-left:var(--wp--preset--spacing--50)\">\n<div class=\"wp-block-columns alignwide is-layout-flex wp-container-core-columns-is-layout-1da03c2a wp-block-columns-is-layout-flex\">\n<div class=\"wp-block-column is-vertically-aligned-center is-layout-flow wp-block-column-is-layout-flow\" style=\"flex-basis:60%\">\n<div class=\"wp-block-group is-nowrap is-layout-flex wp-container-core-group-is-layout-6c531013 wp-block-group-is-layout-flex\">\n<figure class=\"wp-block-image size-large is-resized\"><img loading=\"lazy\" decoding=\"async\" width=\"1024\" height=\"1024\" src=\"http:\/\/anewway.eu\/wp-content\/uploads\/2025\/08\/ON-HE-ST2501BK-1-1024x1024.png\" alt=\"\" class=\"wp-image-359\" style=\"width:401px;height:auto\" srcset=\"https:\/\/anewway.eu\/wp-content\/uploads\/2025\/08\/ON-HE-ST2501BK-1-1024x1024.png 1024w, https:\/\/anewway.eu\/wp-content\/uploads\/2025\/08\/ON-HE-ST2501BK-1-300x300.png 300w, https:\/\/anewway.eu\/wp-content\/uploads\/2025\/08\/ON-HE-ST2501BK-1-150x150.png 150w, https:\/\/anewway.eu\/wp-content\/uploads\/2025\/08\/ON-HE-ST2501BK-1-768x768.png 768w, https:\/\/anewway.eu\/wp-content\/uploads\/2025\/08\/ON-HE-ST2501BK-1-12x12.png 12w, https:\/\/anewway.eu\/wp-content\/uploads\/2025\/08\/ON-HE-ST2501BK-1.png 1500w\" sizes=\"auto, (max-width: 1024px) 100vw, 1024px\" \/><\/figure>\n\n\n\n<figure class=\"wp-block-image size-large is-resized\"><img loading=\"lazy\" decoding=\"async\" width=\"1024\" height=\"1024\" src=\"http:\/\/anewway.eu\/wp-content\/uploads\/2025\/08\/ON-HE-ST2501WT-1-1024x1024.png\" alt=\"\" class=\"wp-image-360\" style=\"width:310px;height:auto\" srcset=\"https:\/\/anewway.eu\/wp-content\/uploads\/2025\/08\/ON-HE-ST2501WT-1-1024x1024.png 1024w, https:\/\/anewway.eu\/wp-content\/uploads\/2025\/08\/ON-HE-ST2501WT-1-300x300.png 300w, https:\/\/anewway.eu\/wp-content\/uploads\/2025\/08\/ON-HE-ST2501WT-1-150x150.png 150w, https:\/\/anewway.eu\/wp-content\/uploads\/2025\/08\/ON-HE-ST2501WT-1-768x768.png 768w, https:\/\/anewway.eu\/wp-content\/uploads\/2025\/08\/ON-HE-ST2501WT-1-12x12.png 12w, https:\/\/anewway.eu\/wp-content\/uploads\/2025\/08\/ON-HE-ST2501WT-1.png 1500w\" sizes=\"auto, (max-width: 1024px) 100vw, 1024px\" \/><\/figure>\n<\/div>\n<\/div>\n\n\n\n<div class=\"wp-block-column is-layout-flow wp-block-column-is-layout-flow\" style=\"flex-basis:40%\">\n<h2 class=\"wp-block-heading\"><\/h2>\n\n\n\n<ul class=\"wp-block-list\">\n<li>DREIFACHER ANSCHLUSSMODUS - Genie\u00dfen Sie maximale Flexibilit\u00e4t dank kabelgebundener Verbindung (3,5-mm-Klinkenstecker), drahtloser 2,4-GHz-WiFi-Verbindung \u00fcber einen 2-in-1-USB\/USB-C-Empf\u00e4nger und BT. Wechseln Sie je nach Bedarf im Handumdrehen das Medium.<\/li>\n\n\n\n<li>MULTI-PLATTFORM-KOMPATIBEL - Dieses Headset funktioniert mit PCs, Konsolen (Switch 2, PS5 und PS4), Smartphones, Tablets und Macs. Ein einziges Headset f\u00fcr alle Ihre Alltagsger\u00e4te.<\/li>\n\n\n\n<li>HOCHWERTIGER STEREO-SOUND - Erleben Sie ein immersives Klangerlebnis mit leistungsstarken Lautsprechern, die sich perfekt f\u00fcr die Arbeit, zum Spielen und f\u00fcr Musik eignen.<\/li>\n\n\n\n<li>FLEXIBLES, EINZIEHBARES MIKROFON - Genie\u00dfen Sie eine klare Kommunikation mit einem schwenkbaren, unauff\u00e4lligen Mikrofon, das sich einfach einziehen l\u00e4sst, wenn Sie es nicht ben\u00f6tigen.<\/li>\n\n\n\n<li>BIS ZU 15 STUNDEN AUTONOMIE - Genie\u00dfen Sie lange kabellose Sitzungen ohne Aufladen und laden Sie schnell \u00fcber den integrierten USB-C-Anschluss auf.<\/li>\n\n\n\n<li>KOMFORT UND SCH\u00d6NES DESIGN - Die in Schwarz oder Wei\u00df erh\u00e4ltlichen Kopfh\u00f6rer sind mit weichen Stoffpolstern und einem verstellbaren Kopfb\u00fcgel ausgestattet und verbinden schlichten Stil mit dauerhaftem Komfort.<\/li>\n<\/ul>\n\n\n\n<div style=\"height:22px\" aria-hidden=\"true\" class=\"wp-block-spacer\"><\/div>\n\n\n\n<div class=\"wp-block-buttons is-content-justification-center is-layout-flex wp-container-core-buttons-is-layout-a89b3969 wp-block-buttons-is-layout-flex\">\n<div class=\"wp-block-button\"><a class=\"wp-block-button__link wp-element-button\" href=\"https:\/\/amzn.to\/4fz1Gfb\">KAUFEN SIE<\/a><\/div>\n\n\n\n<div class=\"wp-block-button\"><a class=\"wp-block-button__link wp-element-button\" href=\"https:\/\/anewway.eu\/de\/telechargements\/\">SUPPORT<\/a><\/div>\n<\/div>\n<\/div>\n<\/div>\n<\/div>","protected":false},"excerpt":{"rendered":"","protected":false},"author":1,"featured_media":0,"parent":0,"menu_order":0,"comment_status":"closed","ping_status":"closed","template":"","meta":{"_themeisle_gutenberg_block_has_review":false,"footnotes":""},"class_list":["post-367","page","type-page","status-publish","hentry"],"_links":{"self":[{"href":"https:\/\/anewway.eu\/de\/wp-json\/wp\/v2\/pages\/367","targetHints":{"allow":["GET"]}}],"collection":[{"href":"https:\/\/anewway.eu\/de\/wp-json\/wp\/v2\/pages"}],"about":[{"href":"https:\/\/anewway.eu\/de\/wp-json\/wp\/v2\/types\/page"}],"author":[{"embeddable":true,"href":"https:\/\/anewway.eu\/de\/wp-json\/wp\/v2\/users\/1"}],"replies":[{"embeddable":true,"href":"https:\/\/anewway.eu\/de\/wp-json\/wp\/v2\/comments?post=367"}],"version-history":[{"count":1,"href":"https:\/\/anewway.eu\/de\/wp-json\/wp\/v2\/pages\/367\/revisions"}],"predecessor-version":[{"id":368,"href":"https:\/\/anewway.eu\/de\/wp-json\/wp\/v2\/pages\/367\/revisions\/368"}],"wp:attachment":[{"href":"https:\/\/anewway.eu\/de\/wp-json\/wp\/v2\/media?parent=367"}],"curies":[{"name":"wp","href":"https:\/\/api.w.org\/{rel}","templated":true}]}}