{"id":315,"date":"2025-07-02T15:12:16","date_gmt":"2025-07-02T15:12:16","guid":{"rendered":"https:\/\/anewway.eu\/?page_id=315"},"modified":"2025-08-12T10:25:46","modified_gmt":"2025-08-12T10:25:46","slug":"nm255","status":"publish","type":"page","link":"https:\/\/anewway.eu\/de\/nm255","title":{"rendered":"NM255"},"content":{"rendered":"<div class=\"wp-block-group alignfull has-accent-5-background-color has-background has-global-padding is-layout-constrained wp-container-core-group-is-layout-d89aad35 wp-block-group-is-layout-constrained\" style=\"margin-top:0;margin-bottom:0;padding-top:var(--wp--preset--spacing--50);padding-right:var(--wp--preset--spacing--50);padding-bottom:var(--wp--preset--spacing--50);padding-left:var(--wp--preset--spacing--50)\">\n<div class=\"wp-block-columns alignwide is-layout-flex wp-container-core-columns-is-layout-1da03c2a wp-block-columns-is-layout-flex\">\n<div class=\"wp-block-column is-vertically-aligned-center is-layout-flow wp-block-column-is-layout-flow\" style=\"flex-basis:60%\">\n<figure class=\"wp-block-image aligncenter size-large is-resized\"><img loading=\"lazy\" decoding=\"async\" width=\"1024\" height=\"1024\" src=\"http:\/\/anewway.eu\/wp-content\/uploads\/2025\/07\/test-1024x1024.png\" alt=\"\" class=\"wp-image-310\" style=\"width:421px;height:auto\" srcset=\"https:\/\/anewway.eu\/wp-content\/uploads\/2025\/07\/test-1024x1024.png 1024w, https:\/\/anewway.eu\/wp-content\/uploads\/2025\/07\/test-300x300.png 300w, https:\/\/anewway.eu\/wp-content\/uploads\/2025\/07\/test-150x150.png 150w, https:\/\/anewway.eu\/wp-content\/uploads\/2025\/07\/test-768x768.png 768w, https:\/\/anewway.eu\/wp-content\/uploads\/2025\/07\/test-12x12.png 12w, https:\/\/anewway.eu\/wp-content\/uploads\/2025\/07\/test.png 1080w\" sizes=\"auto, (max-width: 1024px) 100vw, 1024px\" \/><\/figure>\n\n\n\n<figure class=\"wp-block-image aligncenter size-large is-resized\"><img loading=\"lazy\" decoding=\"async\" width=\"1024\" height=\"1024\" src=\"http:\/\/anewway.eu\/wp-content\/uploads\/2025\/07\/test-1-1024x1024.png\" alt=\"\" class=\"wp-image-311\" style=\"width:285px;height:auto\" srcset=\"https:\/\/anewway.eu\/wp-content\/uploads\/2025\/07\/test-1-1024x1024.png 1024w, https:\/\/anewway.eu\/wp-content\/uploads\/2025\/07\/test-1-300x300.png 300w, https:\/\/anewway.eu\/wp-content\/uploads\/2025\/07\/test-1-150x150.png 150w, https:\/\/anewway.eu\/wp-content\/uploads\/2025\/07\/test-1-768x768.png 768w, https:\/\/anewway.eu\/wp-content\/uploads\/2025\/07\/test-1-12x12.png 12w, https:\/\/anewway.eu\/wp-content\/uploads\/2025\/07\/test-1.png 1080w\" sizes=\"auto, (max-width: 1024px) 100vw, 1024px\" \/><\/figure>\n<\/div>\n\n\n\n<div class=\"wp-block-column is-layout-flow wp-block-column-is-layout-flow\" style=\"flex-basis:40%\">\n<h2 class=\"wp-block-heading\"><\/h2>\n\n\n\n<ul class=\"wp-block-list\">\n<li>PR\u00c4ZISE \u00dcBERWACHUNG UND ANPASSBARE SENSIBILIT\u00c4T - Genie\u00dfen Sie eine fl\u00fcssige Steuerung mit einer Bildwiederholrate von 250 Hz und vier w\u00e4hlbaren DPI-Stufen: 800, 1600, 2400 und 4000 - passend f\u00fcr alle Ihre B\u00fcroaufgaben.<\/li>\n\n\n\n<li>6 FUNKTIONSTASTEN F\u00dcR DEN ALLTAG - Diese Maus ist mit 6 gut verteilten Tasten ausgestattet, die eine komfortable und intuitive Navigation erm\u00f6glichen. Ideal f\u00fcr den klassischen B\u00fcrogebrauch.<\/li>\n\n\n\n<li>STABILE KABELLOSE VERBINDUNG IN 2,4 GHZ - Schlie\u00dfen Sie den mitgelieferten USB-Empf\u00e4nger an, um eine sofortige, zuverl\u00e4ssige und latenzfreie Verbindung herzustellen, die ideal f\u00fcr eine kabellose Arbeitsumgebung ist.<\/li>\n\n\n\n<li>BATTERIEBETRIEB F\u00dcR LANGLEBIGE UNABH\u00c4NGIGKEIT - Diese Maus wird mit einer Standard-AA-Batterie (nicht im Lieferumfang enthalten) betrieben und kann so lange verwendet werden, ohne dass sie aufgeladen werden muss.<\/li>\n\n\n\n<li>ELEGANTES DESIGN UND UNIVERSELLE KOMPATIBILIT\u00c4T - Erh\u00e4ltlich in Schwarz und Wei\u00df, um mit Ihrem Arbeitsplatz zu harmonieren. Kompatibel mit Windows, Laptops, Mac und Linux.<\/li>\n<\/ul>\n\n\n\n<div style=\"height:22px\" aria-hidden=\"true\" class=\"wp-block-spacer\"><\/div>\n\n\n\n<div class=\"wp-block-buttons is-content-justification-center is-layout-flex wp-container-core-buttons-is-layout-a89b3969 wp-block-buttons-is-layout-flex\">\n<div class=\"wp-block-button\"><a class=\"wp-block-button__link wp-element-button\" href=\"https:\/\/amzn.to\/4l8KTRv\">KAUFEN SIE<\/a><\/div>\n\n\n\n<div class=\"wp-block-button\"><a class=\"wp-block-button__link wp-element-button\" href=\"https:\/\/anewway.eu\/de\/telechargements\/\">SUPPORT<\/a><\/div>\n<\/div>\n<\/div>\n<\/div>\n<\/div>","protected":false},"excerpt":{"rendered":"","protected":false},"author":1,"featured_media":0,"parent":0,"menu_order":0,"comment_status":"closed","ping_status":"closed","template":"","meta":{"_themeisle_gutenberg_block_has_review":false,"footnotes":""},"class_list":["post-315","page","type-page","status-publish","hentry"],"_links":{"self":[{"href":"https:\/\/anewway.eu\/de\/wp-json\/wp\/v2\/pages\/315","targetHints":{"allow":["GET"]}}],"collection":[{"href":"https:\/\/anewway.eu\/de\/wp-json\/wp\/v2\/pages"}],"about":[{"href":"https:\/\/anewway.eu\/de\/wp-json\/wp\/v2\/types\/page"}],"author":[{"embeddable":true,"href":"https:\/\/anewway.eu\/de\/wp-json\/wp\/v2\/users\/1"}],"replies":[{"embeddable":true,"href":"https:\/\/anewway.eu\/de\/wp-json\/wp\/v2\/comments?post=315"}],"version-history":[{"count":3,"href":"https:\/\/anewway.eu\/de\/wp-json\/wp\/v2\/pages\/315\/revisions"}],"predecessor-version":[{"id":435,"href":"https:\/\/anewway.eu\/de\/wp-json\/wp\/v2\/pages\/315\/revisions\/435"}],"wp:attachment":[{"href":"https:\/\/anewway.eu\/de\/wp-json\/wp\/v2\/media?parent=315"}],"curies":[{"name":"wp","href":"https:\/\/api.w.org\/{rel}","templated":true}]}}