{"id":300,"date":"2025-03-31T09:52:45","date_gmt":"2025-03-31T09:52:45","guid":{"rendered":"https:\/\/anewway.eu\/?page_id=300"},"modified":"2025-03-31T09:52:45","modified_gmt":"2025-03-31T09:52:45","slug":"nc1","status":"publish","type":"page","link":"https:\/\/anewway.eu\/de\/nc1","title":{"rendered":"NC1"},"content":{"rendered":"<div class=\"wp-block-group alignfull has-accent-5-background-color has-background has-global-padding is-layout-constrained wp-container-core-group-is-layout-d89aad35 wp-block-group-is-layout-constrained\" style=\"margin-top:0;margin-bottom:0;padding-top:var(--wp--preset--spacing--50);padding-right:var(--wp--preset--spacing--50);padding-bottom:var(--wp--preset--spacing--50);padding-left:var(--wp--preset--spacing--50)\">\n<div class=\"wp-block-columns alignwide is-layout-flex wp-container-core-columns-is-layout-1da03c2a wp-block-columns-is-layout-flex\">\n<div class=\"wp-block-column is-vertically-aligned-center is-layout-flow wp-block-column-is-layout-flow\" style=\"flex-basis:60%\">\n<div class=\"wp-block-group is-nowrap is-layout-flex wp-container-core-group-is-layout-6c531013 wp-block-group-is-layout-flex\">\n<figure class=\"wp-block-image size-large is-resized\"><img loading=\"lazy\" decoding=\"async\" width=\"1024\" height=\"1024\" src=\"http:\/\/anewway.eu\/wp-content\/uploads\/2025\/01\/ON-CA-2405BK_1500_V1-1024x1024.png\" alt=\"\" class=\"wp-image-243\" style=\"width:361px;height:auto\" srcset=\"https:\/\/anewway.eu\/wp-content\/uploads\/2025\/01\/ON-CA-2405BK_1500_V1-1024x1024.png 1024w, https:\/\/anewway.eu\/wp-content\/uploads\/2025\/01\/ON-CA-2405BK_1500_V1-300x300.png 300w, https:\/\/anewway.eu\/wp-content\/uploads\/2025\/01\/ON-CA-2405BK_1500_V1-150x150.png 150w, https:\/\/anewway.eu\/wp-content\/uploads\/2025\/01\/ON-CA-2405BK_1500_V1-768x768.png 768w, https:\/\/anewway.eu\/wp-content\/uploads\/2025\/01\/ON-CA-2405BK_1500_V1-12x12.png 12w, https:\/\/anewway.eu\/wp-content\/uploads\/2025\/01\/ON-CA-2405BK_1500_V1.png 1500w\" sizes=\"auto, (max-width: 1024px) 100vw, 1024px\" \/><\/figure>\n\n\n\n<figure class=\"wp-block-image size-large is-resized\"><img loading=\"lazy\" decoding=\"async\" width=\"1024\" height=\"1024\" src=\"http:\/\/anewway.eu\/wp-content\/uploads\/2025\/01\/ON-CA-2405WT_1500_V1B-1024x1024.png\" alt=\"\" class=\"wp-image-245\" style=\"width:310px;height:auto\" srcset=\"https:\/\/anewway.eu\/wp-content\/uploads\/2025\/01\/ON-CA-2405WT_1500_V1B-1024x1024.png 1024w, https:\/\/anewway.eu\/wp-content\/uploads\/2025\/01\/ON-CA-2405WT_1500_V1B-300x300.png 300w, https:\/\/anewway.eu\/wp-content\/uploads\/2025\/01\/ON-CA-2405WT_1500_V1B-150x150.png 150w, https:\/\/anewway.eu\/wp-content\/uploads\/2025\/01\/ON-CA-2405WT_1500_V1B-768x768.png 768w, https:\/\/anewway.eu\/wp-content\/uploads\/2025\/01\/ON-CA-2405WT_1500_V1B-12x12.png 12w, https:\/\/anewway.eu\/wp-content\/uploads\/2025\/01\/ON-CA-2405WT_1500_V1B.png 1500w\" sizes=\"auto, (max-width: 1024px) 100vw, 1024px\" \/><\/figure>\n<\/div>\n<\/div>\n\n\n\n<div class=\"wp-block-column is-layout-flow wp-block-column-is-layout-flow\" style=\"flex-basis:40%\">\n<h2 class=\"wp-block-heading\"><\/h2>\n\n\n\n<ul class=\"wp-block-list\">\n<li>MULTIFORMAT-KOMPATIBILIT\u00c4T: Kompatibel mit den Formaten Mini-ITX, ITX und Micro-ATX f\u00fcr maximale Flexibilit\u00e4t bei Ihren Konfigurationen. ATX- und Micro-ATX-kompatible Netzteilformate.<\/li>\n\n\n\n<li>OPTIMALE KAPAZIT\u00c4T: Unterst\u00fctzt Grafikkarten bis zu 310 MM, L\u00fcfter bis zu 135 MM, Wasserk\u00fchlungssysteme bis zu 240 MM und Netzteile mit einer L\u00e4nge von bis zu 140MM.<\/li>\n\n\n\n<li>INTEGRIERTER STAUDRAUM: Verf\u00fcgt \u00fcber 3 Speicherpl\u00e4tze (HDD und SSD), perfekt f\u00fcr Ihren Bedarf an Hybrid-Speicher.<\/li>\n\n\n\n<li>PRAKTISCHES UND ELEGANTES DESIGN: Minimalistischer Stil und integrierte Griffe - ideal f\u00fcr unterwegs und ein moderner Look.<\/li>\n\n\n\n<li>EFFIZIENTE LUFTZIRKULATION: Auf optimale K\u00fchlung ausgelegt, sorgt sie f\u00fcr eine ger\u00e4uscharme Leistung und ein kontrolliertes W\u00e4rmemanagement.<\/li>\n<\/ul>\n\n\n\n<div style=\"height:22px\" aria-hidden=\"true\" class=\"wp-block-spacer\"><\/div>\n\n\n\n<div class=\"wp-block-buttons is-content-justification-center is-layout-flex wp-container-core-buttons-is-layout-a89b3969 wp-block-buttons-is-layout-flex\">\n<div class=\"wp-block-button\"><a class=\"wp-block-button__link wp-element-button\" href=\"https:\/\/amzn.to\/4odBlHx\">KAUFEN SIE<\/a><\/div>\n\n\n\n<div class=\"wp-block-button\"><a class=\"wp-block-button__link wp-element-button\" href=\"https:\/\/anewway.eu\/de\/telechargements\/\">SUPPORT<\/a><\/div>\n<\/div>\n<\/div>\n<\/div>\n<\/div>\n\n\n\n<p><\/p>","protected":false},"excerpt":{"rendered":"","protected":false},"author":1,"featured_media":0,"parent":0,"menu_order":0,"comment_status":"closed","ping_status":"closed","template":"","meta":{"_themeisle_gutenberg_block_has_review":false,"footnotes":""},"class_list":["post-300","page","type-page","status-publish","hentry"],"_links":{"self":[{"href":"https:\/\/anewway.eu\/de\/wp-json\/wp\/v2\/pages\/300","targetHints":{"allow":["GET"]}}],"collection":[{"href":"https:\/\/anewway.eu\/de\/wp-json\/wp\/v2\/pages"}],"about":[{"href":"https:\/\/anewway.eu\/de\/wp-json\/wp\/v2\/types\/page"}],"author":[{"embeddable":true,"href":"https:\/\/anewway.eu\/de\/wp-json\/wp\/v2\/users\/1"}],"replies":[{"embeddable":true,"href":"https:\/\/anewway.eu\/de\/wp-json\/wp\/v2\/comments?post=300"}],"version-history":[{"count":1,"href":"https:\/\/anewway.eu\/de\/wp-json\/wp\/v2\/pages\/300\/revisions"}],"predecessor-version":[{"id":302,"href":"https:\/\/anewway.eu\/de\/wp-json\/wp\/v2\/pages\/300\/revisions\/302"}],"wp:attachment":[{"href":"https:\/\/anewway.eu\/de\/wp-json\/wp\/v2\/media?parent=300"}],"curies":[{"name":"wp","href":"https:\/\/api.w.org\/{rel}","templated":true}]}}