{"id":284,"date":"2025-03-31T09:36:56","date_gmt":"2025-03-31T09:36:56","guid":{"rendered":"https:\/\/anewway.eu\/?page_id=284"},"modified":"2025-12-02T10:45:43","modified_gmt":"2025-12-02T10:45:43","slug":"rf01","status":"publish","type":"page","link":"https:\/\/anewway.eu\/de\/rf01","title":{"rendered":"RF01"},"content":{"rendered":"<p class=\"has-text-align-center\"><\/p>\n\n\n\n<div class=\"wp-block-group alignfull has-accent-5-background-color has-background has-global-padding is-layout-constrained wp-container-core-group-is-layout-d89aad35 wp-block-group-is-layout-constrained\" style=\"margin-top:0;margin-bottom:0;padding-top:var(--wp--preset--spacing--50);padding-right:var(--wp--preset--spacing--50);padding-bottom:var(--wp--preset--spacing--50);padding-left:var(--wp--preset--spacing--50)\">\n<div class=\"wp-block-columns alignwide is-layout-flex wp-container-core-columns-is-layout-1da03c2a wp-block-columns-is-layout-flex\">\n<div class=\"wp-block-column is-vertically-aligned-center is-layout-flow wp-block-column-is-layout-flow\" style=\"flex-basis:60%\">\n<figure class=\"wp-block-image aligncenter size-large is-resized\"><img loading=\"lazy\" decoding=\"async\" width=\"1024\" height=\"1024\" src=\"http:\/\/anewway.eu\/wp-content\/uploads\/2024\/10\/ON-KM01F-B-V1-1024x1024.png\" alt=\"\" class=\"wp-image-105\" style=\"width:436px;height:auto\" srcset=\"https:\/\/anewway.eu\/wp-content\/uploads\/2024\/10\/ON-KM01F-B-V1-1024x1024.png 1024w, https:\/\/anewway.eu\/wp-content\/uploads\/2024\/10\/ON-KM01F-B-V1-300x300.png 300w, https:\/\/anewway.eu\/wp-content\/uploads\/2024\/10\/ON-KM01F-B-V1-150x150.png 150w, https:\/\/anewway.eu\/wp-content\/uploads\/2024\/10\/ON-KM01F-B-V1-768x768.png 768w, https:\/\/anewway.eu\/wp-content\/uploads\/2024\/10\/ON-KM01F-B-V1.png 1500w\" sizes=\"auto, (max-width: 1024px) 100vw, 1024px\" \/><\/figure>\n\n\n\n<figure class=\"wp-block-image aligncenter size-large is-resized\"><img loading=\"lazy\" decoding=\"async\" width=\"1024\" height=\"1024\" src=\"http:\/\/anewway.eu\/wp-content\/uploads\/2024\/10\/ON-KM01F-W-V1-1024x1024.png\" alt=\"\" class=\"wp-image-107\" style=\"width:278px;height:auto\" srcset=\"https:\/\/anewway.eu\/wp-content\/uploads\/2024\/10\/ON-KM01F-W-V1-1024x1024.png 1024w, https:\/\/anewway.eu\/wp-content\/uploads\/2024\/10\/ON-KM01F-W-V1-300x300.png 300w, https:\/\/anewway.eu\/wp-content\/uploads\/2024\/10\/ON-KM01F-W-V1-150x150.png 150w, https:\/\/anewway.eu\/wp-content\/uploads\/2024\/10\/ON-KM01F-W-V1-768x768.png 768w, https:\/\/anewway.eu\/wp-content\/uploads\/2024\/10\/ON-KM01F-W-V1.png 1500w\" sizes=\"auto, (max-width: 1024px) 100vw, 1024px\" \/><\/figure>\n<\/div>\n\n\n\n<div class=\"wp-block-column is-layout-flow wp-block-column-is-layout-flow\" style=\"flex-basis:40%\">\n<h2 class=\"wp-block-heading\">Erh\u00e4ltlich in den Versionen AZERTY (Franz\u00f6sisch) und QWERTZ (Deutsch).<\/h2>\n\n\n\n<ul class=\"wp-block-list\">\n<li>KABELLOSES 3 IN 1 PACK: Enth\u00e4lt eine Tastatur mit 97 QWERTZ-Tasten (franz\u00f6sisches Layout), darunter 13 Multimedia-Shortcuts, eine Maus mit 4 Tasten und einem Sensor mit bis zu 1600 DPI sowie ein Mauspad in einem kompakten Format.<\/li>\n\n\n\n<li>\u00dcBERALL MITNEHMEN: Die kabellose Tastatur- und Maus-Kombo RF01 ist ein zuverl\u00e4ssiger und langlebiger Partner f\u00fcr Ihr B\u00fcro zu Hause und am Arbeitsplatz.<\/li>\n\n\n\n<li>NACHHALTIGKEIT: Das RF01 Wireless Keyboard &amp; Mouse Combo beinhaltet ein robustes Design, Anti-L\u00f6sch- und UV-Beschichtung der Tasten.<\/li>\n\n\n\n<li>GROSSE AUTONOMIE: Genie\u00dfen Sie bis zu 180 Stunden Batterielaufzeit (nicht im Lieferumfang enthalten) f\u00fcr die Tastatur und 171 Stunden f\u00fcr die Maus (Batterien nicht im Lieferumfang enthalten).<\/li>\n\n\n\n<li>PLUG-AND-PLAY: Kompatibel mit Windows XP bis Windows 11. Automatische Installation auf Ihrem Computer, sobald Sie den 2,4 GHz WiFi-Empf\u00e4nger anschlie\u00dfen.<\/li>\n<\/ul>\n\n\n\n<div style=\"height:22px\" aria-hidden=\"true\" class=\"wp-block-spacer\"><\/div>\n\n\n\n<div class=\"wp-block-buttons is-content-justification-center is-layout-flex wp-container-core-buttons-is-layout-a89b3969 wp-block-buttons-is-layout-flex\">\n<div class=\"wp-block-button\"><a class=\"wp-block-button__link wp-element-button\" href=\"https:\/\/amzn.to\/4mjDJuD\">KAUFEN SIE<\/a><\/div>\n\n\n\n<div class=\"wp-block-button\"><a class=\"wp-block-button__link wp-element-button\" href=\"https:\/\/anewway.eu\/de\/telechargements\/\">SUPPORT<\/a><\/div>\n<\/div>\n<\/div>\n<\/div>\n<\/div>\n\n\n\n<p><\/p>","protected":false},"excerpt":{"rendered":"<p>Erh\u00e4ltlich in den Versionen AZERTY (Franz\u00f6sisch) und QWERTZ (Deutsch).<\/p>","protected":false},"author":1,"featured_media":0,"parent":0,"menu_order":0,"comment_status":"closed","ping_status":"closed","template":"","meta":{"_themeisle_gutenberg_block_has_review":false,"footnotes":""},"class_list":["post-284","page","type-page","status-publish","hentry"],"_links":{"self":[{"href":"https:\/\/anewway.eu\/de\/wp-json\/wp\/v2\/pages\/284","targetHints":{"allow":["GET"]}}],"collection":[{"href":"https:\/\/anewway.eu\/de\/wp-json\/wp\/v2\/pages"}],"about":[{"href":"https:\/\/anewway.eu\/de\/wp-json\/wp\/v2\/types\/page"}],"author":[{"embeddable":true,"href":"https:\/\/anewway.eu\/de\/wp-json\/wp\/v2\/users\/1"}],"replies":[{"embeddable":true,"href":"https:\/\/anewway.eu\/de\/wp-json\/wp\/v2\/comments?post=284"}],"version-history":[{"count":4,"href":"https:\/\/anewway.eu\/de\/wp-json\/wp\/v2\/pages\/284\/revisions"}],"predecessor-version":[{"id":441,"href":"https:\/\/anewway.eu\/de\/wp-json\/wp\/v2\/pages\/284\/revisions\/441"}],"wp:attachment":[{"href":"https:\/\/anewway.eu\/de\/wp-json\/wp\/v2\/media?parent=284"}],"curies":[{"name":"wp","href":"https:\/\/api.w.org\/{rel}","templated":true}]}}