{"id":276,"date":"2025-03-31T09:27:04","date_gmt":"2025-03-31T09:27:04","guid":{"rendered":"https:\/\/anewway.eu\/?page_id=276"},"modified":"2025-03-31T09:27:04","modified_gmt":"2025-03-31T09:27:04","slug":"a4","status":"publish","type":"page","link":"https:\/\/anewway.eu\/de\/a4","title":{"rendered":"A4"},"content":{"rendered":"<div class=\"wp-block-group alignfull has-accent-5-background-color has-background has-global-padding is-layout-constrained wp-container-core-group-is-layout-d89aad35 wp-block-group-is-layout-constrained\" style=\"margin-top:0;margin-bottom:0;padding-top:var(--wp--preset--spacing--50);padding-right:var(--wp--preset--spacing--50);padding-bottom:var(--wp--preset--spacing--50);padding-left:var(--wp--preset--spacing--50)\">\n<div class=\"wp-block-columns alignwide is-layout-flex wp-container-core-columns-is-layout-1da03c2a wp-block-columns-is-layout-flex\">\n<div class=\"wp-block-column is-vertically-aligned-center is-layout-flow wp-block-column-is-layout-flow\" style=\"flex-basis:60%\">\n<figure class=\"wp-block-image aligncenter size-large is-resized\"><img loading=\"lazy\" decoding=\"async\" width=\"1024\" height=\"1024\" src=\"http:\/\/anewway.eu\/wp-content\/uploads\/2024\/10\/ON-MO-A4-FACE-1024x1024.png\" alt=\"\" class=\"wp-image-96\" style=\"width:436px;height:auto\" srcset=\"https:\/\/anewway.eu\/wp-content\/uploads\/2024\/10\/ON-MO-A4-FACE-1024x1024.png 1024w, https:\/\/anewway.eu\/wp-content\/uploads\/2024\/10\/ON-MO-A4-FACE-300x300.png 300w, https:\/\/anewway.eu\/wp-content\/uploads\/2024\/10\/ON-MO-A4-FACE-150x150.png 150w, https:\/\/anewway.eu\/wp-content\/uploads\/2024\/10\/ON-MO-A4-FACE-768x768.png 768w, https:\/\/anewway.eu\/wp-content\/uploads\/2024\/10\/ON-MO-A4-FACE.png 1500w\" sizes=\"auto, (max-width: 1024px) 100vw, 1024px\" \/><\/figure>\n<\/div>\n\n\n\n<div class=\"wp-block-column is-layout-flow wp-block-column-is-layout-flow\" style=\"flex-basis:40%\">\n<h2 class=\"wp-block-heading\"><\/h2>\n\n\n\n<ul class=\"wp-block-list\">\n<li>NAT\u00dcRLICHE HALTUNG: Diese Maus wurde f\u00fcr eine ergonomische K\u00f6rperhaltung entwickelt, reduziert Muskel-Skelett-Erkrankungen (MSD) und beugt Beschwerden vor, die durch eine lange Nutzung entstehen. Sie verringert die Erm\u00fcdung und hilft, Schmerzen wie das Karpaltunnelsyndrom zu vermeiden.<\/li>\n\n\n\n<li>VERTICAL DESIGN: Seine speziell f\u00fcr Rechtsh\u00e4nder angepasste Form schmiegt sich perfekt an die Hand an und bietet einen nat\u00fcrlichen und bequemen Griff. Seine strukturierte Daumenauflage aus Gummi erh\u00f6ht den Komfort zus\u00e4tzlich und reduziert die Muskelspannung im Arm.<\/li>\n\n\n\n<li>PRAKTISCHE BEDIENUNGEN: Genie\u00dfen Sie einen ultraleisen Klick f\u00fcr eine ruhigere Arbeitsumgebung. Die Seitentasten erleichtern das Surfen im Internet, w\u00e4hrend Sie mit dem Scrollrad mit zentralem Klick schnell durch Ihre Dokumente und Webseiten bl\u00e4ttern k\u00f6nnen.<\/li>\n\n\n\n<li>EINSTELLBARE GENAUIGKEIT: Sein leistungsstarker optischer Sensor bietet eine einstellbare Aufl\u00f6sung von bis zu 3200 DPI. Mit der dedizierten DPI-Taste k\u00f6nnen Sie zwischen 800, 1200, 2400 und 3200 DPI w\u00e4hlen, um die Geschwindigkeit und Genauigkeit an Ihre Bed\u00fcrfnisse anzupassen.<\/li>\n\n\n\n<li>KABELLOS &amp; KOMPATIBEL: Genie\u00dfen Sie eine stabile und zuverl\u00e4ssige 2,4-GHz-HF-Verbindung mit einer Reichweite von bis zu 10 Metern. Die Maus ist mit Windows und Linux kompatibel und bietet je nach verwendeten Batterien (nicht im Lieferumfang enthalten) eine Laufzeit von bis zu 15 Monaten.<\/li>\n<\/ul>\n\n\n\n<div style=\"height:22px\" aria-hidden=\"true\" class=\"wp-block-spacer\"><\/div>\n\n\n\n<div class=\"wp-block-buttons is-content-justification-center is-layout-flex wp-container-core-buttons-is-layout-a89b3969 wp-block-buttons-is-layout-flex\">\n<div class=\"wp-block-button\"><a class=\"wp-block-button__link wp-element-button\" href=\"https:\/\/amzn.to\/4moOMTt\">KAUFEN SIE<\/a><\/div>\n\n\n\n<div class=\"wp-block-button\"><a class=\"wp-block-button__link wp-element-button\" href=\"https:\/\/anewway.eu\/de\/telechargements\/\">SUPPORT<\/a><\/div>\n<\/div>\n<\/div>\n<\/div>\n<\/div>\n\n\n\n<p><\/p>","protected":false},"excerpt":{"rendered":"","protected":false},"author":1,"featured_media":0,"parent":0,"menu_order":0,"comment_status":"closed","ping_status":"closed","template":"","meta":{"_themeisle_gutenberg_block_has_review":false,"footnotes":""},"class_list":["post-276","page","type-page","status-publish","hentry"],"_links":{"self":[{"href":"https:\/\/anewway.eu\/de\/wp-json\/wp\/v2\/pages\/276","targetHints":{"allow":["GET"]}}],"collection":[{"href":"https:\/\/anewway.eu\/de\/wp-json\/wp\/v2\/pages"}],"about":[{"href":"https:\/\/anewway.eu\/de\/wp-json\/wp\/v2\/types\/page"}],"author":[{"embeddable":true,"href":"https:\/\/anewway.eu\/de\/wp-json\/wp\/v2\/users\/1"}],"replies":[{"embeddable":true,"href":"https:\/\/anewway.eu\/de\/wp-json\/wp\/v2\/comments?post=276"}],"version-history":[{"count":1,"href":"https:\/\/anewway.eu\/de\/wp-json\/wp\/v2\/pages\/276\/revisions"}],"predecessor-version":[{"id":278,"href":"https:\/\/anewway.eu\/de\/wp-json\/wp\/v2\/pages\/276\/revisions\/278"}],"wp:attachment":[{"href":"https:\/\/anewway.eu\/de\/wp-json\/wp\/v2\/media?parent=276"}],"curies":[{"name":"wp","href":"https:\/\/api.w.org\/{rel}","templated":true}]}}