{"id":269,"date":"2025-03-31T09:19:41","date_gmt":"2025-03-31T09:19:41","guid":{"rendered":"https:\/\/anewway.eu\/?page_id=269"},"modified":"2025-03-31T09:19:41","modified_gmt":"2025-03-31T09:19:41","slug":"a8","status":"publish","type":"page","link":"https:\/\/anewway.eu\/de\/a8","title":{"rendered":"A8"},"content":{"rendered":"<div class=\"wp-block-group alignfull has-accent-5-background-color has-background has-global-padding is-layout-constrained wp-container-core-group-is-layout-d89aad35 wp-block-group-is-layout-constrained\" style=\"margin-top:0;margin-bottom:0;padding-top:var(--wp--preset--spacing--50);padding-right:var(--wp--preset--spacing--50);padding-bottom:var(--wp--preset--spacing--50);padding-left:var(--wp--preset--spacing--50)\">\n<div class=\"wp-block-columns alignwide is-layout-flex wp-container-core-columns-is-layout-1da03c2a wp-block-columns-is-layout-flex\">\n<div class=\"wp-block-column is-vertically-aligned-center is-layout-flow wp-block-column-is-layout-flow\" style=\"flex-basis:60%\">\n<div class=\"wp-block-group is-nowrap is-layout-flex wp-container-core-group-is-layout-6c531013 wp-block-group-is-layout-flex\">\n<figure class=\"wp-block-image size-large is-resized\"><img loading=\"lazy\" decoding=\"async\" width=\"1024\" height=\"1024\" src=\"http:\/\/anewway.eu\/wp-content\/uploads\/2024\/04\/ON-MO-A8BK_V1-1024x1024.png\" alt=\"\" class=\"wp-image-50\" style=\"width:361px;height:auto\" srcset=\"https:\/\/anewway.eu\/wp-content\/uploads\/2024\/04\/ON-MO-A8BK_V1-1024x1024.png 1024w, https:\/\/anewway.eu\/wp-content\/uploads\/2024\/04\/ON-MO-A8BK_V1-300x300.png 300w, https:\/\/anewway.eu\/wp-content\/uploads\/2024\/04\/ON-MO-A8BK_V1-150x150.png 150w, https:\/\/anewway.eu\/wp-content\/uploads\/2024\/04\/ON-MO-A8BK_V1-768x768.png 768w, https:\/\/anewway.eu\/wp-content\/uploads\/2024\/04\/ON-MO-A8BK_V1-12x12.png 12w, https:\/\/anewway.eu\/wp-content\/uploads\/2024\/04\/ON-MO-A8BK_V1.png 1500w\" sizes=\"auto, (max-width: 1024px) 100vw, 1024px\" \/><\/figure>\n\n\n\n<figure class=\"wp-block-image size-large is-resized\"><img loading=\"lazy\" decoding=\"async\" width=\"1024\" height=\"1024\" src=\"http:\/\/anewway.eu\/wp-content\/uploads\/2024\/04\/ON-MO-A8WT_V1-1024x1024.png\" alt=\"\" class=\"wp-image-55\" style=\"width:310px;height:auto\" srcset=\"https:\/\/anewway.eu\/wp-content\/uploads\/2024\/04\/ON-MO-A8WT_V1-1024x1024.png 1024w, https:\/\/anewway.eu\/wp-content\/uploads\/2024\/04\/ON-MO-A8WT_V1-300x300.png 300w, https:\/\/anewway.eu\/wp-content\/uploads\/2024\/04\/ON-MO-A8WT_V1-150x150.png 150w, https:\/\/anewway.eu\/wp-content\/uploads\/2024\/04\/ON-MO-A8WT_V1-768x768.png 768w, https:\/\/anewway.eu\/wp-content\/uploads\/2024\/04\/ON-MO-A8WT_V1-12x12.png 12w, https:\/\/anewway.eu\/wp-content\/uploads\/2024\/04\/ON-MO-A8WT_V1.png 1500w\" sizes=\"auto, (max-width: 1024px) 100vw, 1024px\" \/><\/figure>\n<\/div>\n<\/div>\n\n\n\n<div class=\"wp-block-column is-layout-flow wp-block-column-is-layout-flow\" style=\"flex-basis:40%\">\n<h2 class=\"wp-block-heading\"><\/h2>\n\n\n\n<ul class=\"wp-block-list\">\n<li>DOPPELTE ANSCHLUSSOPTIONEN: W\u00e4hlen Sie zwischen einer drahtlosen Verbindung oder verwenden Sie den mitgelieferten 2,4-GHz-WiFi-Empf\u00e4nger. Die kabellose Maus bietet maximale Vielseitigkeit, um sich an Ihre Verbindungsvorlieben anzupassen, und garantiert so ein zuverl\u00e4ssiges und kompromissloses kabelloses Erlebnis.<\/li>\n\n\n\n<li>UNIVERSELLE KOMPATIBILIT\u00c4T: Diese Maus bietet absolute Vielseitigkeit mit nahtloser Kompatibilit\u00e4t unter Windows, Mac und Linux. Egal, welche Plattform Sie verwenden, genie\u00dfen Sie eine einheitliche und effiziente Benutzererfahrung.<\/li>\n\n\n\n<li>BEWEGUNGSFREIHEIT OHNE EINSCHR\u00c4NKUNGEN: Genie\u00dfen Sie mit dieser kabellosen Office-Maus volle Mobilit\u00e4t. Befreien Sie sich von Kabeln und bewegen Sie sich m\u00fchelos in einem gro\u00dfz\u00fcgigen Radius, ohne Kompromisse bei der Leistung einzugehen.<\/li>\n\n\n\n<li>GENAUE PR\u00c4ZISION MIT VORSCHRITTLICHEM SENSOR: Der hochpr\u00e4zise optische Sensor sorgt f\u00fcr eine optimale Reaktionsf\u00e4higkeit. Passen Sie die Aufl\u00f6sung 1200\/2400\/3200 DPI mit der dedizierten DPI-Taste an Ihre Bed\u00fcrfnisse an, um ein fl\u00fcssiges und pr\u00e4zises Arbeitserlebnis zu gew\u00e4hrleisten.<\/li>\n\n\n\n<li>LANGE AUTONOMIE UND PRAKTISCHES AUFLADEN: Die kabellose Maus garantiert eine au\u00dfergew\u00f6hnlich lange Akkulaufzeit, sodass Sie sie stundenlang ununterbrochen verwenden k\u00f6nnen. Laden Sie die Maus schnell \u00fcber das mitgelieferte USB-C-Kabel auf, um sich effizient zu erholen und l\u00e4nger beruhigt zu sein.<\/li>\n\n\n\n<li>PR\u00c4ZISE UND LEISE KLICKE: Entdecken Sie eine kabellose Maus, die pr\u00e4zise, reaktionsschnelle und leise Klicks liefert. Au\u00dfergew\u00f6hnliche Qualit\u00e4t ohne die Komplexit\u00e4t der Programmierung, perfekt f\u00fcr den intuitiven t\u00e4glichen Gebrauch.<\/li>\n\n\n\n<li>ERGONOMISCHES DESIGN F\u00dcR OPTIMALEN KOMFORT: Dank ihres ergonomischen Designs passt sich diese Maus ganz nat\u00fcrlich Ihrer Hand an, sodass Sie auch bei langen Arbeitssitzungen nicht so schnell erm\u00fcden. G\u00f6nnen Sie sich den ganzen Tag lang au\u00dfergew\u00f6hnlichen Komfort.<\/li>\n<\/ul>\n\n\n\n<div style=\"height:22px\" aria-hidden=\"true\" class=\"wp-block-spacer\"><\/div>\n\n\n\n<div class=\"wp-block-buttons is-content-justification-center is-layout-flex wp-container-core-buttons-is-layout-a89b3969 wp-block-buttons-is-layout-flex\">\n<div class=\"wp-block-button\"><a class=\"wp-block-button__link wp-element-button\" href=\"https:\/\/amzn.to\/40Iwy6U\">KAUFEN SIE<\/a><\/div>\n\n\n\n<div class=\"wp-block-button\"><a class=\"wp-block-button__link wp-element-button\" href=\"https:\/\/anewway.eu\/de\/telechargements\/\">SUPPORT<\/a><\/div>\n<\/div>\n<\/div>\n<\/div>\n<\/div>\n\n\n\n<p><\/p>","protected":false},"excerpt":{"rendered":"","protected":false},"author":1,"featured_media":0,"parent":0,"menu_order":0,"comment_status":"closed","ping_status":"closed","template":"","meta":{"_themeisle_gutenberg_block_has_review":false,"footnotes":""},"class_list":["post-269","page","type-page","status-publish","hentry"],"_links":{"self":[{"href":"https:\/\/anewway.eu\/de\/wp-json\/wp\/v2\/pages\/269","targetHints":{"allow":["GET"]}}],"collection":[{"href":"https:\/\/anewway.eu\/de\/wp-json\/wp\/v2\/pages"}],"about":[{"href":"https:\/\/anewway.eu\/de\/wp-json\/wp\/v2\/types\/page"}],"author":[{"embeddable":true,"href":"https:\/\/anewway.eu\/de\/wp-json\/wp\/v2\/users\/1"}],"replies":[{"embeddable":true,"href":"https:\/\/anewway.eu\/de\/wp-json\/wp\/v2\/comments?post=269"}],"version-history":[{"count":2,"href":"https:\/\/anewway.eu\/de\/wp-json\/wp\/v2\/pages\/269\/revisions"}],"predecessor-version":[{"id":273,"href":"https:\/\/anewway.eu\/de\/wp-json\/wp\/v2\/pages\/269\/revisions\/273"}],"wp:attachment":[{"href":"https:\/\/anewway.eu\/de\/wp-json\/wp\/v2\/media?parent=269"}],"curies":[{"name":"wp","href":"https:\/\/api.w.org\/{rel}","templated":true}]}}