{"id":265,"date":"2025-03-31T09:09:59","date_gmt":"2025-03-31T09:09:59","guid":{"rendered":"https:\/\/anewway.eu\/?page_id=265"},"modified":"2025-07-31T09:07:09","modified_gmt":"2025-07-31T09:07:09","slug":"a7","status":"publish","type":"page","link":"https:\/\/anewway.eu\/de\/a7","title":{"rendered":"A7"},"content":{"rendered":"<div class=\"wp-block-group alignfull has-accent-5-background-color has-background has-global-padding is-layout-constrained wp-container-core-group-is-layout-d89aad35 wp-block-group-is-layout-constrained\" style=\"margin-top:0;margin-bottom:0;padding-top:var(--wp--preset--spacing--50);padding-right:var(--wp--preset--spacing--50);padding-bottom:var(--wp--preset--spacing--50);padding-left:var(--wp--preset--spacing--50)\">\n<div class=\"wp-block-columns alignwide is-layout-flex wp-container-core-columns-is-layout-1da03c2a wp-block-columns-is-layout-flex\">\n<div class=\"wp-block-column is-vertically-aligned-center is-layout-flow wp-block-column-is-layout-flow\" style=\"flex-basis:60%\">\n<div class=\"wp-block-group is-nowrap is-layout-flex wp-container-core-group-is-layout-6c531013 wp-block-group-is-layout-flex\">\n<figure class=\"wp-block-image size-large is-resized\"><img loading=\"lazy\" decoding=\"async\" width=\"1024\" height=\"1024\" src=\"http:\/\/anewway.eu\/wp-content\/uploads\/2024\/04\/ON-MO-A7BK_V1-1024x1024.png\" alt=\"\" class=\"wp-image-49\" style=\"width:361px;height:auto\" srcset=\"https:\/\/anewway.eu\/wp-content\/uploads\/2024\/04\/ON-MO-A7BK_V1-1024x1024.png 1024w, https:\/\/anewway.eu\/wp-content\/uploads\/2024\/04\/ON-MO-A7BK_V1-300x300.png 300w, https:\/\/anewway.eu\/wp-content\/uploads\/2024\/04\/ON-MO-A7BK_V1-150x150.png 150w, https:\/\/anewway.eu\/wp-content\/uploads\/2024\/04\/ON-MO-A7BK_V1-768x768.png 768w, https:\/\/anewway.eu\/wp-content\/uploads\/2024\/04\/ON-MO-A7BK_V1-12x12.png 12w, https:\/\/anewway.eu\/wp-content\/uploads\/2024\/04\/ON-MO-A7BK_V1.png 1500w\" sizes=\"auto, (max-width: 1024px) 100vw, 1024px\" \/><\/figure>\n\n\n\n<figure class=\"wp-block-image size-large is-resized\"><img loading=\"lazy\" decoding=\"async\" width=\"1024\" height=\"1024\" src=\"http:\/\/anewway.eu\/wp-content\/uploads\/2024\/04\/ON-MO-A7WT_V1-1024x1024.png\" alt=\"\" class=\"wp-image-53\" style=\"width:310px;height:auto\" srcset=\"https:\/\/anewway.eu\/wp-content\/uploads\/2024\/04\/ON-MO-A7WT_V1-1024x1024.png 1024w, https:\/\/anewway.eu\/wp-content\/uploads\/2024\/04\/ON-MO-A7WT_V1-300x300.png 300w, https:\/\/anewway.eu\/wp-content\/uploads\/2024\/04\/ON-MO-A7WT_V1-150x150.png 150w, https:\/\/anewway.eu\/wp-content\/uploads\/2024\/04\/ON-MO-A7WT_V1-768x768.png 768w, https:\/\/anewway.eu\/wp-content\/uploads\/2024\/04\/ON-MO-A7WT_V1-12x12.png 12w, https:\/\/anewway.eu\/wp-content\/uploads\/2024\/04\/ON-MO-A7WT_V1.png 1500w\" sizes=\"auto, (max-width: 1024px) 100vw, 1024px\" \/><\/figure>\n<\/div>\n<\/div>\n\n\n\n<div class=\"wp-block-column is-layout-flow wp-block-column-is-layout-flow\" style=\"flex-basis:40%\">\n<h2 class=\"wp-block-heading\"><\/h2>\n\n\n\n<ul class=\"wp-block-list\">\n<li>SOFORT INSTALLIEREN: Schlie\u00dfen Sie die kabelgebundene USB-Maus einfach an, keine Treiber- oder Softwareinstallation erforderlich. Im Handumdrehen einsatzbereit!<\/li>\n\n\n\n<li>UNIVERSELLE KOMPATIBILIT\u00c4T: Diese Maus bietet absolute Vielseitigkeit mit nahtloser Kompatibilit\u00e4t unter Windows, Mac und Linux. Egal, welche Plattform Sie verwenden, genie\u00dfen Sie eine einheitliche und effiziente Benutzererfahrung.<\/li>\n\n\n\n<li>GENAUE PR\u00c4ZISION MIT VORSCHRITTLICHEM SENSOR: Der hochpr\u00e4zise optische Sensor sorgt f\u00fcr eine optimale Reaktionsf\u00e4higkeit. Passen Sie die Aufl\u00f6sung 1200\/1800\/2400\/3600 DPI mit der dedizierten DPI-Taste an Ihre Bed\u00fcrfnisse an, um ein fl\u00fcssiges und pr\u00e4zises Arbeitserlebnis zu gew\u00e4hrleisten.<\/li>\n\n\n\n<li>ERGONOMISCHES DESIGN F\u00dcR OPTIMALEN KOMFORT: Dank ihres ergonomischen Designs passt sich diese Maus ganz nat\u00fcrlich Ihrer Hand an, sodass Sie auch bei langen Arbeitssitzungen nicht so schnell erm\u00fcden. G\u00f6nnen Sie sich den ganzen Tag lang au\u00dfergew\u00f6hnlichen Komfort.<\/li>\n\n\n\n<li>SUBTILLE HINTERGRUNDBELEUCHTUNG: Genie\u00dfen Sie den Charme der dezenten wei\u00dfen Hintergrundbeleuchtung dieser Maus, die Ihrem Arbeitsbereich einen eleganten Touch verleiht, ohne dabei Kompromisse bei der Schlichtheit einzugehen.<\/li>\n\n\n\n<li>PR\u00c4ZISE UND LEISE KLICKE: Entdecken Sie eine kabellose Maus, die pr\u00e4zise, reaktionsschnelle und leise Klicks liefert. Au\u00dfergew\u00f6hnliche Qualit\u00e4t ohne die Komplexit\u00e4t der Programmierung, perfekt f\u00fcr den intuitiven t\u00e4glichen Gebrauch.<\/li>\n\n\n\n<li>INKLUSIVE 2-JAHRE-GARANTIE: Genie\u00dfen Sie mit unserer Maus absolute Sorgenfreiheit mit einer Garantie von zwei Jahren ab dem Kaufdatum. Kaufen Sie mit Vertrauen, denn Ihre Zufriedenheit steht bei uns an erster Stelle.<\/li>\n\n\n\n<li>ZWEI ELEGANTE FARBEN: Erh\u00e4ltlich in Wei\u00df oder Schwarz, w\u00e4hlen Sie die Maus, die zu Ihrem Stil passt.<\/li>\n<\/ul>\n\n\n\n<div style=\"height:22px\" aria-hidden=\"true\" class=\"wp-block-spacer\"><\/div>\n\n\n\n<div class=\"wp-block-buttons is-content-justification-center is-layout-flex wp-container-core-buttons-is-layout-a89b3969 wp-block-buttons-is-layout-flex\">\n<div class=\"wp-block-button\"><a class=\"wp-block-button__link wp-element-button\" href=\"https:\/\/amzn.to\/45lgjyi\">KAUFEN SIE<\/a><\/div>\n\n\n\n<div class=\"wp-block-button\"><a class=\"wp-block-button__link wp-element-button\" href=\"https:\/\/amzn.to\/3XELCAX\">SUPPORT<\/a><\/div>\n<\/div>\n<\/div>\n<\/div>\n<\/div>\n\n\n\n<p><\/p>","protected":false},"excerpt":{"rendered":"","protected":false},"author":1,"featured_media":0,"parent":0,"menu_order":0,"comment_status":"closed","ping_status":"closed","template":"","meta":{"_themeisle_gutenberg_block_has_review":false,"footnotes":""},"class_list":["post-265","page","type-page","status-publish","hentry"],"_links":{"self":[{"href":"https:\/\/anewway.eu\/de\/wp-json\/wp\/v2\/pages\/265","targetHints":{"allow":["GET"]}}],"collection":[{"href":"https:\/\/anewway.eu\/de\/wp-json\/wp\/v2\/pages"}],"about":[{"href":"https:\/\/anewway.eu\/de\/wp-json\/wp\/v2\/types\/page"}],"author":[{"embeddable":true,"href":"https:\/\/anewway.eu\/de\/wp-json\/wp\/v2\/users\/1"}],"replies":[{"embeddable":true,"href":"https:\/\/anewway.eu\/de\/wp-json\/wp\/v2\/comments?post=265"}],"version-history":[{"count":3,"href":"https:\/\/anewway.eu\/de\/wp-json\/wp\/v2\/pages\/265\/revisions"}],"predecessor-version":[{"id":326,"href":"https:\/\/anewway.eu\/de\/wp-json\/wp\/v2\/pages\/265\/revisions\/326"}],"wp:attachment":[{"href":"https:\/\/anewway.eu\/de\/wp-json\/wp\/v2\/media?parent=265"}],"curies":[{"name":"wp","href":"https:\/\/api.w.org\/{rel}","templated":true}]}}