{"id":248,"date":"2025-03-31T09:03:41","date_gmt":"2025-03-31T09:03:41","guid":{"rendered":"https:\/\/anewway.eu\/?page_id=248"},"modified":"2025-03-31T09:19:47","modified_gmt":"2025-03-31T09:19:47","slug":"a9","status":"publish","type":"page","link":"https:\/\/anewway.eu\/de\/a9","title":{"rendered":"A9"},"content":{"rendered":"<div class=\"wp-block-group alignfull has-accent-5-background-color has-background has-global-padding is-layout-constrained wp-container-core-group-is-layout-d89aad35 wp-block-group-is-layout-constrained\" style=\"margin-top:0;margin-bottom:0;padding-top:var(--wp--preset--spacing--50);padding-right:var(--wp--preset--spacing--50);padding-bottom:var(--wp--preset--spacing--50);padding-left:var(--wp--preset--spacing--50)\">\n<div class=\"wp-block-columns alignwide is-layout-flex wp-container-core-columns-is-layout-1da03c2a wp-block-columns-is-layout-flex\">\n<div class=\"wp-block-column is-vertically-aligned-center is-layout-flow wp-block-column-is-layout-flow\" style=\"flex-basis:60%\">\n<div class=\"wp-block-group is-nowrap is-layout-flex wp-container-core-group-is-layout-6c531013 wp-block-group-is-layout-flex\">\n<figure class=\"wp-block-image size-large is-resized\"><img loading=\"lazy\" decoding=\"async\" width=\"1024\" height=\"1024\" src=\"http:\/\/anewway.eu\/wp-content\/uploads\/2024\/10\/ON-MO-A9BK_1500_V1-1024x1024.png\" alt=\"\" class=\"wp-image-97\" style=\"width:361px;height:auto\" srcset=\"https:\/\/anewway.eu\/wp-content\/uploads\/2024\/10\/ON-MO-A9BK_1500_V1-1024x1024.png 1024w, https:\/\/anewway.eu\/wp-content\/uploads\/2024\/10\/ON-MO-A9BK_1500_V1-300x300.png 300w, https:\/\/anewway.eu\/wp-content\/uploads\/2024\/10\/ON-MO-A9BK_1500_V1-150x150.png 150w, https:\/\/anewway.eu\/wp-content\/uploads\/2024\/10\/ON-MO-A9BK_1500_V1-768x768.png 768w, https:\/\/anewway.eu\/wp-content\/uploads\/2024\/10\/ON-MO-A9BK_1500_V1.png 1500w\" sizes=\"auto, (max-width: 1024px) 100vw, 1024px\" \/><\/figure>\n\n\n\n<figure class=\"wp-block-image size-large is-resized\"><img loading=\"lazy\" decoding=\"async\" width=\"1024\" height=\"1024\" src=\"http:\/\/anewway.eu\/wp-content\/uploads\/2024\/10\/ON-MO-A9GR_1500_V1-1024x1024.png\" alt=\"\" class=\"wp-image-98\" style=\"width:310px;height:auto\" srcset=\"https:\/\/anewway.eu\/wp-content\/uploads\/2024\/10\/ON-MO-A9GR_1500_V1-1024x1024.png 1024w, https:\/\/anewway.eu\/wp-content\/uploads\/2024\/10\/ON-MO-A9GR_1500_V1-300x300.png 300w, https:\/\/anewway.eu\/wp-content\/uploads\/2024\/10\/ON-MO-A9GR_1500_V1-150x150.png 150w, https:\/\/anewway.eu\/wp-content\/uploads\/2024\/10\/ON-MO-A9GR_1500_V1-768x768.png 768w, https:\/\/anewway.eu\/wp-content\/uploads\/2024\/10\/ON-MO-A9GR_1500_V1.png 1500w\" sizes=\"auto, (max-width: 1024px) 100vw, 1024px\" \/><\/figure>\n<\/div>\n\n\n\n<figure class=\"wp-block-image aligncenter size-large is-resized\"><img loading=\"lazy\" decoding=\"async\" width=\"1024\" height=\"1024\" src=\"http:\/\/anewway.eu\/wp-content\/uploads\/2024\/10\/ON-MO-A9WT_1500_V1-1024x1024.png\" alt=\"\" class=\"wp-image-99\" style=\"width:260px;height:auto\" srcset=\"https:\/\/anewway.eu\/wp-content\/uploads\/2024\/10\/ON-MO-A9WT_1500_V1-1024x1024.png 1024w, https:\/\/anewway.eu\/wp-content\/uploads\/2024\/10\/ON-MO-A9WT_1500_V1-300x300.png 300w, https:\/\/anewway.eu\/wp-content\/uploads\/2024\/10\/ON-MO-A9WT_1500_V1-150x150.png 150w, https:\/\/anewway.eu\/wp-content\/uploads\/2024\/10\/ON-MO-A9WT_1500_V1-768x768.png 768w, https:\/\/anewway.eu\/wp-content\/uploads\/2024\/10\/ON-MO-A9WT_1500_V1.png 1500w\" sizes=\"auto, (max-width: 1024px) 100vw, 1024px\" \/><\/figure>\n<\/div>\n\n\n\n<div class=\"wp-block-column is-layout-flow wp-block-column-is-layout-flow\" style=\"flex-basis:40%\">\n<h2 class=\"wp-block-heading\"><\/h2>\n\n\n\n<ul class=\"wp-block-list\">\n<li>DREIFACHER WIRELESS-VERBINDUNGSMODUS: Stellen Sie ganz einfach eine Verbindung \u00fcber WiFi (Empf\u00e4nger im Lieferumfang enthalten), BT 3.0 und 5.0 her, um maximale Flexibilit\u00e4t und universelle Kompatibilit\u00e4t zu gew\u00e4hrleisten.<\/li>\n\n\n\n<li>5 EINSTELLBARE DPI-PROFILE: Wechseln Sie zwischen 800, 1200, 1600, 2000 und 2400 DPI, um die Genauigkeit und Reaktionsf\u00e4higkeit individuell auf Ihre Bed\u00fcrfnisse abzustimmen.<\/li>\n\n\n\n<li>ERGONOMISCHES UND LEICHTES DESIGN: Speziell entwickelte Form, die sich der Hand anpasst, die Muskelerm\u00fcdung verringert und eine bequeme Nutzung den ganzen Tag \u00fcber erm\u00f6glicht.<\/li>\n\n\n\n<li>USB-C AUFLADBARER AKKU: Genie\u00dfen Sie eine lange Akkulaufzeit mit einem Akku, der \u00fcber USB-C aufgeladen werden kann, sodass keine Einwegbatterien mehr ben\u00f6tigt werden.<\/li>\n\n\n\n<li>UNIVERSELLE KOMPATIBILIT\u00c4T: Funktioniert einwandfrei mit PC, Mac und Linux ohne zus\u00e4tzliche Software - einfach anschlie\u00dfen und loslegen.<\/li>\n\n\n\n<li>6 PRAKTISCHE TASTEN: R\u00fcsten Sie sich mit 6 Tasten f\u00fcr eine intuitive Bedienung und erh\u00f6hte Produktivit\u00e4t aus, die f\u00fcr alle Ihre B\u00fcroanforderungen geeignet sind.<\/li>\n\n\n\n<li>RGB-HINTERGRUNDLICHT-EFFEKTE: Passen Sie Ihr Erlebnis mit 3 RGB-Hintergrundbeleuchtungseffekten an, um Ihrem Arbeitsplatz einen stilvollen Touch zu verleihen.<\/li>\n<\/ul>\n\n\n\n<div style=\"height:22px\" aria-hidden=\"true\" class=\"wp-block-spacer\"><\/div>\n\n\n\n<div class=\"wp-block-buttons is-content-justification-center is-layout-flex wp-container-core-buttons-is-layout-a89b3969 wp-block-buttons-is-layout-flex\">\n<div class=\"wp-block-button\"><a class=\"wp-block-button__link wp-element-button\" href=\"https:\/\/amzn.to\/48WnIoY\">KAUFEN SIE<\/a><\/div>\n\n\n\n<div class=\"wp-block-button\"><a class=\"wp-block-button__link wp-element-button\" href=\"https:\/\/anewway.eu\/de\/telechargements\/\">SUPPORT<\/a><\/div>\n<\/div>\n<\/div>\n<\/div>\n<\/div>\n\n\n\n<p><\/p>","protected":false},"excerpt":{"rendered":"","protected":false},"author":1,"featured_media":0,"parent":0,"menu_order":0,"comment_status":"closed","ping_status":"closed","template":"","meta":{"_themeisle_gutenberg_block_has_review":false,"footnotes":""},"class_list":["post-248","page","type-page","status-publish","hentry"],"_links":{"self":[{"href":"https:\/\/anewway.eu\/de\/wp-json\/wp\/v2\/pages\/248","targetHints":{"allow":["GET"]}}],"collection":[{"href":"https:\/\/anewway.eu\/de\/wp-json\/wp\/v2\/pages"}],"about":[{"href":"https:\/\/anewway.eu\/de\/wp-json\/wp\/v2\/types\/page"}],"author":[{"embeddable":true,"href":"https:\/\/anewway.eu\/de\/wp-json\/wp\/v2\/users\/1"}],"replies":[{"embeddable":true,"href":"https:\/\/anewway.eu\/de\/wp-json\/wp\/v2\/comments?post=248"}],"version-history":[{"count":10,"href":"https:\/\/anewway.eu\/de\/wp-json\/wp\/v2\/pages\/248\/revisions"}],"predecessor-version":[{"id":274,"href":"https:\/\/anewway.eu\/de\/wp-json\/wp\/v2\/pages\/248\/revisions\/274"}],"wp:attachment":[{"href":"https:\/\/anewway.eu\/de\/wp-json\/wp\/v2\/media?parent=248"}],"curies":[{"name":"wp","href":"https:\/\/api.w.org\/{rel}","templated":true}]}}