{"id":126,"date":"2024-10-09T15:23:04","date_gmt":"2024-10-09T15:23:04","guid":{"rendered":"https:\/\/anewway.eu\/?page_id=126"},"modified":"2025-07-31T09:23:26","modified_gmt":"2025-07-31T09:23:26","slug":"termes-et-conditions","status":"publish","type":"page","link":"https:\/\/anewway.eu\/de\/termes-et-conditions","title":{"rendered":"Bedingungen und Konditionen"},"content":{"rendered":"<hr class=\"wp-block-separator has-alpha-channel-opacity\"\/>\n\n\n\n<h3 class=\"wp-block-heading\">1. Einleitung<\/h3>\n\n\n\n<p>Willkommen auf anewway.eu! Indem Sie auf diese Seite zugreifen, erkl\u00e4ren Sie sich damit einverstanden, die folgenden Bedingungen und Konditionen einzuhalten und an sie gebunden zu sein. Wenn Sie diesen Bedingungen nicht zustimmen, nutzen Sie unsere Seite bitte nicht.<\/p>\n\n\n\n<h3 class=\"wp-block-heading\">2. Nutzung der Seite<\/h3>\n\n\n\n<p>Die Nutzung unserer Website unterliegt den geltenden Gesetzen. Sie m\u00fcssen mindestens 13 Jahre alt sein, um diese Seite nutzen zu k\u00f6nnen. Durch die Nutzung unserer Seite garantieren Sie, dass Sie das erforderliche Alter haben.<\/p>\n\n\n\n<h3 class=\"wp-block-heading\">3. Geistiges Eigentum<\/h3>\n\n\n\n<p>Alle Inhalte auf anewway.eu, einschlie\u00dflich, aber nicht beschr\u00e4nkt auf Texte, Grafiken, Logos, Bilder und Software, sind Eigentum von Optimum Way oder seinen Partnern und durch Gesetze zum Schutz des geistigen Eigentums gesch\u00fctzt. Sie d\u00fcrfen diese Inhalte ohne vorherige Genehmigung nicht vervielf\u00e4ltigen, verbreiten oder ver\u00e4ndern.<\/p>\n\n\n\n<h3 class=\"wp-block-heading\">4. Verantwortung<\/h3>\n\n\n\n<p>Optimum Way haftet nicht f\u00fcr direkte, indirekte, zuf\u00e4llige oder Folgesch\u00e4den, die sich aus der Nutzung oder der Unf\u00e4higkeit zur Nutzung unserer Website ergeben. Wir behalten uns das Recht vor, alle auf der Seite angebotenen Inhalte oder Dienstleistungen ohne vorherige Ank\u00fcndigung zu \u00e4ndern oder einzustellen.<\/p>\n\n\n\n<h3 class=\"wp-block-heading\">5. Externe Links<\/h3>\n\n\n\n<p>Unsere Website kann Links zu anderen Websites enthalten. Wir haben keine Kontrolle \u00fcber diese Websites und sind nicht f\u00fcr ihren Inhalt verantwortlich. Die Aufnahme eines Links bedeutet nicht, dass wir diese Websites bef\u00fcrworten.<\/p>\n\n\n\n<h3 class=\"wp-block-heading\">6. Schutz der pers\u00f6nlichen Daten<\/h3>\n\n\n\n<p>Wir verpflichten uns, Ihre pers\u00f6nlichen Daten zu sch\u00fctzen. Die Daten, die Sie bei der Nutzung unserer Website angeben, werden in \u00dcbereinstimmung mit unserer Datenschutzrichtlinie behandelt. Durch die Nutzung unserer Website stimmen Sie der Erfassung und Nutzung Ihrer Daten, wie in dieser Richtlinie beschrieben, zu.<\/p>\n\n\n\n<h3 class=\"wp-block-heading\">7. \u00c4nderungen der Bedingungen und Konditionen<\/h3>\n\n\n\n<p>Wir behalten uns das Recht vor, diese Bedingungen und Konditionen jederzeit zu \u00e4ndern. Die \u00c4nderungen treten in Kraft, sobald sie auf unserer Seite ver\u00f6ffentlicht werden. Es liegt in Ihrer Verantwortung, diese Seite regelm\u00e4\u00dfig zu besuchen, um \u00fcber m\u00f6gliche \u00c4nderungen informiert zu bleiben.<\/p>\n\n\n\n<h3 class=\"wp-block-heading\">8. Anwendbares Recht<\/h3>\n\n\n\n<p>Diese Bedingungen und Konditionen unterliegen den Gesetzen von Frankreich. Alle Streitigkeiten, die sich aus der Nutzung unserer Website ergeben, unterliegen der ausschlie\u00dflichen Zust\u00e4ndigkeit der Handelsgerichte.<\/p>\n\n\n\n<h3 class=\"wp-block-heading\">9. Kontakt<\/h3>\n\n\n\n<p>Bei Fragen zu diesen Bedingungen und Konditionen kontaktieren Sie uns bitte unter support@newway.eu.<\/p>\n\n\n\n<hr class=\"wp-block-separator has-alpha-channel-opacity\"\/>\n\n\n\n<p><strong>Letzte Aktualisierung : <\/strong>29. Juli 2025<\/p>\n\n\n\n<p><\/p>","protected":false},"excerpt":{"rendered":"<p>1. Einleitung Willkommen bei anewway.eu! Indem Sie auf diese Seite zugreifen, erkl\u00e4ren Sie sich damit einverstanden, die folgenden Bedingungen und Konditionen einzuhalten und an sie gebunden zu sein. Wenn Sie diesen Bedingungen nicht zustimmen, nutzen Sie unsere Seite bitte nicht. 2. Nutzung der Website Die Nutzung unserer Website unterliegt den geltenden Gesetzen. Sie m\u00fcssen mindestens [...].<\/p>","protected":false},"author":1,"featured_media":0,"parent":0,"menu_order":0,"comment_status":"closed","ping_status":"closed","template":"","meta":{"_themeisle_gutenberg_block_has_review":false,"footnotes":""},"class_list":["post-126","page","type-page","status-publish","hentry"],"_links":{"self":[{"href":"https:\/\/anewway.eu\/de\/wp-json\/wp\/v2\/pages\/126","targetHints":{"allow":["GET"]}}],"collection":[{"href":"https:\/\/anewway.eu\/de\/wp-json\/wp\/v2\/pages"}],"about":[{"href":"https:\/\/anewway.eu\/de\/wp-json\/wp\/v2\/types\/page"}],"author":[{"embeddable":true,"href":"https:\/\/anewway.eu\/de\/wp-json\/wp\/v2\/users\/1"}],"replies":[{"embeddable":true,"href":"https:\/\/anewway.eu\/de\/wp-json\/wp\/v2\/comments?post=126"}],"version-history":[{"count":3,"href":"https:\/\/anewway.eu\/de\/wp-json\/wp\/v2\/pages\/126\/revisions"}],"predecessor-version":[{"id":332,"href":"https:\/\/anewway.eu\/de\/wp-json\/wp\/v2\/pages\/126\/revisions\/332"}],"wp:attachment":[{"href":"https:\/\/anewway.eu\/de\/wp-json\/wp\/v2\/media?parent=126"}],"curies":[{"name":"wp","href":"https:\/\/api.w.org\/{rel}","templated":true}]}}