{"id":357,"date":"2025-08-12T09:38:48","date_gmt":"2025-08-12T09:38:48","guid":{"rendered":"https:\/\/anewway.eu\/?page_id=357"},"modified":"2025-10-30T11:43:09","modified_gmt":"2025-10-30T11:43:09","slug":"accessoires","status":"publish","type":"page","link":"http:\/\/anewway.eu\/sv\/accessoires","title":{"rendered":"V\u00e5ra tillbeh\u00f6r"},"content":{"rendered":"<hr class=\"wp-block-separator has-alpha-channel-opacity\"\/>\n\n\n\n<div class=\"wp-block-group alignfull has-global-padding is-layout-constrained wp-container-core-group-is-layout-669513ed wp-block-group-is-layout-constrained\" style=\"margin-top:0;margin-bottom:0;padding-top:var(--wp--preset--spacing--50);padding-right:var(--wp--preset--spacing--50);padding-bottom:var(--wp--preset--spacing--50);padding-left:var(--wp--preset--spacing--50)\">\n<div class=\"wp-block-group is-vertical is-content-justification-center is-layout-flex wp-container-core-group-is-layout-ce155fab wp-block-group-is-layout-flex\">\n<p class=\"has-text-align-center\">Uppt\u00e4ck NewWay-tillbeh\u00f6r: eleganta, h\u00f6gpresterande l\u00f6sningar som \u00e4r utformade f\u00f6r att f\u00f6renkla din vardag.<\/p>\n<\/div>\n\n\n\n<div style=\"height:var(--wp--preset--spacing--30)\" aria-hidden=\"true\" class=\"wp-block-spacer\"><\/div>\n\n\n\n<div class=\"wp-block-columns alignwide is-layout-flex wp-container-core-columns-is-layout-4935966c wp-block-columns-is-layout-flex\" style=\"padding-right:0;padding-left:0\">\n<div class=\"wp-block-column is-layout-flow wp-block-column-is-layout-flow\">\n<figure class=\"wp-block-image aligncenter size-full is-resized is-style-rounded is-style-rounded--1\"><img loading=\"lazy\" decoding=\"async\" width=\"2560\" height=\"2560\" src=\"http:\/\/anewway.eu\/wp-content\/uploads\/2025\/10\/ON-SAC-01-1-scaled.png\" alt=\"\" class=\"wp-image-410\" style=\"object-fit:cover;width:365px;height:auto\" srcset=\"http:\/\/anewway.eu\/wp-content\/uploads\/2025\/10\/ON-SAC-01-1-scaled.png 2560w, http:\/\/anewway.eu\/wp-content\/uploads\/2025\/10\/ON-SAC-01-1-300x300.png 300w, http:\/\/anewway.eu\/wp-content\/uploads\/2025\/10\/ON-SAC-01-1-1024x1024.png 1024w, http:\/\/anewway.eu\/wp-content\/uploads\/2025\/10\/ON-SAC-01-1-150x150.png 150w, http:\/\/anewway.eu\/wp-content\/uploads\/2025\/10\/ON-SAC-01-1-768x768.png 768w, http:\/\/anewway.eu\/wp-content\/uploads\/2025\/10\/ON-SAC-01-1-1536x1536.png 1536w, http:\/\/anewway.eu\/wp-content\/uploads\/2025\/10\/ON-SAC-01-1-2048x2048.png 2048w, http:\/\/anewway.eu\/wp-content\/uploads\/2025\/10\/ON-SAC-01-1-12x12.png 12w\" sizes=\"auto, (max-width: 2560px) 100vw, 2560px\" \/><\/figure>\n\n\n\n<div class=\"wp-block-group is-vertical is-content-justification-center is-nowrap is-layout-flex wp-container-core-group-is-layout-21d4e958 wp-block-group-is-layout-flex\">\n<p class=\"has-text-align-center has-small-font-size\"><strong>Ryggs\u00e4ck<\/strong><\/p>\n\n\n\n<p class=\"has-text-align-center has-small-font-size\">16 liter<\/p>\n<\/div>\n\n\n\n<hr class=\"wp-block-separator aligncenter has-alpha-channel-opacity\"\/>\n\n\n\n<div class=\"wp-block-buttons is-content-justification-center is-layout-flex wp-container-core-buttons-is-layout-a89b3969 wp-block-buttons-is-layout-flex\">\n<div class=\"wp-block-button\"><a class=\"wp-block-button__link wp-element-button\" href=\"https:\/\/anewway.eu\/sv\/sac\/\">Ta reda p\u00e5 mer<\/a><\/div>\n<\/div>\n<\/div>\n\n\n\n<div class=\"wp-block-column is-layout-flow wp-block-column-is-layout-flow\">\n<figure class=\"wp-block-image aligncenter size-full is-resized is-style-rounded is-style-rounded--2\"><img loading=\"lazy\" decoding=\"async\" width=\"1500\" height=\"1500\" src=\"https:\/\/anewway.eu\/wp-content\/uploads\/2025\/08\/ON-PB-10KWT-1C.png\" alt=\"\" class=\"wp-image-389\" style=\"object-fit:cover;width:365px;height:auto\" srcset=\"http:\/\/anewway.eu\/wp-content\/uploads\/2025\/08\/ON-PB-10KWT-1C.png 1500w, http:\/\/anewway.eu\/wp-content\/uploads\/2025\/08\/ON-PB-10KWT-1C-300x300.png 300w, http:\/\/anewway.eu\/wp-content\/uploads\/2025\/08\/ON-PB-10KWT-1C-1024x1024.png 1024w, http:\/\/anewway.eu\/wp-content\/uploads\/2025\/08\/ON-PB-10KWT-1C-150x150.png 150w, http:\/\/anewway.eu\/wp-content\/uploads\/2025\/08\/ON-PB-10KWT-1C-768x768.png 768w, http:\/\/anewway.eu\/wp-content\/uploads\/2025\/08\/ON-PB-10KWT-1C-12x12.png 12w\" sizes=\"auto, (max-width: 1500px) 100vw, 1500px\" \/><\/figure>\n\n\n\n<div class=\"wp-block-group is-vertical is-content-justification-center is-nowrap is-layout-flex wp-container-core-group-is-layout-21d4e958 wp-block-group-is-layout-flex\">\n<p class=\"has-text-align-center has-small-font-size\"><strong>NPB10K<\/strong><\/p>\n\n\n\n<p class=\"has-text-align-center has-small-font-size\">Externt batteri<\/p>\n<\/div>\n\n\n\n<hr class=\"wp-block-separator aligncenter has-alpha-channel-opacity\"\/>\n\n\n\n<div class=\"wp-block-buttons is-content-justification-center is-layout-flex wp-container-core-buttons-is-layout-a89b3969 wp-block-buttons-is-layout-flex\">\n<div class=\"wp-block-button\"><a class=\"wp-block-button__link wp-element-button\" href=\"https:\/\/anewway.eu\/sv\/npb10k\/\">Ta reda p\u00e5 mer<\/a><\/div>\n<\/div>\n<\/div>\n<\/div>\n\n\n\n<div style=\"height:100px\" aria-hidden=\"true\" class=\"wp-block-spacer\"><\/div>\n\n\n\n<div class=\"wp-block-columns alignwide is-layout-flex wp-container-core-columns-is-layout-4935966c wp-block-columns-is-layout-flex\" style=\"padding-right:0;padding-left:0\">\n<div class=\"wp-block-column is-layout-flow wp-block-column-is-layout-flow\">\n<figure class=\"wp-block-image aligncenter size-full is-resized is-style-rounded is-style-rounded--3\"><img loading=\"lazy\" decoding=\"async\" width=\"1500\" height=\"1500\" src=\"http:\/\/anewway.eu\/wp-content\/uploads\/2025\/10\/ON-CB-P120-1.png\" alt=\"\" class=\"wp-image-411\" style=\"object-fit:cover;width:230px;height:auto\" srcset=\"http:\/\/anewway.eu\/wp-content\/uploads\/2025\/10\/ON-CB-P120-1.png 1500w, http:\/\/anewway.eu\/wp-content\/uploads\/2025\/10\/ON-CB-P120-1-300x300.png 300w, http:\/\/anewway.eu\/wp-content\/uploads\/2025\/10\/ON-CB-P120-1-1024x1024.png 1024w, http:\/\/anewway.eu\/wp-content\/uploads\/2025\/10\/ON-CB-P120-1-150x150.png 150w, http:\/\/anewway.eu\/wp-content\/uploads\/2025\/10\/ON-CB-P120-1-768x768.png 768w, http:\/\/anewway.eu\/wp-content\/uploads\/2025\/10\/ON-CB-P120-1-12x12.png 12w\" sizes=\"auto, (max-width: 1500px) 100vw, 1500px\" \/><\/figure>\n\n\n\n<div class=\"wp-block-group is-vertical is-content-justification-center is-nowrap is-layout-flex wp-container-core-group-is-layout-21d4e958 wp-block-group-is-layout-flex\">\n<p class=\"has-text-align-center has-small-font-size\"><strong>USB-C till USB-C-kabel f\u00f6r nyckelband<\/strong><\/p>\n\n\n\n<p class=\"has-text-align-center has-small-font-size\">120 cm - Rosa<\/p>\n<\/div>\n\n\n\n<hr class=\"wp-block-separator aligncenter has-alpha-channel-opacity\"\/>\n\n\n\n<div class=\"wp-block-buttons is-content-justification-center is-layout-flex wp-container-core-buttons-is-layout-a89b3969 wp-block-buttons-is-layout-flex\">\n<div class=\"wp-block-button\"><a class=\"wp-block-button__link wp-element-button\" href=\"https:\/\/anewway.eu\/sv\/usb-c2\/\">Ta reda p\u00e5 mer<\/a><\/div>\n<\/div>\n<\/div>\n\n\n\n<div class=\"wp-block-column is-layout-flow wp-block-column-is-layout-flow\">\n<figure class=\"wp-block-image aligncenter size-full is-resized is-style-rounded is-style-rounded--4\"><img loading=\"lazy\" decoding=\"async\" width=\"1500\" height=\"1500\" src=\"http:\/\/anewway.eu\/wp-content\/uploads\/2025\/10\/ON-CB-P030-1.png\" alt=\"\" class=\"wp-image-412\" style=\"object-fit:cover;width:230px;height:auto\" srcset=\"http:\/\/anewway.eu\/wp-content\/uploads\/2025\/10\/ON-CB-P030-1.png 1500w, http:\/\/anewway.eu\/wp-content\/uploads\/2025\/10\/ON-CB-P030-1-300x300.png 300w, http:\/\/anewway.eu\/wp-content\/uploads\/2025\/10\/ON-CB-P030-1-1024x1024.png 1024w, http:\/\/anewway.eu\/wp-content\/uploads\/2025\/10\/ON-CB-P030-1-150x150.png 150w, http:\/\/anewway.eu\/wp-content\/uploads\/2025\/10\/ON-CB-P030-1-768x768.png 768w, http:\/\/anewway.eu\/wp-content\/uploads\/2025\/10\/ON-CB-P030-1-12x12.png 12w\" sizes=\"auto, (max-width: 1500px) 100vw, 1500px\" \/><\/figure>\n\n\n\n<div class=\"wp-block-group is-vertical is-content-justification-center is-nowrap is-layout-flex wp-container-core-group-is-layout-63bfd6c1 wp-block-group-is-layout-flex\">\n<p class=\"has-text-align-center has-small-font-size\"><strong><strong>USB-C till USB-C-kabel f\u00f6r nyckelband<\/strong><\/strong><\/p>\n\n\n\n<p class=\"has-text-align-center has-small-font-size\">30 cm - Rosa<\/p>\n<\/div>\n\n\n\n<hr class=\"wp-block-separator aligncenter has-alpha-channel-opacity\"\/>\n\n\n\n<div class=\"wp-block-buttons is-content-justification-center is-layout-flex wp-container-core-buttons-is-layout-a89b3969 wp-block-buttons-is-layout-flex\">\n<div class=\"wp-block-button\"><a class=\"wp-block-button__link wp-element-button\" href=\"https:\/\/anewway.eu\/sv\/usb-c2\/\">Ta reda p\u00e5 mer<\/a><\/div>\n<\/div>\n<\/div>\n\n\n\n<div class=\"wp-block-column is-layout-flow wp-block-column-is-layout-flow\">\n<figure class=\"wp-block-image aligncenter size-full is-resized is-style-rounded is-style-rounded--5\"><img loading=\"lazy\" decoding=\"async\" width=\"1500\" height=\"1500\" src=\"http:\/\/anewway.eu\/wp-content\/uploads\/2025\/10\/ON-CB-B120-1.png\" alt=\"\" class=\"wp-image-413\" style=\"object-fit:cover;width:228px;height:auto\" srcset=\"http:\/\/anewway.eu\/wp-content\/uploads\/2025\/10\/ON-CB-B120-1.png 1500w, http:\/\/anewway.eu\/wp-content\/uploads\/2025\/10\/ON-CB-B120-1-300x300.png 300w, http:\/\/anewway.eu\/wp-content\/uploads\/2025\/10\/ON-CB-B120-1-1024x1024.png 1024w, http:\/\/anewway.eu\/wp-content\/uploads\/2025\/10\/ON-CB-B120-1-150x150.png 150w, http:\/\/anewway.eu\/wp-content\/uploads\/2025\/10\/ON-CB-B120-1-768x768.png 768w, http:\/\/anewway.eu\/wp-content\/uploads\/2025\/10\/ON-CB-B120-1-12x12.png 12w\" sizes=\"auto, (max-width: 1500px) 100vw, 1500px\" \/><\/figure>\n\n\n\n<div class=\"wp-block-group is-vertical is-content-justification-center is-nowrap is-layout-flex wp-container-core-group-is-layout-63bfd6c1 wp-block-group-is-layout-flex\">\n<p class=\"has-text-align-center has-small-font-size\"><strong><strong>USB-C till USB-C-kabel f\u00f6r nyckelband<\/strong><\/strong><\/p>\n\n\n\n<p class=\"has-text-align-center has-small-font-size\">120 cm - Svart<\/p>\n<\/div>\n\n\n\n<hr class=\"wp-block-separator aligncenter has-alpha-channel-opacity\"\/>\n\n\n\n<div class=\"wp-block-buttons is-content-justification-center is-layout-flex wp-container-core-buttons-is-layout-a89b3969 wp-block-buttons-is-layout-flex\">\n<div class=\"wp-block-button\"><a class=\"wp-block-button__link wp-element-button\" href=\"https:\/\/anewway.eu\/sv\/usb-c2\/\">Ta reda p\u00e5 mer<\/a><\/div>\n<\/div>\n<\/div>\n\n\n\n<div class=\"wp-block-column is-layout-flow wp-block-column-is-layout-flow\">\n<figure class=\"wp-block-image aligncenter size-full is-resized is-style-rounded is-style-rounded--6\"><img loading=\"lazy\" decoding=\"async\" width=\"1500\" height=\"1500\" src=\"http:\/\/anewway.eu\/wp-content\/uploads\/2025\/10\/ON-CB-B030-1.png\" alt=\"\" class=\"wp-image-414\" style=\"object-fit:cover;width:228px;height:auto\" srcset=\"http:\/\/anewway.eu\/wp-content\/uploads\/2025\/10\/ON-CB-B030-1.png 1500w, http:\/\/anewway.eu\/wp-content\/uploads\/2025\/10\/ON-CB-B030-1-300x300.png 300w, http:\/\/anewway.eu\/wp-content\/uploads\/2025\/10\/ON-CB-B030-1-1024x1024.png 1024w, http:\/\/anewway.eu\/wp-content\/uploads\/2025\/10\/ON-CB-B030-1-150x150.png 150w, http:\/\/anewway.eu\/wp-content\/uploads\/2025\/10\/ON-CB-B030-1-768x768.png 768w, http:\/\/anewway.eu\/wp-content\/uploads\/2025\/10\/ON-CB-B030-1-12x12.png 12w\" sizes=\"auto, (max-width: 1500px) 100vw, 1500px\" \/><\/figure>\n\n\n\n<div class=\"wp-block-group is-vertical is-content-justification-center is-nowrap is-layout-flex wp-container-core-group-is-layout-63bfd6c1 wp-block-group-is-layout-flex\">\n<p class=\"has-text-align-center has-small-font-size\"><strong><strong>USB-C till USB-C-kabel f\u00f6r nyckelband<\/strong><\/strong><\/p>\n\n\n\n<p class=\"has-text-align-center has-small-font-size\">30 cm - Svart<\/p>\n<\/div>\n\n\n\n<hr class=\"wp-block-separator aligncenter has-alpha-channel-opacity\"\/>\n\n\n\n<div class=\"wp-block-buttons is-content-justification-center is-layout-flex wp-container-core-buttons-is-layout-a89b3969 wp-block-buttons-is-layout-flex\">\n<div class=\"wp-block-button\"><a class=\"wp-block-button__link wp-element-button\" href=\"https:\/\/anewway.eu\/sv\/usb-c2\/\">Ta reda p\u00e5 mer<\/a><\/div>\n<\/div>\n<\/div>\n<\/div>\n\n\n\n<div class=\"wp-block-columns alignwide is-layout-flex wp-container-core-columns-is-layout-4935966c wp-block-columns-is-layout-flex\" style=\"padding-right:0;padding-left:0\">\n<div class=\"wp-block-column is-layout-flow wp-block-column-is-layout-flow\">\n<figure class=\"wp-block-image aligncenter size-full is-resized is-style-rounded is-style-rounded--7\"><img loading=\"lazy\" decoding=\"async\" width=\"1500\" height=\"1500\" src=\"https:\/\/anewway.eu\/wp-content\/uploads\/2024\/10\/ON-CB-240WxM_1500_V1.png\" alt=\"\" class=\"wp-image-117\" style=\"object-fit:cover;width:230px;height:auto\" srcset=\"http:\/\/anewway.eu\/wp-content\/uploads\/2024\/10\/ON-CB-240WxM_1500_V1.png 1500w, http:\/\/anewway.eu\/wp-content\/uploads\/2024\/10\/ON-CB-240WxM_1500_V1-300x300.png 300w, http:\/\/anewway.eu\/wp-content\/uploads\/2024\/10\/ON-CB-240WxM_1500_V1-1024x1024.png 1024w, http:\/\/anewway.eu\/wp-content\/uploads\/2024\/10\/ON-CB-240WxM_1500_V1-150x150.png 150w, http:\/\/anewway.eu\/wp-content\/uploads\/2024\/10\/ON-CB-240WxM_1500_V1-768x768.png 768w\" sizes=\"auto, (max-width: 1500px) 100vw, 1500px\" \/><\/figure>\n\n\n\n<div class=\"wp-block-group is-vertical is-content-justification-center is-nowrap is-layout-flex wp-container-core-group-is-layout-21d4e958 wp-block-group-is-layout-flex\">\n<p class=\"has-text-align-center has-small-font-size\"><strong>USB-C till USB-C-kabel<\/strong><\/p>\n\n\n\n<p class=\"has-text-align-center has-small-font-size\">240 watt<\/p>\n<\/div>\n\n\n\n<hr class=\"wp-block-separator aligncenter has-alpha-channel-opacity\"\/>\n\n\n\n<div class=\"wp-block-buttons is-content-justification-center is-layout-flex wp-container-core-buttons-is-layout-a89b3969 wp-block-buttons-is-layout-flex\">\n<div class=\"wp-block-button\"><a class=\"wp-block-button__link wp-element-button\" href=\"https:\/\/anewway.eu\/sv\/usb-c\/\">Ta reda p\u00e5 mer<\/a><\/div>\n<\/div>\n<\/div>\n\n\n\n<div class=\"wp-block-column is-layout-flow wp-block-column-is-layout-flow\">\n<figure class=\"wp-block-image aligncenter size-full is-resized is-style-rounded is-style-rounded--8\"><img loading=\"lazy\" decoding=\"async\" width=\"1500\" height=\"1500\" src=\"https:\/\/anewway.eu\/wp-content\/uploads\/2024\/10\/ON-CB-100WxM_1500_V1.png\" alt=\"\" class=\"wp-image-116\" style=\"object-fit:cover;width:230px;height:auto\" srcset=\"http:\/\/anewway.eu\/wp-content\/uploads\/2024\/10\/ON-CB-100WxM_1500_V1.png 1500w, http:\/\/anewway.eu\/wp-content\/uploads\/2024\/10\/ON-CB-100WxM_1500_V1-300x300.png 300w, http:\/\/anewway.eu\/wp-content\/uploads\/2024\/10\/ON-CB-100WxM_1500_V1-1024x1024.png 1024w, http:\/\/anewway.eu\/wp-content\/uploads\/2024\/10\/ON-CB-100WxM_1500_V1-150x150.png 150w, http:\/\/anewway.eu\/wp-content\/uploads\/2024\/10\/ON-CB-100WxM_1500_V1-768x768.png 768w\" sizes=\"auto, (max-width: 1500px) 100vw, 1500px\" \/><\/figure>\n\n\n\n<div class=\"wp-block-group is-vertical is-content-justification-center is-nowrap is-layout-flex wp-container-core-group-is-layout-63bfd6c1 wp-block-group-is-layout-flex\">\n<p class=\"has-text-align-center has-small-font-size\"><strong>USB-C till USB-C-kabel<\/strong><\/p>\n\n\n\n<p class=\"has-text-align-center has-small-font-size\">100 watt<\/p>\n<\/div>\n\n\n\n<hr class=\"wp-block-separator aligncenter has-alpha-channel-opacity\"\/>\n\n\n\n<div class=\"wp-block-buttons is-content-justification-center is-layout-flex wp-container-core-buttons-is-layout-a89b3969 wp-block-buttons-is-layout-flex\">\n<div class=\"wp-block-button\"><a class=\"wp-block-button__link wp-element-button\" href=\"https:\/\/anewway.eu\/sv\/usb-c\/\">Ta reda p\u00e5 mer<\/a><\/div>\n<\/div>\n<\/div>\n\n\n\n<div class=\"wp-block-column is-layout-flow wp-block-column-is-layout-flow\">\n<figure class=\"wp-block-image aligncenter size-full is-resized is-style-rounded is-style-rounded--9\"><img loading=\"lazy\" decoding=\"async\" width=\"1500\" height=\"1500\" src=\"https:\/\/anewway.eu\/wp-content\/uploads\/2024\/10\/ON-CB-60WxM_1500_V1.png\" alt=\"\" class=\"wp-image-115\" style=\"object-fit:cover;width:228px;height:auto\" srcset=\"http:\/\/anewway.eu\/wp-content\/uploads\/2024\/10\/ON-CB-60WxM_1500_V1.png 1500w, http:\/\/anewway.eu\/wp-content\/uploads\/2024\/10\/ON-CB-60WxM_1500_V1-300x300.png 300w, http:\/\/anewway.eu\/wp-content\/uploads\/2024\/10\/ON-CB-60WxM_1500_V1-1024x1024.png 1024w, http:\/\/anewway.eu\/wp-content\/uploads\/2024\/10\/ON-CB-60WxM_1500_V1-150x150.png 150w, http:\/\/anewway.eu\/wp-content\/uploads\/2024\/10\/ON-CB-60WxM_1500_V1-768x768.png 768w\" sizes=\"auto, (max-width: 1500px) 100vw, 1500px\" \/><\/figure>\n\n\n\n<div class=\"wp-block-group is-vertical is-content-justification-center is-nowrap is-layout-flex wp-container-core-group-is-layout-63bfd6c1 wp-block-group-is-layout-flex\">\n<p class=\"has-text-align-center has-small-font-size\"><strong>USB-C till USB-C-kabel<\/strong><\/p>\n\n\n\n<p class=\"has-text-align-center has-small-font-size\">60 watt<\/p>\n<\/div>\n\n\n\n<hr class=\"wp-block-separator aligncenter has-alpha-channel-opacity\"\/>\n\n\n\n<div class=\"wp-block-buttons is-content-justification-center is-layout-flex wp-container-core-buttons-is-layout-a89b3969 wp-block-buttons-is-layout-flex\">\n<div class=\"wp-block-button\"><a class=\"wp-block-button__link wp-element-button\" href=\"https:\/\/anewway.eu\/sv\/usb-c\/\">Ta reda p\u00e5 mer<\/a><\/div>\n<\/div>\n<\/div>\n<\/div>\n<\/div>","protected":false},"excerpt":{"rendered":"<p>D\u00e9couvrez les accessoires NewWay : des solutions \u00e9l\u00e9gantes et performantes, con\u00e7ues pour simplifier votre quotidien. Sac \u00e0 dos 16 litres NPB10K Batterie externe C\u00e2ble lani\u00e8re USB-C vers USB-C 120 cm &#8211; Rose C\u00e2ble lani\u00e8re USB-C vers USB-C 30 cm &#8211; Rose C\u00e2ble lani\u00e8re USB-C vers USB-C 120 cm &#8211; Noir C\u00e2ble lani\u00e8re USB-C vers USB-C [&hellip;]<\/p>","protected":false},"author":1,"featured_media":0,"parent":0,"menu_order":0,"comment_status":"closed","ping_status":"closed","template":"","meta":{"_themeisle_gutenberg_block_has_review":false,"footnotes":""},"class_list":["post-357","page","type-page","status-publish","hentry"],"_links":{"self":[{"href":"http:\/\/anewway.eu\/sv\/wp-json\/wp\/v2\/pages\/357","targetHints":{"allow":["GET"]}}],"collection":[{"href":"http:\/\/anewway.eu\/sv\/wp-json\/wp\/v2\/pages"}],"about":[{"href":"http:\/\/anewway.eu\/sv\/wp-json\/wp\/v2\/types\/page"}],"author":[{"embeddable":true,"href":"http:\/\/anewway.eu\/sv\/wp-json\/wp\/v2\/users\/1"}],"replies":[{"embeddable":true,"href":"http:\/\/anewway.eu\/sv\/wp-json\/wp\/v2\/comments?post=357"}],"version-history":[{"count":5,"href":"http:\/\/anewway.eu\/sv\/wp-json\/wp\/v2\/pages\/357\/revisions"}],"predecessor-version":[{"id":415,"href":"http:\/\/anewway.eu\/sv\/wp-json\/wp\/v2\/pages\/357\/revisions\/415"}],"wp:attachment":[{"href":"http:\/\/anewway.eu\/sv\/wp-json\/wp\/v2\/media?parent=357"}],"curies":[{"name":"wp","href":"https:\/\/api.w.org\/{rel}","templated":true}]}}