{"id":11,"date":"2024-04-16T13:27:58","date_gmt":"2024-04-16T13:27:58","guid":{"rendered":"http:\/\/anewway.eu\/?page_id=11"},"modified":"2025-12-02T10:37:44","modified_gmt":"2025-12-02T10:37:44","slug":"packs","status":"publish","type":"page","link":"http:\/\/anewway.eu\/sv\/packs","title":{"rendered":"V\u00e5ra f\u00f6rpackningar"},"content":{"rendered":"<hr class=\"wp-block-separator has-alpha-channel-opacity\"\/>\n\n\n\n<div class=\"wp-block-group alignfull has-global-padding is-layout-constrained wp-container-core-group-is-layout-669513ed wp-block-group-is-layout-constrained\" style=\"margin-top:0;margin-bottom:0;padding-top:var(--wp--preset--spacing--50);padding-right:var(--wp--preset--spacing--50);padding-bottom:var(--wp--preset--spacing--50);padding-left:var(--wp--preset--spacing--50)\">\n<div class=\"wp-block-group is-vertical is-content-justification-center is-layout-flex wp-container-core-group-is-layout-ce155fab wp-block-group-is-layout-flex\">\n<p class=\"has-text-align-center\">Optimera din komfort och produktivitet med tangentbords- och muspaket: harmoniska ensembler som kombinerar precision, lyh\u00f6rdhet och ergonomisk design.<\/p>\n<\/div>\n\n\n\n<div style=\"height:var(--wp--preset--spacing--30)\" aria-hidden=\"true\" class=\"wp-block-spacer\"><\/div>\n\n\n\n<div class=\"wp-block-columns alignwide is-layout-flex wp-container-core-columns-is-layout-4935966c wp-block-columns-is-layout-flex\" style=\"padding-right:0;padding-left:0\">\n<div class=\"wp-block-column is-layout-flow wp-block-column-is-layout-flow\">\n<figure class=\"wp-block-image aligncenter size-full is-resized is-style-rounded is-style-rounded--1\"><img loading=\"lazy\" decoding=\"async\" width=\"1500\" height=\"1500\" src=\"http:\/\/anewway.eu\/wp-content\/uploads\/2025\/12\/ON-KMP-2502-FR-1.png\" alt=\"\" class=\"wp-image-428\" style=\"object-fit:cover;width:395px;height:auto\" srcset=\"http:\/\/anewway.eu\/wp-content\/uploads\/2025\/12\/ON-KMP-2502-FR-1.png 1500w, http:\/\/anewway.eu\/wp-content\/uploads\/2025\/12\/ON-KMP-2502-FR-1-300x300.png 300w, http:\/\/anewway.eu\/wp-content\/uploads\/2025\/12\/ON-KMP-2502-FR-1-1024x1024.png 1024w, http:\/\/anewway.eu\/wp-content\/uploads\/2025\/12\/ON-KMP-2502-FR-1-150x150.png 150w, http:\/\/anewway.eu\/wp-content\/uploads\/2025\/12\/ON-KMP-2502-FR-1-768x768.png 768w, http:\/\/anewway.eu\/wp-content\/uploads\/2025\/12\/ON-KMP-2502-FR-1-12x12.png 12w\" sizes=\"auto, (max-width: 1500px) 100vw, 1500px\" \/><\/figure>\n\n\n\n<div class=\"wp-block-group is-vertical is-content-justification-center is-nowrap is-layout-flex wp-container-core-group-is-layout-21d4e958 wp-block-group-is-layout-flex\">\n<p class=\"has-text-align-center has-small-font-size\"><strong>NKMP252<\/strong><\/p>\n\n\n\n<p class=\"has-text-align-center has-small-font-size\">Tr\u00e5dl\u00f6s<\/p>\n<\/div>\n\n\n\n<hr class=\"wp-block-separator aligncenter has-alpha-channel-opacity\"\/>\n\n\n\n<div class=\"wp-block-buttons is-content-justification-center is-layout-flex wp-container-core-buttons-is-layout-a89b3969 wp-block-buttons-is-layout-flex\">\n<div class=\"wp-block-button\"><a class=\"wp-block-button__link wp-element-button\" href=\"https:\/\/anewway.eu\/sv\/nkmp252\/\">Ta reda p\u00e5 mer<\/a><\/div>\n<\/div>\n\n\n\n<div style=\"height:var(--wp--preset--spacing--30)\" aria-hidden=\"true\" class=\"wp-block-spacer\"><\/div>\n<\/div>\n\n\n\n<div class=\"wp-block-column is-layout-flow wp-block-column-is-layout-flow\">\n<figure class=\"wp-block-image aligncenter size-full is-resized is-style-rounded is-style-rounded--2\"><img loading=\"lazy\" decoding=\"async\" width=\"1500\" height=\"1500\" src=\"http:\/\/anewway.eu\/wp-content\/uploads\/2025\/12\/ON-KMP-2502-WFR-1.png\" alt=\"\" class=\"wp-image-429\" style=\"object-fit:cover;width:394px;height:auto\" srcset=\"http:\/\/anewway.eu\/wp-content\/uploads\/2025\/12\/ON-KMP-2502-WFR-1.png 1500w, http:\/\/anewway.eu\/wp-content\/uploads\/2025\/12\/ON-KMP-2502-WFR-1-300x300.png 300w, http:\/\/anewway.eu\/wp-content\/uploads\/2025\/12\/ON-KMP-2502-WFR-1-1024x1024.png 1024w, http:\/\/anewway.eu\/wp-content\/uploads\/2025\/12\/ON-KMP-2502-WFR-1-150x150.png 150w, http:\/\/anewway.eu\/wp-content\/uploads\/2025\/12\/ON-KMP-2502-WFR-1-768x768.png 768w, http:\/\/anewway.eu\/wp-content\/uploads\/2025\/12\/ON-KMP-2502-WFR-1-12x12.png 12w\" sizes=\"auto, (max-width: 1500px) 100vw, 1500px\" \/><\/figure>\n\n\n\n<div class=\"wp-block-group is-vertical is-content-justification-center is-nowrap is-layout-flex wp-container-core-group-is-layout-63bfd6c1 wp-block-group-is-layout-flex\">\n<p class=\"has-text-align-center has-small-font-size\"><strong>NKMP252<\/strong><\/p>\n\n\n\n<p class=\"has-text-align-center has-small-font-size\">Tr\u00e5dl\u00f6s<\/p>\n<\/div>\n\n\n\n<hr class=\"wp-block-separator aligncenter has-alpha-channel-opacity\"\/>\n\n\n\n<div class=\"wp-block-buttons is-content-justification-center is-layout-flex wp-container-core-buttons-is-layout-a89b3969 wp-block-buttons-is-layout-flex\">\n<div class=\"wp-block-button\"><a class=\"wp-block-button__link wp-element-button\" href=\"https:\/\/anewway.eu\/sv\/nkmp252\/\">Ta reda p\u00e5 mer<\/a><\/div>\n<\/div>\n<\/div>\n<\/div>\n\n\n\n<div style=\"height:var(--wp--preset--spacing--30)\" aria-hidden=\"true\" class=\"wp-block-spacer\"><\/div>\n\n\n\n<div class=\"wp-block-columns alignwide is-layout-flex wp-container-core-columns-is-layout-4935966c wp-block-columns-is-layout-flex\" style=\"padding-right:0;padding-left:0\">\n<div class=\"wp-block-column is-layout-flow wp-block-column-is-layout-flow\">\n<figure class=\"wp-block-image size-full is-style-rounded is-style-rounded--3\"><img loading=\"lazy\" decoding=\"async\" width=\"1500\" height=\"1500\" src=\"https:\/\/anewway.eu\/wp-content\/uploads\/2024\/10\/ON-KM01F-B-V1.png\" alt=\"\" class=\"wp-image-105\" style=\"aspect-ratio:1;object-fit:cover\" srcset=\"http:\/\/anewway.eu\/wp-content\/uploads\/2024\/10\/ON-KM01F-B-V1.png 1500w, http:\/\/anewway.eu\/wp-content\/uploads\/2024\/10\/ON-KM01F-B-V1-300x300.png 300w, http:\/\/anewway.eu\/wp-content\/uploads\/2024\/10\/ON-KM01F-B-V1-1024x1024.png 1024w, http:\/\/anewway.eu\/wp-content\/uploads\/2024\/10\/ON-KM01F-B-V1-150x150.png 150w, http:\/\/anewway.eu\/wp-content\/uploads\/2024\/10\/ON-KM01F-B-V1-768x768.png 768w\" sizes=\"auto, (max-width: 1500px) 100vw, 1500px\" \/><\/figure>\n\n\n\n<div class=\"wp-block-group is-vertical is-content-justification-center is-nowrap is-layout-flex wp-container-core-group-is-layout-21d4e958 wp-block-group-is-layout-flex\">\n<p class=\"has-text-align-center has-small-font-size\"><strong>RF01<\/strong><\/p>\n\n\n\n<p class=\"has-text-align-center has-small-font-size\">Tr\u00e5dl\u00f6s<\/p>\n<\/div>\n\n\n\n<hr class=\"wp-block-separator aligncenter has-alpha-channel-opacity\"\/>\n\n\n\n<div class=\"wp-block-buttons is-content-justification-center is-layout-flex wp-container-core-buttons-is-layout-a89b3969 wp-block-buttons-is-layout-flex\">\n<div class=\"wp-block-button\"><a class=\"wp-block-button__link wp-element-button\" href=\"https:\/\/anewway.eu\/sv\/rf01\/\">Ta reda p\u00e5 mer<\/a><\/div>\n<\/div>\n<\/div>\n\n\n\n<div class=\"wp-block-column is-layout-flow wp-block-column-is-layout-flow\">\n<figure class=\"wp-block-image size-full is-style-rounded is-style-rounded--4\"><img loading=\"lazy\" decoding=\"async\" width=\"1500\" height=\"1500\" src=\"https:\/\/anewway.eu\/wp-content\/uploads\/2024\/10\/ON-KM01F-W-V1.png\" alt=\"\" class=\"wp-image-107\" style=\"aspect-ratio:1;object-fit:cover\" srcset=\"http:\/\/anewway.eu\/wp-content\/uploads\/2024\/10\/ON-KM01F-W-V1.png 1500w, http:\/\/anewway.eu\/wp-content\/uploads\/2024\/10\/ON-KM01F-W-V1-300x300.png 300w, http:\/\/anewway.eu\/wp-content\/uploads\/2024\/10\/ON-KM01F-W-V1-1024x1024.png 1024w, http:\/\/anewway.eu\/wp-content\/uploads\/2024\/10\/ON-KM01F-W-V1-150x150.png 150w, http:\/\/anewway.eu\/wp-content\/uploads\/2024\/10\/ON-KM01F-W-V1-768x768.png 768w\" sizes=\"auto, (max-width: 1500px) 100vw, 1500px\" \/><\/figure>\n\n\n\n<div class=\"wp-block-group is-vertical is-content-justification-center is-nowrap is-layout-flex wp-container-core-group-is-layout-63bfd6c1 wp-block-group-is-layout-flex\">\n<p class=\"has-text-align-center has-small-font-size\"><strong>RF01<\/strong><\/p>\n\n\n\n<p class=\"has-text-align-center has-small-font-size\">Tr\u00e5dl\u00f6s<\/p>\n<\/div>\n\n\n\n<hr class=\"wp-block-separator aligncenter has-alpha-channel-opacity\"\/>\n\n\n\n<div class=\"wp-block-buttons is-content-justification-center is-layout-flex wp-container-core-buttons-is-layout-a89b3969 wp-block-buttons-is-layout-flex\">\n<div class=\"wp-block-button\"><a class=\"wp-block-button__link wp-element-button\" href=\"https:\/\/anewway.eu\/sv\/rf01\/\">Ta reda p\u00e5 mer<\/a><\/div>\n<\/div>\n<\/div>\n\n\n\n<div class=\"wp-block-column is-layout-flow wp-block-column-is-layout-flow\">\n<figure class=\"wp-block-image size-full is-style-rounded is-style-rounded--5\"><img loading=\"lazy\" decoding=\"async\" width=\"1500\" height=\"1500\" src=\"https:\/\/anewway.eu\/wp-content\/uploads\/2024\/10\/ON-KM02F-B-V1.png\" alt=\"\" class=\"wp-image-108\" style=\"aspect-ratio:1;object-fit:cover\" srcset=\"http:\/\/anewway.eu\/wp-content\/uploads\/2024\/10\/ON-KM02F-B-V1.png 1500w, http:\/\/anewway.eu\/wp-content\/uploads\/2024\/10\/ON-KM02F-B-V1-300x300.png 300w, http:\/\/anewway.eu\/wp-content\/uploads\/2024\/10\/ON-KM02F-B-V1-1024x1024.png 1024w, http:\/\/anewway.eu\/wp-content\/uploads\/2024\/10\/ON-KM02F-B-V1-150x150.png 150w, http:\/\/anewway.eu\/wp-content\/uploads\/2024\/10\/ON-KM02F-B-V1-768x768.png 768w\" sizes=\"auto, (max-width: 1500px) 100vw, 1500px\" \/><\/figure>\n\n\n\n<div class=\"wp-block-group is-vertical is-content-justification-center is-nowrap is-layout-flex wp-container-core-group-is-layout-63bfd6c1 wp-block-group-is-layout-flex\">\n<p class=\"has-text-align-center has-small-font-size\"><strong>RF02<\/strong><\/p>\n\n\n\n<p class=\"has-text-align-center has-small-font-size\">Tr\u00e5dl\u00f6s<\/p>\n<\/div>\n\n\n\n<hr class=\"wp-block-separator aligncenter has-alpha-channel-opacity\"\/>\n\n\n\n<div class=\"wp-block-buttons is-content-justification-center is-layout-flex wp-container-core-buttons-is-layout-b5994976 wp-block-buttons-is-layout-flex\">\n<div class=\"wp-block-button\"><a class=\"wp-block-button__link wp-element-button\" href=\"https:\/\/anewway.eu\/sv\/rf02\/\">Ta reda p\u00e5 mer<\/a><\/div>\n<\/div>\n<\/div>\n\n\n\n<div class=\"wp-block-column is-layout-flow wp-block-column-is-layout-flow\">\n<figure class=\"wp-block-image size-full is-style-rounded is-style-rounded--6\"><img loading=\"lazy\" decoding=\"async\" width=\"1500\" height=\"1500\" src=\"https:\/\/anewway.eu\/wp-content\/uploads\/2024\/10\/ON-KM02F-W-V1.png\" alt=\"\" class=\"wp-image-109\" style=\"aspect-ratio:1;object-fit:cover\" srcset=\"http:\/\/anewway.eu\/wp-content\/uploads\/2024\/10\/ON-KM02F-W-V1.png 1500w, http:\/\/anewway.eu\/wp-content\/uploads\/2024\/10\/ON-KM02F-W-V1-300x300.png 300w, http:\/\/anewway.eu\/wp-content\/uploads\/2024\/10\/ON-KM02F-W-V1-1024x1024.png 1024w, http:\/\/anewway.eu\/wp-content\/uploads\/2024\/10\/ON-KM02F-W-V1-150x150.png 150w, http:\/\/anewway.eu\/wp-content\/uploads\/2024\/10\/ON-KM02F-W-V1-768x768.png 768w\" sizes=\"auto, (max-width: 1500px) 100vw, 1500px\" \/><\/figure>\n\n\n\n<div class=\"wp-block-group is-vertical is-content-justification-center is-nowrap is-layout-flex wp-container-core-group-is-layout-21d4e958 wp-block-group-is-layout-flex\">\n<p class=\"has-text-align-center has-small-font-size\"><strong>RF02<\/strong><\/p>\n\n\n\n<p class=\"has-text-align-center has-small-font-size\">Tr\u00e5dl\u00f6s<\/p>\n<\/div>\n\n\n\n<hr class=\"wp-block-separator aligncenter has-alpha-channel-opacity\"\/>\n\n\n\n<div class=\"wp-block-buttons is-content-justification-center is-layout-flex wp-container-core-buttons-is-layout-a89b3969 wp-block-buttons-is-layout-flex\">\n<div class=\"wp-block-button\"><a class=\"wp-block-button__link wp-element-button\" href=\"https:\/\/anewway.eu\/sv\/rf02\/\">Ta reda p\u00e5 mer<\/a><\/div>\n<\/div>\n<\/div>\n<\/div>\n<\/div>\n\n\n\n<p><\/p>","protected":false},"excerpt":{"rendered":"<p>Optimera din komfort och produktivitet med tangentbords- och muspaket: harmoniska ensembler som kombinerar precision, lyh\u00f6rdhet och ergonomisk design. NKMP252 Tr\u00e5dl\u00f6s NKMP252 Tr\u00e5dl\u00f6s RF01 Tr\u00e5dl\u00f6s RF01 Tr\u00e5dl\u00f6s RF02 Tr\u00e5dl\u00f6s RF02 Tr\u00e5dl\u00f6s<\/p>","protected":false},"author":1,"featured_media":0,"parent":0,"menu_order":0,"comment_status":"closed","ping_status":"closed","template":"","meta":{"_themeisle_gutenberg_block_has_review":false,"footnotes":""},"class_list":["post-11","page","type-page","status-publish","hentry"],"_links":{"self":[{"href":"http:\/\/anewway.eu\/sv\/wp-json\/wp\/v2\/pages\/11","targetHints":{"allow":["GET"]}}],"collection":[{"href":"http:\/\/anewway.eu\/sv\/wp-json\/wp\/v2\/pages"}],"about":[{"href":"http:\/\/anewway.eu\/sv\/wp-json\/wp\/v2\/types\/page"}],"author":[{"embeddable":true,"href":"http:\/\/anewway.eu\/sv\/wp-json\/wp\/v2\/users\/1"}],"replies":[{"embeddable":true,"href":"http:\/\/anewway.eu\/sv\/wp-json\/wp\/v2\/comments?post=11"}],"version-history":[{"count":13,"href":"http:\/\/anewway.eu\/sv\/wp-json\/wp\/v2\/pages\/11\/revisions"}],"predecessor-version":[{"id":431,"href":"http:\/\/anewway.eu\/sv\/wp-json\/wp\/v2\/pages\/11\/revisions\/431"}],"wp:attachment":[{"href":"http:\/\/anewway.eu\/sv\/wp-json\/wp\/v2\/media?parent=11"}],"curies":[{"name":"wp","href":"https:\/\/api.w.org\/{rel}","templated":true}]}}