{"id":9,"date":"2024-04-16T13:28:05","date_gmt":"2024-04-16T13:28:05","guid":{"rendered":"http:\/\/anewway.eu\/?page_id=9"},"modified":"2025-07-02T15:07:54","modified_gmt":"2025-07-02T15:07:54","slug":"souris","status":"publish","type":"page","link":"http:\/\/anewway.eu\/pl\/souris","title":{"rendered":"Nasze myszy"},"content":{"rendered":"<hr class=\"wp-block-separator has-alpha-channel-opacity\"\/>\n\n\n\n<div class=\"wp-block-group alignfull has-global-padding is-layout-constrained wp-container-core-group-is-layout-669513ed wp-block-group-is-layout-constrained\" style=\"margin-top:0;margin-bottom:0;padding-top:var(--wp--preset--spacing--50);padding-right:var(--wp--preset--spacing--50);padding-bottom:var(--wp--preset--spacing--50);padding-left:var(--wp--preset--spacing--50)\">\n<div class=\"wp-block-group is-vertical is-content-justification-center is-layout-flex wp-container-core-group-is-layout-ce155fab wp-block-group-is-layout-flex\">\n<p class=\"has-text-align-center\">Ciesz si\u0119 p\u0142ynn\u0105 i wygodn\u0105 prac\u0105 dzi\u0119ki myszom, kt\u00f3re \u0142\u0105cz\u0105 w sobie precyzj\u0119, szybko\u015b\u0107 reakcji i ergonomi\u0119, aby spe\u0142ni\u0107 wszystkie Twoje potrzeby.<\/p>\n<\/div>\n\n\n\n<div style=\"height:var(--wp--preset--spacing--30)\" aria-hidden=\"true\" class=\"wp-block-spacer\"><\/div>\n\n\n\n<div class=\"wp-block-columns alignwide are-vertically-aligned-top is-layout-flex wp-container-core-columns-is-layout-4935966c wp-block-columns-is-layout-flex\" style=\"padding-right:0;padding-left:0\">\n<div class=\"wp-block-column is-vertically-aligned-top is-layout-flow wp-block-column-is-layout-flow\">\n<figure class=\"wp-block-image aligncenter size-full is-resized is-style-rounded is-style-rounded--1\"><img loading=\"lazy\" decoding=\"async\" width=\"1080\" height=\"1080\" src=\"http:\/\/anewway.eu\/wp-content\/uploads\/2025\/07\/test.png\" alt=\"\" class=\"wp-image-310\" style=\"object-fit:cover;width:429px;height:auto\" srcset=\"http:\/\/anewway.eu\/wp-content\/uploads\/2025\/07\/test.png 1080w, http:\/\/anewway.eu\/wp-content\/uploads\/2025\/07\/test-300x300.png 300w, http:\/\/anewway.eu\/wp-content\/uploads\/2025\/07\/test-1024x1024.png 1024w, http:\/\/anewway.eu\/wp-content\/uploads\/2025\/07\/test-150x150.png 150w, http:\/\/anewway.eu\/wp-content\/uploads\/2025\/07\/test-768x768.png 768w, http:\/\/anewway.eu\/wp-content\/uploads\/2025\/07\/test-12x12.png 12w\" sizes=\"auto, (max-width: 1080px) 100vw, 1080px\" \/><\/figure>\n\n\n\n<div class=\"wp-block-group is-vertical is-content-justification-center is-nowrap is-layout-flex wp-container-core-group-is-layout-63bfd6c1 wp-block-group-is-layout-flex\">\n<p class=\"has-text-align-center has-small-font-size\"><strong>NM255<\/strong><\/p>\n\n\n\n<p class=\"has-text-align-center has-small-font-size\">Bezprzewodowy<\/p>\n<\/div>\n\n\n\n<hr class=\"wp-block-separator aligncenter has-alpha-channel-opacity\"\/>\n\n\n\n<div class=\"wp-block-buttons is-content-justification-center is-layout-flex wp-container-core-buttons-is-layout-a89b3969 wp-block-buttons-is-layout-flex\">\n<div class=\"wp-block-button\"><a class=\"wp-block-button__link wp-element-button\" href=\"https:\/\/anewway.eu\/pl\/nm255\/\">Dowiedz si\u0119 wi\u0119cej<\/a><\/div>\n<\/div>\n<\/div>\n\n\n\n<div class=\"wp-block-column is-vertically-aligned-top is-layout-flow wp-block-column-is-layout-flow\">\n<figure class=\"wp-block-image aligncenter size-full is-resized is-style-rounded is-style-rounded--2\"><img loading=\"lazy\" decoding=\"async\" width=\"1080\" height=\"1080\" src=\"http:\/\/anewway.eu\/wp-content\/uploads\/2025\/07\/test-1.png\" alt=\"\" class=\"wp-image-311\" style=\"object-fit:cover;width:431px;height:auto\" srcset=\"http:\/\/anewway.eu\/wp-content\/uploads\/2025\/07\/test-1.png 1080w, http:\/\/anewway.eu\/wp-content\/uploads\/2025\/07\/test-1-300x300.png 300w, http:\/\/anewway.eu\/wp-content\/uploads\/2025\/07\/test-1-1024x1024.png 1024w, http:\/\/anewway.eu\/wp-content\/uploads\/2025\/07\/test-1-150x150.png 150w, http:\/\/anewway.eu\/wp-content\/uploads\/2025\/07\/test-1-768x768.png 768w, http:\/\/anewway.eu\/wp-content\/uploads\/2025\/07\/test-1-12x12.png 12w\" sizes=\"auto, (max-width: 1080px) 100vw, 1080px\" \/><\/figure>\n\n\n\n<div class=\"wp-block-group is-vertical is-content-justification-center is-nowrap is-layout-flex wp-container-core-group-is-layout-21d4e958 wp-block-group-is-layout-flex\">\n<p class=\"has-text-align-center has-small-font-size\"><strong>NM255<\/strong><\/p>\n\n\n\n<p class=\"has-text-align-center has-small-font-size\">Bezprzewodowy<\/p>\n<\/div>\n\n\n\n<hr class=\"wp-block-separator aligncenter has-alpha-channel-opacity\"\/>\n\n\n\n<div class=\"wp-block-buttons is-content-justification-center is-layout-flex wp-container-core-buttons-is-layout-a89b3969 wp-block-buttons-is-layout-flex\">\n<div class=\"wp-block-button\"><a class=\"wp-block-button__link wp-element-button\" href=\"https:\/\/anewway.eu\/pl\/nm255\/\">Dowiedz si\u0119 wi\u0119cej<\/a><\/div>\n<\/div>\n<\/div>\n<\/div>\n\n\n\n<div style=\"height:var(--wp--preset--spacing--30)\" aria-hidden=\"true\" class=\"wp-block-spacer\"><\/div>\n\n\n\n<div class=\"wp-block-columns alignwide is-layout-flex wp-container-core-columns-is-layout-4935966c wp-block-columns-is-layout-flex\" style=\"padding-right:0;padding-left:0\">\n<div class=\"wp-block-column is-layout-flow wp-block-column-is-layout-flow\">\n<figure class=\"wp-block-image size-full is-style-rounded is-style-rounded--3\"><img loading=\"lazy\" decoding=\"async\" width=\"1500\" height=\"1500\" src=\"https:\/\/anewway.eu\/wp-content\/uploads\/2024\/10\/ON-MO-A9BK_1500_V1.png\" alt=\"\" class=\"wp-image-97\" style=\"aspect-ratio:1;object-fit:cover\" srcset=\"http:\/\/anewway.eu\/wp-content\/uploads\/2024\/10\/ON-MO-A9BK_1500_V1.png 1500w, http:\/\/anewway.eu\/wp-content\/uploads\/2024\/10\/ON-MO-A9BK_1500_V1-300x300.png 300w, http:\/\/anewway.eu\/wp-content\/uploads\/2024\/10\/ON-MO-A9BK_1500_V1-1024x1024.png 1024w, http:\/\/anewway.eu\/wp-content\/uploads\/2024\/10\/ON-MO-A9BK_1500_V1-150x150.png 150w, http:\/\/anewway.eu\/wp-content\/uploads\/2024\/10\/ON-MO-A9BK_1500_V1-768x768.png 768w\" sizes=\"auto, (max-width: 1500px) 100vw, 1500px\" \/><\/figure>\n\n\n\n<div class=\"wp-block-group is-vertical is-content-justification-center is-nowrap is-layout-flex wp-container-core-group-is-layout-63bfd6c1 wp-block-group-is-layout-flex\">\n<p class=\"has-text-align-center has-small-font-size\"><strong>A9<\/strong><\/p>\n\n\n\n<p class=\"has-text-align-center has-small-font-size\">Bezprzewodowy<\/p>\n<\/div>\n\n\n\n<hr class=\"wp-block-separator aligncenter has-alpha-channel-opacity\"\/>\n\n\n\n<div class=\"wp-block-buttons is-content-justification-center is-layout-flex wp-container-core-buttons-is-layout-a89b3969 wp-block-buttons-is-layout-flex\">\n<div class=\"wp-block-button\"><a class=\"wp-block-button__link wp-element-button\" href=\"https:\/\/anewway.eu\/pl\/a9\/\">Dowiedz si\u0119 wi\u0119cej<\/a><\/div>\n<\/div>\n<\/div>\n\n\n\n<div class=\"wp-block-column is-layout-flow wp-block-column-is-layout-flow\">\n<figure class=\"wp-block-image size-full is-style-rounded is-style-rounded--4\"><img loading=\"lazy\" decoding=\"async\" width=\"1500\" height=\"1500\" src=\"https:\/\/anewway.eu\/wp-content\/uploads\/2024\/10\/ON-MO-A9GR_1500_V1.png\" alt=\"\" class=\"wp-image-98\" style=\"aspect-ratio:1;object-fit:cover\" srcset=\"http:\/\/anewway.eu\/wp-content\/uploads\/2024\/10\/ON-MO-A9GR_1500_V1.png 1500w, http:\/\/anewway.eu\/wp-content\/uploads\/2024\/10\/ON-MO-A9GR_1500_V1-300x300.png 300w, http:\/\/anewway.eu\/wp-content\/uploads\/2024\/10\/ON-MO-A9GR_1500_V1-1024x1024.png 1024w, http:\/\/anewway.eu\/wp-content\/uploads\/2024\/10\/ON-MO-A9GR_1500_V1-150x150.png 150w, http:\/\/anewway.eu\/wp-content\/uploads\/2024\/10\/ON-MO-A9GR_1500_V1-768x768.png 768w\" sizes=\"auto, (max-width: 1500px) 100vw, 1500px\" \/><\/figure>\n\n\n\n<div class=\"wp-block-group is-vertical is-content-justification-center is-nowrap is-layout-flex wp-container-core-group-is-layout-21d4e958 wp-block-group-is-layout-flex\">\n<p class=\"has-text-align-center has-small-font-size\"><strong>A9<\/strong><\/p>\n\n\n\n<p class=\"has-text-align-center has-small-font-size\">Bezprzewodowy<\/p>\n<\/div>\n\n\n\n<hr class=\"wp-block-separator aligncenter has-alpha-channel-opacity\"\/>\n\n\n\n<div class=\"wp-block-buttons is-content-justification-center is-layout-flex wp-container-core-buttons-is-layout-a89b3969 wp-block-buttons-is-layout-flex\">\n<div class=\"wp-block-button\"><a class=\"wp-block-button__link wp-element-button\" href=\"https:\/\/anewway.eu\/pl\/a9\/\">Dowiedz si\u0119 wi\u0119cej<\/a><\/div>\n<\/div>\n<\/div>\n\n\n\n<div class=\"wp-block-column is-layout-flow wp-block-column-is-layout-flow\">\n<figure class=\"wp-block-image size-full is-style-rounded is-style-rounded--5\"><img loading=\"lazy\" decoding=\"async\" width=\"1500\" height=\"1500\" src=\"https:\/\/anewway.eu\/wp-content\/uploads\/2024\/10\/ON-MO-A9WT_1500_V1.png\" alt=\"\" class=\"wp-image-99\" style=\"aspect-ratio:1;object-fit:cover\" srcset=\"http:\/\/anewway.eu\/wp-content\/uploads\/2024\/10\/ON-MO-A9WT_1500_V1.png 1500w, http:\/\/anewway.eu\/wp-content\/uploads\/2024\/10\/ON-MO-A9WT_1500_V1-300x300.png 300w, http:\/\/anewway.eu\/wp-content\/uploads\/2024\/10\/ON-MO-A9WT_1500_V1-1024x1024.png 1024w, http:\/\/anewway.eu\/wp-content\/uploads\/2024\/10\/ON-MO-A9WT_1500_V1-150x150.png 150w, http:\/\/anewway.eu\/wp-content\/uploads\/2024\/10\/ON-MO-A9WT_1500_V1-768x768.png 768w\" sizes=\"auto, (max-width: 1500px) 100vw, 1500px\" \/><\/figure>\n\n\n\n<div class=\"wp-block-group is-vertical is-content-justification-center is-nowrap is-layout-flex wp-container-core-group-is-layout-63bfd6c1 wp-block-group-is-layout-flex\">\n<p class=\"has-text-align-center has-small-font-size\"><strong>A9<\/strong><\/p>\n\n\n\n<p class=\"has-text-align-center has-small-font-size\">Bezprzewodowy<\/p>\n<\/div>\n\n\n\n<hr class=\"wp-block-separator aligncenter has-alpha-channel-opacity\"\/>\n\n\n\n<div class=\"wp-block-buttons is-content-justification-center is-layout-flex wp-container-core-buttons-is-layout-a89b3969 wp-block-buttons-is-layout-flex\">\n<div class=\"wp-block-button\"><a class=\"wp-block-button__link wp-element-button\" href=\"https:\/\/anewway.eu\/pl\/a9\/\">Dowiedz si\u0119 wi\u0119cej<\/a><\/div>\n<\/div>\n<\/div>\n<\/div>\n\n\n\n<div style=\"height:var(--wp--preset--spacing--30)\" aria-hidden=\"true\" class=\"wp-block-spacer\"><\/div>\n\n\n\n<div class=\"wp-block-columns alignwide is-layout-flex wp-container-core-columns-is-layout-4935966c wp-block-columns-is-layout-flex\" style=\"padding-right:0;padding-left:0\">\n<div class=\"wp-block-column is-layout-flow wp-block-column-is-layout-flow\">\n<figure class=\"wp-block-image size-full is-style-rounded is-style-rounded--6\"><img loading=\"lazy\" decoding=\"async\" width=\"1500\" height=\"1500\" src=\"http:\/\/anewway.eu\/wp-content\/uploads\/2024\/04\/ON-MO-A8BK_V1.png\" alt=\"\" class=\"wp-image-50\" style=\"aspect-ratio:1;object-fit:cover\" srcset=\"http:\/\/anewway.eu\/wp-content\/uploads\/2024\/04\/ON-MO-A8BK_V1.png 1500w, http:\/\/anewway.eu\/wp-content\/uploads\/2024\/04\/ON-MO-A8BK_V1-300x300.png 300w, http:\/\/anewway.eu\/wp-content\/uploads\/2024\/04\/ON-MO-A8BK_V1-1024x1024.png 1024w, http:\/\/anewway.eu\/wp-content\/uploads\/2024\/04\/ON-MO-A8BK_V1-150x150.png 150w, http:\/\/anewway.eu\/wp-content\/uploads\/2024\/04\/ON-MO-A8BK_V1-768x768.png 768w, http:\/\/anewway.eu\/wp-content\/uploads\/2024\/04\/ON-MO-A8BK_V1-12x12.png 12w\" sizes=\"auto, (max-width: 1500px) 100vw, 1500px\" \/><\/figure>\n\n\n\n<div class=\"wp-block-group is-vertical is-content-justification-center is-nowrap is-layout-flex wp-container-core-group-is-layout-21d4e958 wp-block-group-is-layout-flex\">\n<p class=\"has-text-align-center has-small-font-size\"><strong>A8<\/strong><\/p>\n\n\n\n<p class=\"has-text-align-center has-small-font-size\">Bezprzewodowy<\/p>\n<\/div>\n\n\n\n<hr class=\"wp-block-separator aligncenter has-alpha-channel-opacity\"\/>\n\n\n\n<div class=\"wp-block-buttons is-content-justification-center is-layout-flex wp-container-core-buttons-is-layout-a89b3969 wp-block-buttons-is-layout-flex\">\n<div class=\"wp-block-button\"><a class=\"wp-block-button__link wp-element-button\" href=\"https:\/\/anewway.eu\/pl\/a8\/\">Dowiedz si\u0119 wi\u0119cej<\/a><\/div>\n<\/div>\n<\/div>\n\n\n\n<div class=\"wp-block-column is-layout-flow wp-block-column-is-layout-flow\">\n<figure class=\"wp-block-image size-full is-style-rounded is-style-rounded--7\"><img loading=\"lazy\" decoding=\"async\" width=\"1500\" height=\"1500\" src=\"http:\/\/anewway.eu\/wp-content\/uploads\/2024\/04\/ON-MO-A8WT_V1.png\" alt=\"\" class=\"wp-image-55\" style=\"aspect-ratio:1;object-fit:cover\" srcset=\"http:\/\/anewway.eu\/wp-content\/uploads\/2024\/04\/ON-MO-A8WT_V1.png 1500w, http:\/\/anewway.eu\/wp-content\/uploads\/2024\/04\/ON-MO-A8WT_V1-300x300.png 300w, http:\/\/anewway.eu\/wp-content\/uploads\/2024\/04\/ON-MO-A8WT_V1-1024x1024.png 1024w, http:\/\/anewway.eu\/wp-content\/uploads\/2024\/04\/ON-MO-A8WT_V1-150x150.png 150w, http:\/\/anewway.eu\/wp-content\/uploads\/2024\/04\/ON-MO-A8WT_V1-768x768.png 768w, http:\/\/anewway.eu\/wp-content\/uploads\/2024\/04\/ON-MO-A8WT_V1-12x12.png 12w\" sizes=\"auto, (max-width: 1500px) 100vw, 1500px\" \/><\/figure>\n\n\n\n<div class=\"wp-block-group is-vertical is-content-justification-center is-nowrap is-layout-flex wp-container-core-group-is-layout-63bfd6c1 wp-block-group-is-layout-flex\">\n<p class=\"has-text-align-center has-small-font-size\"><strong>A8<\/strong><\/p>\n\n\n\n<p class=\"has-text-align-center has-small-font-size\">Bezprzewodowy<\/p>\n<\/div>\n\n\n\n<hr class=\"wp-block-separator aligncenter has-alpha-channel-opacity\"\/>\n\n\n\n<div class=\"wp-block-buttons is-content-justification-center is-layout-flex wp-container-core-buttons-is-layout-a89b3969 wp-block-buttons-is-layout-flex\">\n<div class=\"wp-block-button\"><a class=\"wp-block-button__link wp-element-button\" href=\"https:\/\/anewway.eu\/pl\/a8\/\">Dowiedz si\u0119 wi\u0119cej<\/a><\/div>\n<\/div>\n<\/div>\n\n\n\n<div class=\"wp-block-column is-layout-flow wp-block-column-is-layout-flow\">\n<figure class=\"wp-block-image size-full is-style-rounded is-style-rounded--8\"><img loading=\"lazy\" decoding=\"async\" width=\"1500\" height=\"1500\" src=\"http:\/\/anewway.eu\/wp-content\/uploads\/2024\/04\/ON-MO-A7BK_V1.png\" alt=\"\" class=\"wp-image-49\" style=\"aspect-ratio:1;object-fit:cover\" srcset=\"http:\/\/anewway.eu\/wp-content\/uploads\/2024\/04\/ON-MO-A7BK_V1.png 1500w, http:\/\/anewway.eu\/wp-content\/uploads\/2024\/04\/ON-MO-A7BK_V1-300x300.png 300w, http:\/\/anewway.eu\/wp-content\/uploads\/2024\/04\/ON-MO-A7BK_V1-1024x1024.png 1024w, http:\/\/anewway.eu\/wp-content\/uploads\/2024\/04\/ON-MO-A7BK_V1-150x150.png 150w, http:\/\/anewway.eu\/wp-content\/uploads\/2024\/04\/ON-MO-A7BK_V1-768x768.png 768w, http:\/\/anewway.eu\/wp-content\/uploads\/2024\/04\/ON-MO-A7BK_V1-12x12.png 12w\" sizes=\"auto, (max-width: 1500px) 100vw, 1500px\" \/><\/figure>\n\n\n\n<div class=\"wp-block-group is-vertical is-content-justification-center is-nowrap is-layout-flex wp-container-core-group-is-layout-63bfd6c1 wp-block-group-is-layout-flex\">\n<p class=\"has-text-align-center has-small-font-size\"><strong>A7<\/strong><\/p>\n\n\n\n<p class=\"has-text-align-center has-small-font-size\">Wired<\/p>\n<\/div>\n\n\n\n<hr class=\"wp-block-separator aligncenter has-alpha-channel-opacity\"\/>\n\n\n\n<div class=\"wp-block-buttons is-content-justification-center is-layout-flex wp-container-core-buttons-is-layout-a89b3969 wp-block-buttons-is-layout-flex\">\n<div class=\"wp-block-button\"><a class=\"wp-block-button__link wp-element-button\" href=\"https:\/\/anewway.eu\/pl\/a7\/\">Dowiedz si\u0119 wi\u0119cej<\/a><\/div>\n<\/div>\n<\/div>\n\n\n\n<div class=\"wp-block-column is-layout-flow wp-block-column-is-layout-flow\">\n<figure class=\"wp-block-image size-full is-style-rounded is-style-rounded--9\"><img loading=\"lazy\" decoding=\"async\" width=\"1500\" height=\"1500\" src=\"http:\/\/anewway.eu\/wp-content\/uploads\/2024\/04\/ON-MO-A7WT_V1.png\" alt=\"\" class=\"wp-image-53\" style=\"aspect-ratio:1;object-fit:cover\" srcset=\"http:\/\/anewway.eu\/wp-content\/uploads\/2024\/04\/ON-MO-A7WT_V1.png 1500w, http:\/\/anewway.eu\/wp-content\/uploads\/2024\/04\/ON-MO-A7WT_V1-300x300.png 300w, http:\/\/anewway.eu\/wp-content\/uploads\/2024\/04\/ON-MO-A7WT_V1-1024x1024.png 1024w, http:\/\/anewway.eu\/wp-content\/uploads\/2024\/04\/ON-MO-A7WT_V1-150x150.png 150w, http:\/\/anewway.eu\/wp-content\/uploads\/2024\/04\/ON-MO-A7WT_V1-768x768.png 768w, http:\/\/anewway.eu\/wp-content\/uploads\/2024\/04\/ON-MO-A7WT_V1-12x12.png 12w\" sizes=\"auto, (max-width: 1500px) 100vw, 1500px\" \/><\/figure>\n\n\n\n<div class=\"wp-block-group is-vertical is-content-justification-center is-nowrap is-layout-flex wp-container-core-group-is-layout-21d4e958 wp-block-group-is-layout-flex\">\n<p class=\"has-text-align-center has-small-font-size\"><strong>A7<\/strong><\/p>\n\n\n\n<p class=\"has-text-align-center has-small-font-size\">Wired<\/p>\n<\/div>\n\n\n\n<hr class=\"wp-block-separator aligncenter has-alpha-channel-opacity\"\/>\n\n\n\n<div class=\"wp-block-buttons is-content-justification-center is-layout-flex wp-container-core-buttons-is-layout-a89b3969 wp-block-buttons-is-layout-flex\">\n<div class=\"wp-block-button\"><a class=\"wp-block-button__link wp-element-button\" href=\"https:\/\/anewway.eu\/pl\/a7\/\">Dowiedz si\u0119 wi\u0119cej<\/a><\/div>\n<\/div>\n<\/div>\n<\/div>\n\n\n\n<div style=\"height:var(--wp--preset--spacing--30)\" aria-hidden=\"true\" class=\"wp-block-spacer\"><\/div>\n\n\n\n<div class=\"wp-block-columns alignwide are-vertically-aligned-top is-layout-flex wp-container-core-columns-is-layout-4935966c wp-block-columns-is-layout-flex\" style=\"padding-right:0;padding-left:0\">\n<div class=\"wp-block-column is-vertically-aligned-top is-layout-flow wp-block-column-is-layout-flow\">\n<figure class=\"wp-block-image aligncenter size-full is-resized is-style-rounded is-style-rounded--10\"><img loading=\"lazy\" decoding=\"async\" width=\"1500\" height=\"1500\" src=\"https:\/\/anewway.eu\/wp-content\/uploads\/2024\/10\/ON-MO-A4-FACE.png\" alt=\"\" class=\"wp-image-96\" style=\"object-fit:cover;width:303px;height:auto\" srcset=\"http:\/\/anewway.eu\/wp-content\/uploads\/2024\/10\/ON-MO-A4-FACE.png 1500w, http:\/\/anewway.eu\/wp-content\/uploads\/2024\/10\/ON-MO-A4-FACE-300x300.png 300w, http:\/\/anewway.eu\/wp-content\/uploads\/2024\/10\/ON-MO-A4-FACE-1024x1024.png 1024w, http:\/\/anewway.eu\/wp-content\/uploads\/2024\/10\/ON-MO-A4-FACE-150x150.png 150w, http:\/\/anewway.eu\/wp-content\/uploads\/2024\/10\/ON-MO-A4-FACE-768x768.png 768w\" sizes=\"auto, (max-width: 1500px) 100vw, 1500px\" \/><\/figure>\n\n\n\n<div class=\"wp-block-group is-vertical is-content-justification-center is-nowrap is-layout-flex wp-container-core-group-is-layout-63bfd6c1 wp-block-group-is-layout-flex\">\n<p class=\"has-text-align-center has-small-font-size\"><strong>A4<\/strong><\/p>\n\n\n\n<p class=\"has-text-align-center has-small-font-size\">Bezprzewodowy<\/p>\n<\/div>\n\n\n\n<hr class=\"wp-block-separator aligncenter has-alpha-channel-opacity\"\/>\n\n\n\n<div class=\"wp-block-buttons is-content-justification-center is-layout-flex wp-container-core-buttons-is-layout-a89b3969 wp-block-buttons-is-layout-flex\">\n<div class=\"wp-block-button\"><a class=\"wp-block-button__link wp-element-button\" href=\"https:\/\/anewway.eu\/pl\/a4\/\">Dowiedz si\u0119 wi\u0119cej<\/a><\/div>\n<\/div>\n<\/div>\n\n\n\n<div class=\"wp-block-column is-vertically-aligned-top is-layout-flow wp-block-column-is-layout-flow\">\n<figure class=\"wp-block-image aligncenter size-full is-resized is-style-rounded is-style-rounded--11\"><img loading=\"lazy\" decoding=\"async\" width=\"1500\" height=\"1500\" src=\"https:\/\/anewway.eu\/wp-content\/uploads\/2024\/10\/ON-MO-A3-FACE.png\" alt=\"\" class=\"wp-image-95\" style=\"object-fit:cover;width:299px;height:auto\" srcset=\"http:\/\/anewway.eu\/wp-content\/uploads\/2024\/10\/ON-MO-A3-FACE.png 1500w, http:\/\/anewway.eu\/wp-content\/uploads\/2024\/10\/ON-MO-A3-FACE-300x300.png 300w, http:\/\/anewway.eu\/wp-content\/uploads\/2024\/10\/ON-MO-A3-FACE-1024x1024.png 1024w, http:\/\/anewway.eu\/wp-content\/uploads\/2024\/10\/ON-MO-A3-FACE-150x150.png 150w, http:\/\/anewway.eu\/wp-content\/uploads\/2024\/10\/ON-MO-A3-FACE-768x768.png 768w\" sizes=\"auto, (max-width: 1500px) 100vw, 1500px\" \/><\/figure>\n\n\n\n<div class=\"wp-block-group is-vertical is-content-justification-center is-nowrap is-layout-flex wp-container-core-group-is-layout-21d4e958 wp-block-group-is-layout-flex\">\n<p class=\"has-text-align-center has-small-font-size\"><strong>A3<\/strong><\/p>\n\n\n\n<p class=\"has-text-align-center has-small-font-size\">Wired<\/p>\n<\/div>\n\n\n\n<hr class=\"wp-block-separator aligncenter has-alpha-channel-opacity\"\/>\n\n\n\n<div class=\"wp-block-buttons is-content-justification-center is-layout-flex wp-container-core-buttons-is-layout-a89b3969 wp-block-buttons-is-layout-flex\">\n<div class=\"wp-block-button\"><a class=\"wp-block-button__link wp-element-button\" href=\"https:\/\/anewway.eu\/pl\/a3\/\">Dowiedz si\u0119 wi\u0119cej<\/a><\/div>\n<\/div>\n<\/div>\n<\/div>\n<\/div>","protected":false},"excerpt":{"rendered":"<p>Profitez d&rsquo;une exp\u00e9rience fluide et confortable gr\u00e2ce \u00e0 des souris alliant pr\u00e9cision, r\u00e9activit\u00e9 et ergonomie, adapt\u00e9es \u00e0 tous vos besoins. NM255 Sans fil NM255 Sans Fil A9 Sans fil A9 Sans fil A9 Sans fil A8 Sans fil A8 Sans fil A7 Filaire A7 Filaire A4 Sans fil A3 Filaire<\/p>","protected":false},"author":1,"featured_media":0,"parent":0,"menu_order":0,"comment_status":"closed","ping_status":"closed","template":"","meta":{"_themeisle_gutenberg_block_has_review":false,"footnotes":""},"class_list":["post-9","page","type-page","status-publish","hentry"],"_links":{"self":[{"href":"http:\/\/anewway.eu\/pl\/wp-json\/wp\/v2\/pages\/9","targetHints":{"allow":["GET"]}}],"collection":[{"href":"http:\/\/anewway.eu\/pl\/wp-json\/wp\/v2\/pages"}],"about":[{"href":"http:\/\/anewway.eu\/pl\/wp-json\/wp\/v2\/types\/page"}],"author":[{"embeddable":true,"href":"http:\/\/anewway.eu\/pl\/wp-json\/wp\/v2\/users\/1"}],"replies":[{"embeddable":true,"href":"http:\/\/anewway.eu\/pl\/wp-json\/wp\/v2\/comments?post=9"}],"version-history":[{"count":27,"href":"http:\/\/anewway.eu\/pl\/wp-json\/wp\/v2\/pages\/9\/revisions"}],"predecessor-version":[{"id":312,"href":"http:\/\/anewway.eu\/pl\/wp-json\/wp\/v2\/pages\/9\/revisions\/312"}],"wp:attachment":[{"href":"http:\/\/anewway.eu\/pl\/wp-json\/wp\/v2\/media?parent=9"}],"curies":[{"name":"wp","href":"https:\/\/api.w.org\/{rel}","templated":true}]}}