{"id":112,"date":"2024-10-09T14:52:21","date_gmt":"2024-10-09T14:52:21","guid":{"rendered":"https:\/\/anewway.eu\/?page_id=112"},"modified":"2025-03-31T09:50:27","modified_gmt":"2025-03-31T09:50:27","slug":"boitiers","status":"publish","type":"page","link":"http:\/\/anewway.eu\/nl\/boitiers","title":{"rendered":"Onze dozen"},"content":{"rendered":"<hr class=\"wp-block-separator has-alpha-channel-opacity\"\/>\n\n\n\n<div class=\"wp-block-group alignfull has-global-padding is-layout-constrained wp-container-core-group-is-layout-669513ed wp-block-group-is-layout-constrained\" style=\"margin-top:0;margin-bottom:0;padding-top:var(--wp--preset--spacing--50);padding-right:var(--wp--preset--spacing--50);padding-bottom:var(--wp--preset--spacing--50);padding-left:var(--wp--preset--spacing--50)\">\n<div class=\"wp-block-group is-vertical is-content-justification-center is-layout-flex wp-container-core-group-is-layout-ce155fab wp-block-group-is-layout-flex\">\n<p class=\"has-text-align-center\">Kies PC-behuizingen die een modern ontwerp, functionaliteit en maximale compatibiliteit combineren, voor een krachtige, elegante configuratie.<\/p>\n<\/div>\n\n\n\n<div style=\"height:var(--wp--preset--spacing--30)\" aria-hidden=\"true\" class=\"wp-block-spacer\"><\/div>\n\n\n\n<div class=\"wp-block-columns alignwide is-layout-flex wp-container-core-columns-is-layout-4935966c wp-block-columns-is-layout-flex\" style=\"padding-right:0;padding-left:0\">\n<div class=\"wp-block-column is-vertically-aligned-center is-layout-flow wp-block-column-is-layout-flow\">\n<figure class=\"wp-block-image aligncenter size-full is-resized is-style-rounded is-style-rounded--1\"><img loading=\"lazy\" decoding=\"async\" width=\"1500\" height=\"1500\" src=\"https:\/\/anewway.eu\/wp-content\/uploads\/2025\/01\/ON-CA-2403BK_1500_V1.png\" alt=\"\" class=\"wp-image-241\" style=\"object-fit:cover;width:171px;height:auto\" srcset=\"http:\/\/anewway.eu\/wp-content\/uploads\/2025\/01\/ON-CA-2403BK_1500_V1.png 1500w, http:\/\/anewway.eu\/wp-content\/uploads\/2025\/01\/ON-CA-2403BK_1500_V1-300x300.png 300w, http:\/\/anewway.eu\/wp-content\/uploads\/2025\/01\/ON-CA-2403BK_1500_V1-1024x1024.png 1024w, http:\/\/anewway.eu\/wp-content\/uploads\/2025\/01\/ON-CA-2403BK_1500_V1-150x150.png 150w, http:\/\/anewway.eu\/wp-content\/uploads\/2025\/01\/ON-CA-2403BK_1500_V1-768x768.png 768w, http:\/\/anewway.eu\/wp-content\/uploads\/2025\/01\/ON-CA-2403BK_1500_V1-12x12.png 12w\" sizes=\"auto, (max-width: 1500px) 100vw, 1500px\" \/><\/figure>\n\n\n\n<div class=\"wp-block-group has-global-padding is-layout-constrained wp-container-core-group-is-layout-52a2d64f wp-block-group-is-layout-constrained\">\n<p class=\"has-text-align-center has-small-font-size\"><strong>NW1<\/strong><\/p>\n\n\n\n<p class=\"has-text-align-center has-small-font-size\">Middelgrote toren - ATX, Micro-ATX en ITX<\/p>\n<\/div>\n\n\n\n<hr class=\"wp-block-separator aligncenter has-alpha-channel-opacity\"\/>\n\n\n\n<div class=\"wp-block-buttons is-content-justification-center is-layout-flex wp-container-core-buttons-is-layout-a89b3969 wp-block-buttons-is-layout-flex\">\n<div class=\"wp-block-button\"><a class=\"wp-block-button__link wp-element-button\" href=\"https:\/\/anewway.eu\/nl\/nw1\/\">Lees meer<\/a><\/div>\n<\/div>\n<\/div>\n\n\n\n<div class=\"wp-block-column is-vertically-aligned-center is-layout-flow wp-block-column-is-layout-flow\">\n<figure class=\"wp-block-image aligncenter size-full is-resized is-style-rounded is-style-rounded--2\"><img loading=\"lazy\" decoding=\"async\" width=\"1500\" height=\"1500\" src=\"https:\/\/anewway.eu\/wp-content\/uploads\/2025\/01\/ON-CA-2403WT_1500_V1.png\" alt=\"\" class=\"wp-image-242\" style=\"object-fit:cover;width:177px;height:auto\" srcset=\"http:\/\/anewway.eu\/wp-content\/uploads\/2025\/01\/ON-CA-2403WT_1500_V1.png 1500w, http:\/\/anewway.eu\/wp-content\/uploads\/2025\/01\/ON-CA-2403WT_1500_V1-300x300.png 300w, http:\/\/anewway.eu\/wp-content\/uploads\/2025\/01\/ON-CA-2403WT_1500_V1-1024x1024.png 1024w, http:\/\/anewway.eu\/wp-content\/uploads\/2025\/01\/ON-CA-2403WT_1500_V1-150x150.png 150w, http:\/\/anewway.eu\/wp-content\/uploads\/2025\/01\/ON-CA-2403WT_1500_V1-768x768.png 768w, http:\/\/anewway.eu\/wp-content\/uploads\/2025\/01\/ON-CA-2403WT_1500_V1-12x12.png 12w\" sizes=\"auto, (max-width: 1500px) 100vw, 1500px\" \/><\/figure>\n\n\n\n<div class=\"wp-block-group has-global-padding is-layout-constrained wp-container-core-group-is-layout-52a2d64f wp-block-group-is-layout-constrained\">\n<p class=\"has-text-align-center has-small-font-size\"><strong>NW1<\/strong><\/p>\n\n\n\n<p class=\"has-text-align-center has-small-font-size\">Middelgrote toren - ATX, Micro-ATX en ITX<\/p>\n<\/div>\n\n\n\n<hr class=\"wp-block-separator aligncenter has-alpha-channel-opacity\"\/>\n\n\n\n<div class=\"wp-block-buttons is-content-justification-center is-layout-flex wp-container-core-buttons-is-layout-a89b3969 wp-block-buttons-is-layout-flex\">\n<div class=\"wp-block-button\"><a class=\"wp-block-button__link wp-element-button\" href=\"https:\/\/anewway.eu\/nl\/nw1\/\">Lees meer<\/a><\/div>\n<\/div>\n<\/div>\n\n\n\n<div class=\"wp-block-column is-layout-flow wp-block-column-is-layout-flow\">\n<figure class=\"wp-block-image aligncenter size-full is-resized is-style-rounded is-style-rounded--3\"><img loading=\"lazy\" decoding=\"async\" width=\"1500\" height=\"1500\" src=\"https:\/\/anewway.eu\/wp-content\/uploads\/2025\/01\/ON-CA-2405BK_1500_V1.png\" alt=\"\" class=\"wp-image-243\" style=\"object-fit:cover;width:186px;height:auto\" srcset=\"http:\/\/anewway.eu\/wp-content\/uploads\/2025\/01\/ON-CA-2405BK_1500_V1.png 1500w, http:\/\/anewway.eu\/wp-content\/uploads\/2025\/01\/ON-CA-2405BK_1500_V1-300x300.png 300w, http:\/\/anewway.eu\/wp-content\/uploads\/2025\/01\/ON-CA-2405BK_1500_V1-1024x1024.png 1024w, http:\/\/anewway.eu\/wp-content\/uploads\/2025\/01\/ON-CA-2405BK_1500_V1-150x150.png 150w, http:\/\/anewway.eu\/wp-content\/uploads\/2025\/01\/ON-CA-2405BK_1500_V1-768x768.png 768w, http:\/\/anewway.eu\/wp-content\/uploads\/2025\/01\/ON-CA-2405BK_1500_V1-12x12.png 12w\" sizes=\"auto, (max-width: 1500px) 100vw, 1500px\" \/><\/figure>\n\n\n\n<div class=\"wp-block-group is-vertical is-content-justification-center is-nowrap is-layout-flex wp-container-core-group-is-layout-63bfd6c1 wp-block-group-is-layout-flex\">\n<p class=\"has-text-align-center has-small-font-size\"><strong>NC1<\/strong><\/p>\n\n\n\n<p class=\"has-text-align-center has-small-font-size\">Mini Tour - Micro-ATX en ITX<\/p>\n<\/div>\n\n\n\n<hr class=\"wp-block-separator aligncenter has-alpha-channel-opacity\"\/>\n\n\n\n<div class=\"wp-block-buttons is-content-justification-center is-layout-flex wp-container-core-buttons-is-layout-a89b3969 wp-block-buttons-is-layout-flex\">\n<div class=\"wp-block-button\"><a class=\"wp-block-button__link wp-element-button\" href=\"https:\/\/anewway.eu\/nl\/nc1\/\">Lees meer<\/a><\/div>\n<\/div>\n<\/div>\n\n\n\n<div class=\"wp-block-column is-layout-flow wp-block-column-is-layout-flow\">\n<figure class=\"wp-block-image aligncenter size-full is-resized is-style-rounded is-style-rounded--4\"><img loading=\"lazy\" decoding=\"async\" width=\"1500\" height=\"1500\" src=\"https:\/\/anewway.eu\/wp-content\/uploads\/2025\/01\/ON-CA-2405WT_1500_V1B.png\" alt=\"\" class=\"wp-image-245\" style=\"object-fit:cover;width:186px;height:auto\" srcset=\"http:\/\/anewway.eu\/wp-content\/uploads\/2025\/01\/ON-CA-2405WT_1500_V1B.png 1500w, http:\/\/anewway.eu\/wp-content\/uploads\/2025\/01\/ON-CA-2405WT_1500_V1B-300x300.png 300w, http:\/\/anewway.eu\/wp-content\/uploads\/2025\/01\/ON-CA-2405WT_1500_V1B-1024x1024.png 1024w, http:\/\/anewway.eu\/wp-content\/uploads\/2025\/01\/ON-CA-2405WT_1500_V1B-150x150.png 150w, http:\/\/anewway.eu\/wp-content\/uploads\/2025\/01\/ON-CA-2405WT_1500_V1B-768x768.png 768w, http:\/\/anewway.eu\/wp-content\/uploads\/2025\/01\/ON-CA-2405WT_1500_V1B-12x12.png 12w\" sizes=\"auto, (max-width: 1500px) 100vw, 1500px\" \/><\/figure>\n\n\n\n<div class=\"wp-block-group is-vertical is-content-justification-center is-nowrap is-layout-flex wp-container-core-group-is-layout-63bfd6c1 wp-block-group-is-layout-flex\">\n<p class=\"has-text-align-center has-small-font-size\"><strong>NC1<\/strong><\/p>\n\n\n\n<p class=\"has-text-align-center has-small-font-size\">Mini Tour - Micro-ATX en ITX<\/p>\n<\/div>\n\n\n\n<hr class=\"wp-block-separator aligncenter has-alpha-channel-opacity\"\/>\n\n\n\n<div class=\"wp-block-buttons is-content-justification-center is-layout-flex wp-container-core-buttons-is-layout-a89b3969 wp-block-buttons-is-layout-flex\">\n<div class=\"wp-block-button\"><a class=\"wp-block-button__link wp-element-button\" href=\"https:\/\/anewway.eu\/nl\/nc1\/\">Lees meer<\/a><\/div>\n<\/div>\n<\/div>\n<\/div>\n<\/div>\n\n\n\n<p><\/p>","protected":false},"excerpt":{"rendered":"<p>Optez pour des bo\u00eetiers PC alliant design moderne, fonctionnalit\u00e9 et compatibilit\u00e9 maximale, pour une configuration performante et \u00e9l\u00e9gante. NW1 Moyen Tour &#8211; ATX, Micro-ATX et ITX NW1 Moyen Tour &#8211; ATX, Micro-ATX et ITX NC1 Mini Tour &#8211; Micro-ATX et ITX NC1 Mini Tour &#8211; Micro-ATX et ITX<\/p>","protected":false},"author":1,"featured_media":0,"parent":0,"menu_order":0,"comment_status":"closed","ping_status":"closed","template":"","meta":{"_themeisle_gutenberg_block_has_review":false,"footnotes":""},"class_list":["post-112","page","type-page","status-publish","hentry"],"_links":{"self":[{"href":"http:\/\/anewway.eu\/nl\/wp-json\/wp\/v2\/pages\/112","targetHints":{"allow":["GET"]}}],"collection":[{"href":"http:\/\/anewway.eu\/nl\/wp-json\/wp\/v2\/pages"}],"about":[{"href":"http:\/\/anewway.eu\/nl\/wp-json\/wp\/v2\/types\/page"}],"author":[{"embeddable":true,"href":"http:\/\/anewway.eu\/nl\/wp-json\/wp\/v2\/users\/1"}],"replies":[{"embeddable":true,"href":"http:\/\/anewway.eu\/nl\/wp-json\/wp\/v2\/comments?post=112"}],"version-history":[{"count":14,"href":"http:\/\/anewway.eu\/nl\/wp-json\/wp\/v2\/pages\/112\/revisions"}],"predecessor-version":[{"id":299,"href":"http:\/\/anewway.eu\/nl\/wp-json\/wp\/v2\/pages\/112\/revisions\/299"}],"wp:attachment":[{"href":"http:\/\/anewway.eu\/nl\/wp-json\/wp\/v2\/media?parent=112"}],"curies":[{"name":"wp","href":"https:\/\/api.w.org\/{rel}","templated":true}]}}